{"id":3145,"date":"2024-07-03T16:42:27","date_gmt":"2024-07-03T14:42:27","guid":{"rendered":"https:\/\/www.verdieditions.com\/bretagne-photos\/?post_type=product&#038;p=3145"},"modified":"2024-07-29T11:44:53","modified_gmt":"2024-07-29T09:44:53","slug":"quai-port-peche-lorient-glaciere","status":"publish","type":"product","link":"https:\/\/www.verdieditions.com\/bretagne-photos\/produit\/quai-port-peche-lorient-glaciere\/","title":{"rendered":"Navires \u00e0 quai au port de p\u00eache et la Glaci\u00e8re, Lorient"},"content":{"rendered":"<p>Navires \u00e0 quai au port de p\u00eache de Lorient-Keroman et la Glaci\u00e8re<br \/>\nChargement de la glace \u00e0 bord<br \/>\nAnn\u00e9e : 1967<br \/>\nLieu : Lorient (56)<br \/>\nCr\u00e9dits : Sylvie Verdi, Collection Priv\u00e9e<br \/>\nFormat : TIFF<br \/>\nQualit\u00e9 : 300 dpi<br \/>\nTaille : 1257 px x 861 px <\/p>\n<p>Sur la photo : \u00ab Le matelot \u00bb et le \u00ab Loch \u00bb.<\/p>\n<h3>La glaci\u00e8re<\/h3>\n<p>(&#8230;) Voyant tout le parti qu&rsquo;on pouvait en tirer, les principes de la cha\u00eene de froid sont int\u00e9gr\u00e9s au projet de Verri\u00e8re. Les deux frigorifiques pr\u00e9vus sont ainsi mis en construction simultan\u00e9ment en 1918. L&rsquo;un \u00e0 St Pierre et Miquelon et le plus important des deux, \u00e0 Lorient. Ce b\u00e2timents de 5 niveaux r\u00e9pond \u00e0 une double vocation : conservation du poisson et production de pain de glace et de neige artificielle. La capacit\u00e9 de stockage en chambre froide est de 2 000 tonnes pour la p\u00eache et de 1 500 tonnes pour la glace. Confi\u00e9e \u00e0 la Compagnie du Froid-Sec, sa r\u00e9alisation se r\u00e9v\u00e8le des plus spectaculaires. Il aura fallu pr\u00e8s d&rsquo;un millier de tonnes de b\u00e9ton pour sa construction. Semblant jet\u00e9e sur la mer, les arches de sa fondation reposent sur un rocher \u00e0 fleur d&rsquo;eau. La structure principale est en b\u00e9ton arm\u00e9 mais les murs sont constitu\u00e9s d&rsquo;une ma\u00e7onnerie de pierre des plus imposantes. Bien qu&rsquo;il s&rsquo;agisse d&rsquo;un b\u00e2timent purement fonctionnel, la ligne architecturale est soign\u00e9e  La composition des fa\u00e7ades est empreinte d&rsquo;un style art-d\u00e9co. Un cr\u00e9nelage souligne alors la ligne de toiture de tuile rouge.  Celle-ci sera remplac\u00e9e apr\u00e8s guerre, durant la reconstruction. Le b\u00e2timent sera inaugur\u00e9 le 29 ao\u00fbt 1920 dans le cadre de \u00ab la semaine du poisson \u00bb mais son entr\u00e9e en service s&rsquo;effectue en f\u00e9vrier 1922.<\/p>\n<p><a href=\"https:\/\/patrimoine.lorient.bzh\/fileadmin\/patrimoine.lorient.bzh\/kiosque\/Slipway_Glaciere_Art___Histoire.pdf \">Source<\/a> <\/p>\n","protected":false},"excerpt":{"rendered":"<p>Navires \u00e0 quai au port de p\u00eache de Lorient-Keroman et la Glaci\u00e8re<br \/>\nChargement de la glace \u00e0 bord<br \/>\nAnn\u00e9e : 1967<br \/>\nLieu : Lorient (56)<br \/>\nCr\u00e9dits : Sylvie Verdi, Collection Priv\u00e9e<br \/>\nFormat : TIFF<br \/>\nQualit\u00e9 : 300 dpi<br \/>\nTaille : 1257 px x 861 px <\/p>\n","protected":false},"featured_media":3143,"template":"","meta":{"_kadence_starter_templates_imported_post":true,"_kad_post_transparent":"default","_kad_post_title":"","_kad_post_layout":"default","_kad_post_sidebar_id":"","_kad_post_content_style":"default","_kad_post_vertical_padding":"default","_kad_post_feature":"","_kad_post_feature_position":"","_kad_post_header":false,"_kad_post_footer":false,"_kad_post_classname":""},"product_brand":[],"product_cat":[119],"product_tag":[76,43,97,85,120,42],"class_list":{"0":"post-3145","1":"product","2":"type-product","3":"status-publish","4":"has-post-thumbnail","6":"product_cat-architecture-batiment","7":"product_tag-annees-1960","8":"product_tag-bateau-de-peche","9":"product_tag-lorient","10":"product_tag-morbihan","11":"product_tag-peche","12":"product_tag-port","14":"first","15":"instock","16":"downloadable","17":"virtual","18":"sold-individually","19":"purchasable","20":"product-type-simple","21":"entry","22":"content-bg","23":"loop-entry"},"yoast_head":"<!-- This site is optimized with the Yoast SEO plugin v27.4 - https:\/\/yoast.com\/product\/yoast-seo-wordpress\/ -->\n<title>Navires \u00e0 quai au port de p\u00eache et la Glaci\u00e8re, Lorient - Bretagne Photos<\/title>\n<meta name=\"description\" content=\"Navires \u00e0 quai au port de p\u00eache Lorient-Keroman et la Glaci\u00e8re 1967 (56) Cr\u00e9dits : Sylvie Verdi, Collection Priv\u00e9e Format : TIFF 300 dpi 1257 px x 861 px\" \/>\n<meta name=\"robots\" content=\"index, follow, max-snippet:-1, max-image-preview:large, max-video-preview:-1\" \/>\n<link rel=\"canonical\" href=\"https:\/\/www.verdieditions.com\/bretagne-photos\/produit\/quai-port-peche-lorient-glaciere\/\" \/>\n<meta property=\"og:locale\" content=\"fr_FR\" \/>\n<meta property=\"og:type\" content=\"article\" \/>\n<meta property=\"og:title\" content=\"Navires \u00e0 quai au port de p\u00eache et la Glaci\u00e8re, Lorient - Bretagne Photos\" \/>\n<meta property=\"og:description\" content=\"Navires \u00e0 quai au port de p\u00eache Lorient-Keroman et la Glaci\u00e8re 1967 (56) Cr\u00e9dits : Sylvie Verdi, Collection Priv\u00e9e Format : TIFF 300 dpi 1257 px x 861 px\" \/>\n<meta property=\"og:url\" content=\"https:\/\/www.verdieditions.com\/bretagne-photos\/produit\/quai-port-peche-lorient-glaciere\/\" \/>\n<meta property=\"og:site_name\" content=\"Bretagne Photos\" \/>\n<meta property=\"article:modified_time\" content=\"2024-07-29T09:44:53+00:00\" \/>\n<meta property=\"og:image\" content=\"https:\/\/www.verdieditions.com\/bretagne-photos\/wp-content\/uploads\/2024\/07\/00851-SV-LORw.jpg?v=1720017708\" \/>\n\t<meta property=\"og:image:width\" content=\"800\" \/>\n\t<meta property=\"og:image:height\" content=\"548\" \/>\n\t<meta property=\"og:image:type\" content=\"image\/jpeg\" \/>\n<meta name=\"twitter:card\" content=\"summary_large_image\" \/>\n<meta name=\"twitter:label1\" content=\"Dur\u00e9e de lecture estim\u00e9e\" \/>\n\t<meta name=\"twitter:data1\" content=\"2 minutes\" \/>\n<script type=\"application\/ld+json\" class=\"yoast-schema-graph\">{\"@context\":\"https:\\\/\\\/schema.org\",\"@graph\":[{\"@type\":\"WebPage\",\"@id\":\"https:\\\/\\\/www.verdieditions.com\\\/bretagne-photos\\\/produit\\\/quai-port-peche-lorient-glaciere\\\/\",\"url\":\"https:\\\/\\\/www.verdieditions.com\\\/bretagne-photos\\\/produit\\\/quai-port-peche-lorient-glaciere\\\/\",\"name\":\"Navires \u00e0 quai au port de p\u00eache et la Glaci\u00e8re, Lorient - Bretagne Photos\",\"isPartOf\":{\"@id\":\"https:\\\/\\\/www.verdieditions.com\\\/bretagne-photos\\\/#website\"},\"primaryImageOfPage\":{\"@id\":\"https:\\\/\\\/www.verdieditions.com\\\/bretagne-photos\\\/produit\\\/quai-port-peche-lorient-glaciere\\\/#primaryimage\"},\"image\":{\"@id\":\"https:\\\/\\\/www.verdieditions.com\\\/bretagne-photos\\\/produit\\\/quai-port-peche-lorient-glaciere\\\/#primaryimage\"},\"thumbnailUrl\":\"https:\\\/\\\/www.verdieditions.com\\\/bretagne-photos\\\/wp-content\\\/uploads\\\/2024\\\/07\\\/00851-SV-LORw.jpg?v=1720017708\",\"datePublished\":\"2024-07-03T14:42:27+00:00\",\"dateModified\":\"2024-07-29T09:44:53+00:00\",\"description\":\"Navires \u00e0 quai au port de p\u00eache Lorient-Keroman et la Glaci\u00e8re 1967 (56) Cr\u00e9dits : Sylvie Verdi, Collection Priv\u00e9e Format : TIFF 300 dpi 1257 px x 861 px\",\"breadcrumb\":{\"@id\":\"https:\\\/\\\/www.verdieditions.com\\\/bretagne-photos\\\/produit\\\/quai-port-peche-lorient-glaciere\\\/#breadcrumb\"},\"inLanguage\":\"fr-FR\",\"potentialAction\":[{\"@type\":\"ReadAction\",\"target\":[\"https:\\\/\\\/www.verdieditions.com\\\/bretagne-photos\\\/produit\\\/quai-port-peche-lorient-glaciere\\\/\"]}]},{\"@type\":\"ImageObject\",\"inLanguage\":\"fr-FR\",\"@id\":\"https:\\\/\\\/www.verdieditions.com\\\/bretagne-photos\\\/produit\\\/quai-port-peche-lorient-glaciere\\\/#primaryimage\",\"url\":\"https:\\\/\\\/www.verdieditions.com\\\/bretagne-photos\\\/wp-content\\\/uploads\\\/2024\\\/07\\\/00851-SV-LORw.jpg?v=1720017708\",\"contentUrl\":\"https:\\\/\\\/www.verdieditions.com\\\/bretagne-photos\\\/wp-content\\\/uploads\\\/2024\\\/07\\\/00851-SV-LORw.jpg?v=1720017708\",\"width\":800,\"height\":548,\"caption\":\"Navires quai port de p\u00eache Glaci\u00e8re Lorient\"},{\"@type\":\"BreadcrumbList\",\"@id\":\"https:\\\/\\\/www.verdieditions.com\\\/bretagne-photos\\\/produit\\\/quai-port-peche-lorient-glaciere\\\/#breadcrumb\",\"itemListElement\":[{\"@type\":\"ListItem\",\"position\":1,\"name\":\"Accueil\",\"item\":\"https:\\\/\\\/www.verdieditions.com\\\/bretagne-photos\\\/\"},{\"@type\":\"ListItem\",\"position\":2,\"name\":\"Boutique Photos\",\"item\":\"https:\\\/\\\/www.verdieditions.com\\\/bretagne-photos\\\/shop\\\/\"},{\"@type\":\"ListItem\",\"position\":3,\"name\":\"Navires \u00e0 quai au port de p\u00eache et la Glaci\u00e8re, Lorient\"}]},{\"@type\":\"WebSite\",\"@id\":\"https:\\\/\\\/www.verdieditions.com\\\/bretagne-photos\\\/#website\",\"url\":\"https:\\\/\\\/www.verdieditions.com\\\/bretagne-photos\\\/\",\"name\":\"Bretagne Photos\",\"description\":\"Boutique Photos Histoire et Patrimoine de la Bretagne hier et aujourd\u2019hui\",\"publisher\":{\"@id\":\"https:\\\/\\\/www.verdieditions.com\\\/bretagne-photos\\\/#\\\/schema\\\/person\\\/fc0081c9a1f479261147ba0b3d529c2c\"},\"potentialAction\":[{\"@type\":\"SearchAction\",\"target\":{\"@type\":\"EntryPoint\",\"urlTemplate\":\"https:\\\/\\\/www.verdieditions.com\\\/bretagne-photos\\\/?s={search_term_string}\"},\"query-input\":{\"@type\":\"PropertyValueSpecification\",\"valueRequired\":true,\"valueName\":\"search_term_string\"}}],\"inLanguage\":\"fr-FR\"},{\"@type\":[\"Person\",\"Organization\"],\"@id\":\"https:\\\/\\\/www.verdieditions.com\\\/bretagne-photos\\\/#\\\/schema\\\/person\\\/fc0081c9a1f479261147ba0b3d529c2c\",\"name\":\"Sylvie VERDI\",\"image\":{\"@type\":\"ImageObject\",\"inLanguage\":\"fr-FR\",\"@id\":\"https:\\\/\\\/www.verdieditions.com\\\/bretagne-photos\\\/wp-content\\\/uploads\\\/2023\\\/09\\\/logo-bretagne-photos-2.png\",\"url\":\"https:\\\/\\\/www.verdieditions.com\\\/bretagne-photos\\\/wp-content\\\/uploads\\\/2023\\\/09\\\/logo-bretagne-photos-2.png\",\"contentUrl\":\"https:\\\/\\\/www.verdieditions.com\\\/bretagne-photos\\\/wp-content\\\/uploads\\\/2023\\\/09\\\/logo-bretagne-photos-2.png\",\"width\":270,\"height\":63,\"caption\":\"Sylvie VERDI\"},\"logo\":{\"@id\":\"https:\\\/\\\/www.verdieditions.com\\\/bretagne-photos\\\/wp-content\\\/uploads\\\/2023\\\/09\\\/logo-bretagne-photos-2.png\"},\"sameAs\":[\"https:\\\/\\\/www.verdieditions.com\\\/bretagne-photos\"]}]}<\/script>\n<!-- \/ Yoast SEO plugin. -->","yoast_head_json":{"title":"Navires \u00e0 quai au port de p\u00eache et la Glaci\u00e8re, Lorient - Bretagne Photos","description":"Navires \u00e0 quai au port de p\u00eache Lorient-Keroman et la Glaci\u00e8re 1967 (56) Cr\u00e9dits : Sylvie Verdi, Collection Priv\u00e9e Format : TIFF 300 dpi 1257 px x 861 px","robots":{"index":"index","follow":"follow","max-snippet":"max-snippet:-1","max-image-preview":"max-image-preview:large","max-video-preview":"max-video-preview:-1"},"canonical":"https:\/\/www.verdieditions.com\/bretagne-photos\/produit\/quai-port-peche-lorient-glaciere\/","og_locale":"fr_FR","og_type":"article","og_title":"Navires \u00e0 quai au port de p\u00eache et la Glaci\u00e8re, Lorient - Bretagne Photos","og_description":"Navires \u00e0 quai au port de p\u00eache Lorient-Keroman et la Glaci\u00e8re 1967 (56) Cr\u00e9dits : Sylvie Verdi, Collection Priv\u00e9e Format : TIFF 300 dpi 1257 px x 861 px","og_url":"https:\/\/www.verdieditions.com\/bretagne-photos\/produit\/quai-port-peche-lorient-glaciere\/","og_site_name":"Bretagne Photos","article_modified_time":"2024-07-29T09:44:53+00:00","og_image":[{"width":800,"height":548,"url":"https:\/\/www.verdieditions.com\/bretagne-photos\/wp-content\/uploads\/2024\/07\/00851-SV-LORw.jpg?v=1720017708","type":"image\/jpeg"}],"twitter_card":"summary_large_image","twitter_misc":{"Dur\u00e9e de lecture estim\u00e9e":"2 minutes"},"schema":{"@context":"https:\/\/schema.org","@graph":[{"@type":"WebPage","@id":"https:\/\/www.verdieditions.com\/bretagne-photos\/produit\/quai-port-peche-lorient-glaciere\/","url":"https:\/\/www.verdieditions.com\/bretagne-photos\/produit\/quai-port-peche-lorient-glaciere\/","name":"Navires \u00e0 quai au port de p\u00eache et la Glaci\u00e8re, Lorient - Bretagne Photos","isPartOf":{"@id":"https:\/\/www.verdieditions.com\/bretagne-photos\/#website"},"primaryImageOfPage":{"@id":"https:\/\/www.verdieditions.com\/bretagne-photos\/produit\/quai-port-peche-lorient-glaciere\/#primaryimage"},"image":{"@id":"https:\/\/www.verdieditions.com\/bretagne-photos\/produit\/quai-port-peche-lorient-glaciere\/#primaryimage"},"thumbnailUrl":"https:\/\/www.verdieditions.com\/bretagne-photos\/wp-content\/uploads\/2024\/07\/00851-SV-LORw.jpg?v=1720017708","datePublished":"2024-07-03T14:42:27+00:00","dateModified":"2024-07-29T09:44:53+00:00","description":"Navires \u00e0 quai au port de p\u00eache Lorient-Keroman et la Glaci\u00e8re 1967 (56) Cr\u00e9dits : Sylvie Verdi, Collection Priv\u00e9e Format : TIFF 300 dpi 1257 px x 861 px","breadcrumb":{"@id":"https:\/\/www.verdieditions.com\/bretagne-photos\/produit\/quai-port-peche-lorient-glaciere\/#breadcrumb"},"inLanguage":"fr-FR","potentialAction":[{"@type":"ReadAction","target":["https:\/\/www.verdieditions.com\/bretagne-photos\/produit\/quai-port-peche-lorient-glaciere\/"]}]},{"@type":"ImageObject","inLanguage":"fr-FR","@id":"https:\/\/www.verdieditions.com\/bretagne-photos\/produit\/quai-port-peche-lorient-glaciere\/#primaryimage","url":"https:\/\/www.verdieditions.com\/bretagne-photos\/wp-content\/uploads\/2024\/07\/00851-SV-LORw.jpg?v=1720017708","contentUrl":"https:\/\/www.verdieditions.com\/bretagne-photos\/wp-content\/uploads\/2024\/07\/00851-SV-LORw.jpg?v=1720017708","width":800,"height":548,"caption":"Navires quai port de p\u00eache Glaci\u00e8re Lorient"},{"@type":"BreadcrumbList","@id":"https:\/\/www.verdieditions.com\/bretagne-photos\/produit\/quai-port-peche-lorient-glaciere\/#breadcrumb","itemListElement":[{"@type":"ListItem","position":1,"name":"Accueil","item":"https:\/\/www.verdieditions.com\/bretagne-photos\/"},{"@type":"ListItem","position":2,"name":"Boutique Photos","item":"https:\/\/www.verdieditions.com\/bretagne-photos\/shop\/"},{"@type":"ListItem","position":3,"name":"Navires \u00e0 quai au port de p\u00eache et la Glaci\u00e8re, Lorient"}]},{"@type":"WebSite","@id":"https:\/\/www.verdieditions.com\/bretagne-photos\/#website","url":"https:\/\/www.verdieditions.com\/bretagne-photos\/","name":"Bretagne Photos","description":"Boutique Photos Histoire et Patrimoine de la Bretagne hier et aujourd\u2019hui","publisher":{"@id":"https:\/\/www.verdieditions.com\/bretagne-photos\/#\/schema\/person\/fc0081c9a1f479261147ba0b3d529c2c"},"potentialAction":[{"@type":"SearchAction","target":{"@type":"EntryPoint","urlTemplate":"https:\/\/www.verdieditions.com\/bretagne-photos\/?s={search_term_string}"},"query-input":{"@type":"PropertyValueSpecification","valueRequired":true,"valueName":"search_term_string"}}],"inLanguage":"fr-FR"},{"@type":["Person","Organization"],"@id":"https:\/\/www.verdieditions.com\/bretagne-photos\/#\/schema\/person\/fc0081c9a1f479261147ba0b3d529c2c","name":"Sylvie VERDI","image":{"@type":"ImageObject","inLanguage":"fr-FR","@id":"https:\/\/www.verdieditions.com\/bretagne-photos\/wp-content\/uploads\/2023\/09\/logo-bretagne-photos-2.png","url":"https:\/\/www.verdieditions.com\/bretagne-photos\/wp-content\/uploads\/2023\/09\/logo-bretagne-photos-2.png","contentUrl":"https:\/\/www.verdieditions.com\/bretagne-photos\/wp-content\/uploads\/2023\/09\/logo-bretagne-photos-2.png","width":270,"height":63,"caption":"Sylvie VERDI"},"logo":{"@id":"https:\/\/www.verdieditions.com\/bretagne-photos\/wp-content\/uploads\/2023\/09\/logo-bretagne-photos-2.png"},"sameAs":["https:\/\/www.verdieditions.com\/bretagne-photos"]}]}},"_links":{"self":[{"href":"https:\/\/www.verdieditions.com\/bretagne-photos\/wp-json\/wp\/v2\/product\/3145","targetHints":{"allow":["GET"]}}],"collection":[{"href":"https:\/\/www.verdieditions.com\/bretagne-photos\/wp-json\/wp\/v2\/product"}],"about":[{"href":"https:\/\/www.verdieditions.com\/bretagne-photos\/wp-json\/wp\/v2\/types\/product"}],"wp:featuredmedia":[{"embeddable":true,"href":"https:\/\/www.verdieditions.com\/bretagne-photos\/wp-json\/wp\/v2\/media\/3143"}],"wp:attachment":[{"href":"https:\/\/www.verdieditions.com\/bretagne-photos\/wp-json\/wp\/v2\/media?parent=3145"}],"wp:term":[{"taxonomy":"product_brand","embeddable":true,"href":"https:\/\/www.verdieditions.com\/bretagne-photos\/wp-json\/wp\/v2\/product_brand?post=3145"},{"taxonomy":"product_cat","embeddable":true,"href":"https:\/\/www.verdieditions.com\/bretagne-photos\/wp-json\/wp\/v2\/product_cat?post=3145"},{"taxonomy":"product_tag","embeddable":true,"href":"https:\/\/www.verdieditions.com\/bretagne-photos\/wp-json\/wp\/v2\/product_tag?post=3145"}],"curies":[{"name":"wp","href":"https:\/\/api.w.org\/{rel}","templated":true}]}}