{"id":3121,"date":"2024-06-26T17:38:01","date_gmt":"2024-06-26T15:38:01","guid":{"rendered":"https:\/\/www.verdieditions.com\/bretagne-photos\/?post_type=product&#038;p=3121"},"modified":"2024-07-05T16:09:23","modified_gmt":"2024-07-05T14:09:23","slug":"morbihannais-pelerinage-lourdes-car-decapotable","status":"publish","type":"product","link":"https:\/\/www.verdieditions.com\/bretagne-photos\/produit\/morbihannais-pelerinage-lourdes-car-decapotable\/","title":{"rendered":"Les Morbihannais en p\u00e8lerinage \u00e0 Lourdes en car d\u00e9capotable"},"content":{"rendered":"<p>Les Morbihannais en p\u00e8lerinage \u00e0 Lourdes en car d\u00e9capotable<br \/>\nAnn\u00e9e : 1946<br \/>\nLieu : Lourdes (65)<br \/>\nCr\u00e9dits : Sylvie Verdi, Collection Priv\u00e9e<br \/>\nFormat : JPG<br \/>\nQualit\u00e9 : 96 dpi<br \/>\nTaille : 2921 px x 2102 px <\/p>\n<p>Sur la photo : Contenu r\u00e9serv\u00e9 aux utilisateurs connect\u00e9s. <a href=\"https:\/\/www.verdieditions.com\/bretagne-photos\/my-account\/\">Se connecter \/ S'enregistrer<\/a>.<\/p>\n<h3>P\u00e8lerinage \u00e0 Lourdes<\/h3>\n<p>Le 11 f\u00e9vrier 1858, et ensuite r\u00e9guli\u00e8rement pendant six mois, Bernadette Soubirous, une petite fille qui ramassait du bois pr\u00e8s de la grotte de Massabielle, le long du Gave, \u00e0 Lourdes fut le t\u00e9moin -c\u2019est du moins la version attest\u00e9e depuis 1862 par le Vatican- d\u2019apparitions de la Vierge Marie. Devenue rapidement c\u00e9l\u00e8bre, la petite cit\u00e9 des Pyr\u00e9n\u00e9es fut bient\u00f4t envahie de hordes de p\u00e8lerins qui souhaitaient b\u00e9n\u00e9ficier des faveurs de la Vierge, et certains furent apparemment r\u00e9compens\u00e9s puisque de nombreuses personnes invalides furent gu\u00e9ries de leurs maux incurables. Une basilique fin \u00e9rig\u00e9e sur le site en 1876 et les p\u00e8lerinages organis\u00e9s sont devenus une v\u00e9ritable institution.<\/p>\n<p>D\u00e8s les ann\u00e9es dix, les excursions touristiques dans la r\u00e9gion, qui ne manque pas d\u2019int\u00e9ressants sites naturels, sont devenues la distraction favorite des p\u00e8lerins, d\u00e8s lors qu\u2019ils ne sont pas occup\u00e9s \u00e0 leurs pieuses activit\u00e9s. Ces excursions au pic du Ger, aux grottes de B\u00e9tharam ou, surtout, vers le cirque de Gavarnie, on peut bien s\u00fbr les faire \u00e0 pied, \u00e0 cheval, voire \u00e0 dos d\u2019\u00e2ne, mais il est \u00e9videmment plus commode d\u2019\u00eatre v\u00e9hicul\u00e9 par une automobile.<\/p>\n<p>C\u2019est sans doute un garagiste du coin, plus astucieux que les autres, qui a propos\u00e9 aux p\u00e8lerins-touristes de mettre son automobile \u00e0 disposition pour les excursions. Si bien qu\u2019\u00e0 partir des ann\u00e9es vingt, ce sont plusieurs compagnies qui proposent leurs services avec des v\u00e9hicules particuli\u00e8rement adapt\u00e9s \u00e0 cet usage, mais dont le taux d\u2019occupation est g\u00e9n\u00e9ralement proche du maximum, voire sup\u00e9rieur. En effet, dans la p\u00e9riode 1920-1935, le constructeur de l\u2019avenue d\u2019Ivry est l\u2019un des principaux fournisseurs des garages ou compagnies qui s\u00e9vissent dans les Hautes-Pyr\u00e9n\u00e9es.<\/p>\n<p>La concurrence n\u2019est bien entendu pas absente, et certaines marques, en particulier Rochet-Schneider et Renault, sont \u00e9galement tr\u00e8s bien repr\u00e9sent\u00e9es \u00e0 Lourdes. Parmi les bons clients de l\u2019avenue d\u2019Ivry, citons le garage Bouriette, le garage Gabach, le garage Marnpuyet, et surtout l\u2019Excelsior Garage et la compagnie \u00ab Lourdes \u2013 Les Pyr\u00e9n\u00e9es \u00bb. Les v\u00e9hicules utilis\u00e9s sont donc presque toujours des v\u00e9hicules industriels dot\u00e9s d\u2019un moteur Sans Soupapes de puissance variable. En 1926, la marque \u00e9dite m\u00eame un feuillet publicitaire, qui d\u00e9crit le \u00ab ch\u00e2ssis industriel type sp\u00e9cial pour transports rapides \u00bb, illustr\u00e9 par un autocar de la compagnie \u00ab Lourdes \u2013 Les Pyr\u00e9n\u00e9es \u00bb !<\/p>\n<p><a href=\"http:\/\/panhard-racing-team.fr\/?page_id=15128\">Source<\/a> <\/p>\n","protected":false},"excerpt":{"rendered":"<p>Les Morbihannais en p\u00e8lerinage \u00e0 Lourdes en car d\u00e9capotable<br \/>\nAnn\u00e9e : 1946<br \/>\nLieu : Lourdes (65)<br \/>\nCr\u00e9dits : Sylvie Verdi, Collection Priv\u00e9e<br \/>\nFormat : JPG<br \/>\nQualit\u00e9 : 96 dpi<br \/>\nTaille : 2921 px x 2102 px <\/p>\n","protected":false},"featured_media":3122,"template":"","meta":{"_kadence_starter_templates_imported_post":true,"_kad_post_transparent":"default","_kad_post_title":"","_kad_post_layout":"default","_kad_post_sidebar_id":"","_kad_post_content_style":"default","_kad_post_vertical_padding":"default","_kad_post_feature":"","_kad_post_feature_position":"","_kad_post_header":false,"_kad_post_footer":false,"_kad_post_classname":""},"product_brand":[],"product_cat":[34],"product_tag":[90,108,106,85,107,46],"class_list":{"0":"post-3121","1":"product","2":"type-product","3":"status-publish","4":"has-post-thumbnail","6":"product_cat-evenements","7":"product_tag-annees-1940","8":"product_tag-houatais","9":"product_tag-lourdes","10":"product_tag-morbihan","11":"product_tag-pelerinage","12":"product_tag-religion","14":"first","15":"instock","16":"downloadable","17":"virtual","18":"sold-individually","19":"purchasable","20":"product-type-simple","21":"entry","22":"content-bg","23":"loop-entry"},"yoast_head":"<!-- This site is optimized with the Yoast SEO plugin v27.4 - https:\/\/yoast.com\/product\/yoast-seo-wordpress\/ -->\n<title>Les Morbihannais en p\u00e8lerinage \u00e0 Lourdes en car d\u00e9capotable - Bretagne Photos<\/title>\n<meta name=\"description\" content=\"Les Morbihannais en p\u00e8lerinage \u00e0 Lourdes en car d\u00e9capotable 1946 Lieu : Lourdes (65) Cr\u00e9dits : Sylvie Verdi, Collection Priv\u00e9e JPG 96 dpi 2921 px x 2102 px\" \/>\n<meta name=\"robots\" content=\"index, follow, max-snippet:-1, max-image-preview:large, max-video-preview:-1\" \/>\n<link rel=\"canonical\" href=\"https:\/\/www.verdieditions.com\/bretagne-photos\/produit\/morbihannais-pelerinage-lourdes-car-decapotable\/\" \/>\n<meta property=\"og:locale\" content=\"fr_FR\" \/>\n<meta property=\"og:type\" content=\"article\" \/>\n<meta property=\"og:title\" content=\"Les Morbihannais en p\u00e8lerinage \u00e0 Lourdes en car d\u00e9capotable - Bretagne Photos\" \/>\n<meta property=\"og:description\" content=\"Les Morbihannais en p\u00e8lerinage \u00e0 Lourdes en car d\u00e9capotable 1946 Lieu : Lourdes (65) Cr\u00e9dits : Sylvie Verdi, Collection Priv\u00e9e JPG 96 dpi 2921 px x 2102 px\" \/>\n<meta property=\"og:url\" content=\"https:\/\/www.verdieditions.com\/bretagne-photos\/produit\/morbihannais-pelerinage-lourdes-car-decapotable\/\" \/>\n<meta property=\"og:site_name\" content=\"Bretagne Photos\" \/>\n<meta property=\"article:modified_time\" content=\"2024-07-05T14:09:23+00:00\" \/>\n<meta property=\"og:image\" content=\"https:\/\/www.verdieditions.com\/bretagne-photos\/wp-content\/uploads\/2024\/06\/00849-SV-LOUw.jpg?v=1719416960\" \/>\n\t<meta property=\"og:image:width\" content=\"800\" \/>\n\t<meta property=\"og:image:height\" content=\"576\" \/>\n\t<meta property=\"og:image:type\" content=\"image\/jpeg\" \/>\n<meta name=\"twitter:card\" content=\"summary_large_image\" \/>\n<meta name=\"twitter:label1\" content=\"Dur\u00e9e de lecture estim\u00e9e\" \/>\n\t<meta name=\"twitter:data1\" content=\"3 minutes\" \/>\n<script type=\"application\/ld+json\" class=\"yoast-schema-graph\">{\"@context\":\"https:\\\/\\\/schema.org\",\"@graph\":[{\"@type\":\"WebPage\",\"@id\":\"https:\\\/\\\/www.verdieditions.com\\\/bretagne-photos\\\/produit\\\/morbihannais-pelerinage-lourdes-car-decapotable\\\/\",\"url\":\"https:\\\/\\\/www.verdieditions.com\\\/bretagne-photos\\\/produit\\\/morbihannais-pelerinage-lourdes-car-decapotable\\\/\",\"name\":\"Les Morbihannais en p\u00e8lerinage \u00e0 Lourdes en car d\u00e9capotable - Bretagne Photos\",\"isPartOf\":{\"@id\":\"https:\\\/\\\/www.verdieditions.com\\\/bretagne-photos\\\/#website\"},\"primaryImageOfPage\":{\"@id\":\"https:\\\/\\\/www.verdieditions.com\\\/bretagne-photos\\\/produit\\\/morbihannais-pelerinage-lourdes-car-decapotable\\\/#primaryimage\"},\"image\":{\"@id\":\"https:\\\/\\\/www.verdieditions.com\\\/bretagne-photos\\\/produit\\\/morbihannais-pelerinage-lourdes-car-decapotable\\\/#primaryimage\"},\"thumbnailUrl\":\"https:\\\/\\\/www.verdieditions.com\\\/bretagne-photos\\\/wp-content\\\/uploads\\\/2024\\\/06\\\/00849-SV-LOUw.jpg?v=1719416960\",\"datePublished\":\"2024-06-26T15:38:01+00:00\",\"dateModified\":\"2024-07-05T14:09:23+00:00\",\"description\":\"Les Morbihannais en p\u00e8lerinage \u00e0 Lourdes en car d\u00e9capotable 1946 Lieu : Lourdes (65) Cr\u00e9dits : Sylvie Verdi, Collection Priv\u00e9e JPG 96 dpi 2921 px x 2102 px\",\"breadcrumb\":{\"@id\":\"https:\\\/\\\/www.verdieditions.com\\\/bretagne-photos\\\/produit\\\/morbihannais-pelerinage-lourdes-car-decapotable\\\/#breadcrumb\"},\"inLanguage\":\"fr-FR\",\"potentialAction\":[{\"@type\":\"ReadAction\",\"target\":[\"https:\\\/\\\/www.verdieditions.com\\\/bretagne-photos\\\/produit\\\/morbihannais-pelerinage-lourdes-car-decapotable\\\/\"]}]},{\"@type\":\"ImageObject\",\"inLanguage\":\"fr-FR\",\"@id\":\"https:\\\/\\\/www.verdieditions.com\\\/bretagne-photos\\\/produit\\\/morbihannais-pelerinage-lourdes-car-decapotable\\\/#primaryimage\",\"url\":\"https:\\\/\\\/www.verdieditions.com\\\/bretagne-photos\\\/wp-content\\\/uploads\\\/2024\\\/06\\\/00849-SV-LOUw.jpg?v=1719416960\",\"contentUrl\":\"https:\\\/\\\/www.verdieditions.com\\\/bretagne-photos\\\/wp-content\\\/uploads\\\/2024\\\/06\\\/00849-SV-LOUw.jpg?v=1719416960\",\"width\":800,\"height\":576,\"caption\":\"Morbihannais p\u00e8lerinage Lourdes car d\u00e9capotable\"},{\"@type\":\"BreadcrumbList\",\"@id\":\"https:\\\/\\\/www.verdieditions.com\\\/bretagne-photos\\\/produit\\\/morbihannais-pelerinage-lourdes-car-decapotable\\\/#breadcrumb\",\"itemListElement\":[{\"@type\":\"ListItem\",\"position\":1,\"name\":\"Accueil\",\"item\":\"https:\\\/\\\/www.verdieditions.com\\\/bretagne-photos\\\/\"},{\"@type\":\"ListItem\",\"position\":2,\"name\":\"Boutique Photos\",\"item\":\"https:\\\/\\\/www.verdieditions.com\\\/bretagne-photos\\\/shop\\\/\"},{\"@type\":\"ListItem\",\"position\":3,\"name\":\"Les Morbihannais en p\u00e8lerinage \u00e0 Lourdes en car d\u00e9capotable\"}]},{\"@type\":\"WebSite\",\"@id\":\"https:\\\/\\\/www.verdieditions.com\\\/bretagne-photos\\\/#website\",\"url\":\"https:\\\/\\\/www.verdieditions.com\\\/bretagne-photos\\\/\",\"name\":\"Bretagne Photos\",\"description\":\"Boutique Photos Histoire et Patrimoine de la Bretagne hier et aujourd\u2019hui\",\"publisher\":{\"@id\":\"https:\\\/\\\/www.verdieditions.com\\\/bretagne-photos\\\/#\\\/schema\\\/person\\\/fc0081c9a1f479261147ba0b3d529c2c\"},\"potentialAction\":[{\"@type\":\"SearchAction\",\"target\":{\"@type\":\"EntryPoint\",\"urlTemplate\":\"https:\\\/\\\/www.verdieditions.com\\\/bretagne-photos\\\/?s={search_term_string}\"},\"query-input\":{\"@type\":\"PropertyValueSpecification\",\"valueRequired\":true,\"valueName\":\"search_term_string\"}}],\"inLanguage\":\"fr-FR\"},{\"@type\":[\"Person\",\"Organization\"],\"@id\":\"https:\\\/\\\/www.verdieditions.com\\\/bretagne-photos\\\/#\\\/schema\\\/person\\\/fc0081c9a1f479261147ba0b3d529c2c\",\"name\":\"Sylvie VERDI\",\"image\":{\"@type\":\"ImageObject\",\"inLanguage\":\"fr-FR\",\"@id\":\"https:\\\/\\\/www.verdieditions.com\\\/bretagne-photos\\\/wp-content\\\/uploads\\\/2023\\\/09\\\/logo-bretagne-photos-2.png\",\"url\":\"https:\\\/\\\/www.verdieditions.com\\\/bretagne-photos\\\/wp-content\\\/uploads\\\/2023\\\/09\\\/logo-bretagne-photos-2.png\",\"contentUrl\":\"https:\\\/\\\/www.verdieditions.com\\\/bretagne-photos\\\/wp-content\\\/uploads\\\/2023\\\/09\\\/logo-bretagne-photos-2.png\",\"width\":270,\"height\":63,\"caption\":\"Sylvie VERDI\"},\"logo\":{\"@id\":\"https:\\\/\\\/www.verdieditions.com\\\/bretagne-photos\\\/wp-content\\\/uploads\\\/2023\\\/09\\\/logo-bretagne-photos-2.png\"},\"sameAs\":[\"https:\\\/\\\/www.verdieditions.com\\\/bretagne-photos\"]}]}<\/script>\n<!-- \/ Yoast SEO plugin. -->","yoast_head_json":{"title":"Les Morbihannais en p\u00e8lerinage \u00e0 Lourdes en car d\u00e9capotable - Bretagne Photos","description":"Les Morbihannais en p\u00e8lerinage \u00e0 Lourdes en car d\u00e9capotable 1946 Lieu : Lourdes (65) Cr\u00e9dits : Sylvie Verdi, Collection Priv\u00e9e JPG 96 dpi 2921 px x 2102 px","robots":{"index":"index","follow":"follow","max-snippet":"max-snippet:-1","max-image-preview":"max-image-preview:large","max-video-preview":"max-video-preview:-1"},"canonical":"https:\/\/www.verdieditions.com\/bretagne-photos\/produit\/morbihannais-pelerinage-lourdes-car-decapotable\/","og_locale":"fr_FR","og_type":"article","og_title":"Les Morbihannais en p\u00e8lerinage \u00e0 Lourdes en car d\u00e9capotable - Bretagne Photos","og_description":"Les Morbihannais en p\u00e8lerinage \u00e0 Lourdes en car d\u00e9capotable 1946 Lieu : Lourdes (65) Cr\u00e9dits : Sylvie Verdi, Collection Priv\u00e9e JPG 96 dpi 2921 px x 2102 px","og_url":"https:\/\/www.verdieditions.com\/bretagne-photos\/produit\/morbihannais-pelerinage-lourdes-car-decapotable\/","og_site_name":"Bretagne Photos","article_modified_time":"2024-07-05T14:09:23+00:00","og_image":[{"width":800,"height":576,"url":"https:\/\/www.verdieditions.com\/bretagne-photos\/wp-content\/uploads\/2024\/06\/00849-SV-LOUw.jpg?v=1719416960","type":"image\/jpeg"}],"twitter_card":"summary_large_image","twitter_misc":{"Dur\u00e9e de lecture estim\u00e9e":"3 minutes"},"schema":{"@context":"https:\/\/schema.org","@graph":[{"@type":"WebPage","@id":"https:\/\/www.verdieditions.com\/bretagne-photos\/produit\/morbihannais-pelerinage-lourdes-car-decapotable\/","url":"https:\/\/www.verdieditions.com\/bretagne-photos\/produit\/morbihannais-pelerinage-lourdes-car-decapotable\/","name":"Les Morbihannais en p\u00e8lerinage \u00e0 Lourdes en car d\u00e9capotable - Bretagne Photos","isPartOf":{"@id":"https:\/\/www.verdieditions.com\/bretagne-photos\/#website"},"primaryImageOfPage":{"@id":"https:\/\/www.verdieditions.com\/bretagne-photos\/produit\/morbihannais-pelerinage-lourdes-car-decapotable\/#primaryimage"},"image":{"@id":"https:\/\/www.verdieditions.com\/bretagne-photos\/produit\/morbihannais-pelerinage-lourdes-car-decapotable\/#primaryimage"},"thumbnailUrl":"https:\/\/www.verdieditions.com\/bretagne-photos\/wp-content\/uploads\/2024\/06\/00849-SV-LOUw.jpg?v=1719416960","datePublished":"2024-06-26T15:38:01+00:00","dateModified":"2024-07-05T14:09:23+00:00","description":"Les Morbihannais en p\u00e8lerinage \u00e0 Lourdes en car d\u00e9capotable 1946 Lieu : Lourdes (65) Cr\u00e9dits : Sylvie Verdi, Collection Priv\u00e9e JPG 96 dpi 2921 px x 2102 px","breadcrumb":{"@id":"https:\/\/www.verdieditions.com\/bretagne-photos\/produit\/morbihannais-pelerinage-lourdes-car-decapotable\/#breadcrumb"},"inLanguage":"fr-FR","potentialAction":[{"@type":"ReadAction","target":["https:\/\/www.verdieditions.com\/bretagne-photos\/produit\/morbihannais-pelerinage-lourdes-car-decapotable\/"]}]},{"@type":"ImageObject","inLanguage":"fr-FR","@id":"https:\/\/www.verdieditions.com\/bretagne-photos\/produit\/morbihannais-pelerinage-lourdes-car-decapotable\/#primaryimage","url":"https:\/\/www.verdieditions.com\/bretagne-photos\/wp-content\/uploads\/2024\/06\/00849-SV-LOUw.jpg?v=1719416960","contentUrl":"https:\/\/www.verdieditions.com\/bretagne-photos\/wp-content\/uploads\/2024\/06\/00849-SV-LOUw.jpg?v=1719416960","width":800,"height":576,"caption":"Morbihannais p\u00e8lerinage Lourdes car d\u00e9capotable"},{"@type":"BreadcrumbList","@id":"https:\/\/www.verdieditions.com\/bretagne-photos\/produit\/morbihannais-pelerinage-lourdes-car-decapotable\/#breadcrumb","itemListElement":[{"@type":"ListItem","position":1,"name":"Accueil","item":"https:\/\/www.verdieditions.com\/bretagne-photos\/"},{"@type":"ListItem","position":2,"name":"Boutique Photos","item":"https:\/\/www.verdieditions.com\/bretagne-photos\/shop\/"},{"@type":"ListItem","position":3,"name":"Les Morbihannais en p\u00e8lerinage \u00e0 Lourdes en car d\u00e9capotable"}]},{"@type":"WebSite","@id":"https:\/\/www.verdieditions.com\/bretagne-photos\/#website","url":"https:\/\/www.verdieditions.com\/bretagne-photos\/","name":"Bretagne Photos","description":"Boutique Photos Histoire et Patrimoine de la Bretagne hier et aujourd\u2019hui","publisher":{"@id":"https:\/\/www.verdieditions.com\/bretagne-photos\/#\/schema\/person\/fc0081c9a1f479261147ba0b3d529c2c"},"potentialAction":[{"@type":"SearchAction","target":{"@type":"EntryPoint","urlTemplate":"https:\/\/www.verdieditions.com\/bretagne-photos\/?s={search_term_string}"},"query-input":{"@type":"PropertyValueSpecification","valueRequired":true,"valueName":"search_term_string"}}],"inLanguage":"fr-FR"},{"@type":["Person","Organization"],"@id":"https:\/\/www.verdieditions.com\/bretagne-photos\/#\/schema\/person\/fc0081c9a1f479261147ba0b3d529c2c","name":"Sylvie VERDI","image":{"@type":"ImageObject","inLanguage":"fr-FR","@id":"https:\/\/www.verdieditions.com\/bretagne-photos\/wp-content\/uploads\/2023\/09\/logo-bretagne-photos-2.png","url":"https:\/\/www.verdieditions.com\/bretagne-photos\/wp-content\/uploads\/2023\/09\/logo-bretagne-photos-2.png","contentUrl":"https:\/\/www.verdieditions.com\/bretagne-photos\/wp-content\/uploads\/2023\/09\/logo-bretagne-photos-2.png","width":270,"height":63,"caption":"Sylvie VERDI"},"logo":{"@id":"https:\/\/www.verdieditions.com\/bretagne-photos\/wp-content\/uploads\/2023\/09\/logo-bretagne-photos-2.png"},"sameAs":["https:\/\/www.verdieditions.com\/bretagne-photos"]}]}},"_links":{"self":[{"href":"https:\/\/www.verdieditions.com\/bretagne-photos\/wp-json\/wp\/v2\/product\/3121","targetHints":{"allow":["GET"]}}],"collection":[{"href":"https:\/\/www.verdieditions.com\/bretagne-photos\/wp-json\/wp\/v2\/product"}],"about":[{"href":"https:\/\/www.verdieditions.com\/bretagne-photos\/wp-json\/wp\/v2\/types\/product"}],"wp:featuredmedia":[{"embeddable":true,"href":"https:\/\/www.verdieditions.com\/bretagne-photos\/wp-json\/wp\/v2\/media\/3122"}],"wp:attachment":[{"href":"https:\/\/www.verdieditions.com\/bretagne-photos\/wp-json\/wp\/v2\/media?parent=3121"}],"wp:term":[{"taxonomy":"product_brand","embeddable":true,"href":"https:\/\/www.verdieditions.com\/bretagne-photos\/wp-json\/wp\/v2\/product_brand?post=3121"},{"taxonomy":"product_cat","embeddable":true,"href":"https:\/\/www.verdieditions.com\/bretagne-photos\/wp-json\/wp\/v2\/product_cat?post=3121"},{"taxonomy":"product_tag","embeddable":true,"href":"https:\/\/www.verdieditions.com\/bretagne-photos\/wp-json\/wp\/v2\/product_tag?post=3121"}],"curies":[{"name":"wp","href":"https:\/\/api.w.org\/{rel}","templated":true}]}}