{"id":3099,"date":"2024-02-18T13:21:13","date_gmt":"2024-02-18T12:21:13","guid":{"rendered":"https:\/\/www.verdieditions.com\/bretagne-photos\/?post_type=product&#038;p=3099"},"modified":"2024-07-05T11:35:26","modified_gmt":"2024-07-05T09:35:26","slug":"enfants-costume-breton-coiffe-fouesnant","status":"publish","type":"product","link":"https:\/\/www.verdieditions.com\/bretagne-photos\/produit\/enfants-costume-breton-coiffe-fouesnant\/","title":{"rendered":"Enfants en costume breton, coiffe de Fouesnant"},"content":{"rendered":"<p>Enfants en costume breton, coiffe de Fouesnant<br \/>\nAnn\u00e9e : 1960<br \/>\nLieu : Audierne (29)<br \/>\nCr\u00e9dits : Jean Kerisit &#8211; Sylvie Verdi, Collection Priv\u00e9e<br \/>\nEpreuve sans retouches<br \/>\nFormat : TIFF<br \/>\nQualit\u00e9 : 300 dpi<br \/>\nTaille : 1764 px x 1413 px<\/p>\n<h3> Une cath\u00e9drale de dentelles<\/h3>\n<p>Cette Giz Fou\u00ebn (\u00ab\u00a0mode de Fouesnant\u00a0\u00bb) est apparue dans cette ville en 1828. Elle d\u00e9voilait un peu de la nuque et des cheveux. Une r\u00e9volution dans l\u2019ancien \u00e9v\u00each\u00e9 de Cornouaille qui demandait aux femmes de cacher leur chevelure.<br \/>\nElanc\u00e9e comme les fl\u00e8ches d\u2019une cath\u00e9drale, la coiffe de Fouesnant est une imposante construction dans les ann\u00e9es 1930. Les six \u00e9l\u00e9ments qui la composaient \u00e9taient soutenus par un bonnet de coton tr\u00e8s amidonn\u00e9, o\u00f9 venaient s\u2019enrouler les ailes et les brides devenues d\u00e9coratives mais qui, dans les modes anciennes, se nouaient sous le menton. Le positionnement des ailes dominant l\u2019ensemble \u00e9tait diff\u00e9rent d\u2019une commune \u00e0 l\u2019autre dans le Pays de l\u2019Aven. L\u2019imposante collerette, au plissage tr\u00e8s complexe, compl\u00e9tait la parure du dimanche, mettant en valeur le visage de celle qui l\u2019arborait.<br \/>\n<a href=\"https:\/\/photo.geo.fr\/ce-que-racontent-les-coiffes-bretonnes-38389#travail-a-maree-basse-bup51\">Source<\/a> <\/p>\n","protected":false},"excerpt":{"rendered":"<p>Enfants en costume breton, coiffe de Fouesnant<br \/>\nAnn\u00e9e : 1960<br \/>\nLieu : Audierne (29)<br \/>\nCr\u00e9dits : Jean Kerisit &#8211; Sylvie Verdi, Collection Priv\u00e9e<br \/>\nEpreuve sans retouches<br \/>\nFormat : TIFF<br \/>\nQualit\u00e9 : 300 dpi<br \/>\nTaille : 1764 px x 1413 px<\/p>\n","protected":false},"featured_media":3094,"template":"","meta":{"_kadence_starter_templates_imported_post":true,"_kad_post_transparent":"default","_kad_post_title":"","_kad_post_layout":"default","_kad_post_sidebar_id":"","_kad_post_content_style":"default","_kad_post_vertical_padding":"default","_kad_post_feature":"","_kad_post_feature_position":"","_kad_post_header":false,"_kad_post_footer":false,"_kad_post_classname":""},"product_brand":[],"product_cat":[33],"product_tag":[76,98,95,84,99],"class_list":{"0":"post-3099","1":"product","2":"type-product","3":"status-publish","4":"has-post-thumbnail","6":"product_cat-personnages","7":"product_tag-annees-1960","8":"product_tag-audierne","9":"product_tag-coiffe","10":"product_tag-finistere","11":"product_tag-fouesnant","13":"first","14":"instock","15":"downloadable","16":"virtual","17":"sold-individually","18":"purchasable","19":"product-type-simple","20":"entry","21":"content-bg","22":"loop-entry"},"yoast_head":"<!-- This site is optimized with the Yoast SEO plugin v27.4 - https:\/\/yoast.com\/product\/yoast-seo-wordpress\/ -->\n<title>Enfants en costume breton, coiffe de Fouesnant - Bretagne Photos<\/title>\n<meta name=\"description\" content=\"Enfants en costume breton, coiffe de Fouesnant 1960 Audierne (29) Cr\u00e9dits : Jean Kerisit - Sylvie Verdi, Collection Priv\u00e9e TIFF 300 dpi 1764 px x 1413 px\" \/>\n<meta name=\"robots\" content=\"index, follow, max-snippet:-1, max-image-preview:large, max-video-preview:-1\" \/>\n<link rel=\"canonical\" href=\"https:\/\/www.verdieditions.com\/bretagne-photos\/produit\/enfants-costume-breton-coiffe-fouesnant\/\" \/>\n<meta property=\"og:locale\" content=\"fr_FR\" \/>\n<meta property=\"og:type\" content=\"article\" \/>\n<meta property=\"og:title\" content=\"Enfants en costume breton, coiffe de Fouesnant - Bretagne Photos\" \/>\n<meta property=\"og:description\" content=\"Enfants en costume breton, coiffe de Fouesnant 1960 Audierne (29) Cr\u00e9dits : Jean Kerisit - Sylvie Verdi, Collection Priv\u00e9e TIFF 300 dpi 1764 px x 1413 px\" \/>\n<meta property=\"og:url\" content=\"https:\/\/www.verdieditions.com\/bretagne-photos\/produit\/enfants-costume-breton-coiffe-fouesnant\/\" \/>\n<meta property=\"og:site_name\" content=\"Bretagne Photos\" \/>\n<meta property=\"article:modified_time\" content=\"2024-07-05T09:35:26+00:00\" \/>\n<meta property=\"og:image\" content=\"https:\/\/www.verdieditions.com\/bretagne-photos\/wp-content\/uploads\/2024\/06\/00844-SV-FOUw.jpg?v=1719239001\" \/>\n\t<meta property=\"og:image:width\" content=\"800\" \/>\n\t<meta property=\"og:image:height\" content=\"641\" \/>\n\t<meta property=\"og:image:type\" content=\"image\/jpeg\" \/>\n<meta name=\"twitter:card\" content=\"summary_large_image\" \/>\n<meta name=\"twitter:label1\" content=\"Dur\u00e9e de lecture estim\u00e9e\" \/>\n\t<meta name=\"twitter:data1\" content=\"2 minutes\" \/>\n<script type=\"application\/ld+json\" class=\"yoast-schema-graph\">{\"@context\":\"https:\\\/\\\/schema.org\",\"@graph\":[{\"@type\":\"WebPage\",\"@id\":\"https:\\\/\\\/www.verdieditions.com\\\/bretagne-photos\\\/produit\\\/enfants-costume-breton-coiffe-fouesnant\\\/\",\"url\":\"https:\\\/\\\/www.verdieditions.com\\\/bretagne-photos\\\/produit\\\/enfants-costume-breton-coiffe-fouesnant\\\/\",\"name\":\"Enfants en costume breton, coiffe de Fouesnant - Bretagne Photos\",\"isPartOf\":{\"@id\":\"https:\\\/\\\/www.verdieditions.com\\\/bretagne-photos\\\/#website\"},\"primaryImageOfPage\":{\"@id\":\"https:\\\/\\\/www.verdieditions.com\\\/bretagne-photos\\\/produit\\\/enfants-costume-breton-coiffe-fouesnant\\\/#primaryimage\"},\"image\":{\"@id\":\"https:\\\/\\\/www.verdieditions.com\\\/bretagne-photos\\\/produit\\\/enfants-costume-breton-coiffe-fouesnant\\\/#primaryimage\"},\"thumbnailUrl\":\"https:\\\/\\\/www.verdieditions.com\\\/bretagne-photos\\\/wp-content\\\/uploads\\\/2024\\\/06\\\/00844-SV-FOUw.jpg?v=1719239001\",\"datePublished\":\"2024-02-18T12:21:13+00:00\",\"dateModified\":\"2024-07-05T09:35:26+00:00\",\"description\":\"Enfants en costume breton, coiffe de Fouesnant 1960 Audierne (29) Cr\u00e9dits : Jean Kerisit - Sylvie Verdi, Collection Priv\u00e9e TIFF 300 dpi 1764 px x 1413 px\",\"breadcrumb\":{\"@id\":\"https:\\\/\\\/www.verdieditions.com\\\/bretagne-photos\\\/produit\\\/enfants-costume-breton-coiffe-fouesnant\\\/#breadcrumb\"},\"inLanguage\":\"fr-FR\",\"potentialAction\":[{\"@type\":\"ReadAction\",\"target\":[\"https:\\\/\\\/www.verdieditions.com\\\/bretagne-photos\\\/produit\\\/enfants-costume-breton-coiffe-fouesnant\\\/\"]}]},{\"@type\":\"ImageObject\",\"inLanguage\":\"fr-FR\",\"@id\":\"https:\\\/\\\/www.verdieditions.com\\\/bretagne-photos\\\/produit\\\/enfants-costume-breton-coiffe-fouesnant\\\/#primaryimage\",\"url\":\"https:\\\/\\\/www.verdieditions.com\\\/bretagne-photos\\\/wp-content\\\/uploads\\\/2024\\\/06\\\/00844-SV-FOUw.jpg?v=1719239001\",\"contentUrl\":\"https:\\\/\\\/www.verdieditions.com\\\/bretagne-photos\\\/wp-content\\\/uploads\\\/2024\\\/06\\\/00844-SV-FOUw.jpg?v=1719239001\",\"width\":800,\"height\":641,\"caption\":\"Enfants costume breton coiffe Fouesnant\"},{\"@type\":\"BreadcrumbList\",\"@id\":\"https:\\\/\\\/www.verdieditions.com\\\/bretagne-photos\\\/produit\\\/enfants-costume-breton-coiffe-fouesnant\\\/#breadcrumb\",\"itemListElement\":[{\"@type\":\"ListItem\",\"position\":1,\"name\":\"Accueil\",\"item\":\"https:\\\/\\\/www.verdieditions.com\\\/bretagne-photos\\\/\"},{\"@type\":\"ListItem\",\"position\":2,\"name\":\"Boutique Photos\",\"item\":\"https:\\\/\\\/www.verdieditions.com\\\/bretagne-photos\\\/shop\\\/\"},{\"@type\":\"ListItem\",\"position\":3,\"name\":\"Enfants en costume breton, coiffe de Fouesnant\"}]},{\"@type\":\"WebSite\",\"@id\":\"https:\\\/\\\/www.verdieditions.com\\\/bretagne-photos\\\/#website\",\"url\":\"https:\\\/\\\/www.verdieditions.com\\\/bretagne-photos\\\/\",\"name\":\"Bretagne Photos\",\"description\":\"Boutique Photos Histoire et Patrimoine de la Bretagne hier et aujourd\u2019hui\",\"publisher\":{\"@id\":\"https:\\\/\\\/www.verdieditions.com\\\/bretagne-photos\\\/#\\\/schema\\\/person\\\/fc0081c9a1f479261147ba0b3d529c2c\"},\"potentialAction\":[{\"@type\":\"SearchAction\",\"target\":{\"@type\":\"EntryPoint\",\"urlTemplate\":\"https:\\\/\\\/www.verdieditions.com\\\/bretagne-photos\\\/?s={search_term_string}\"},\"query-input\":{\"@type\":\"PropertyValueSpecification\",\"valueRequired\":true,\"valueName\":\"search_term_string\"}}],\"inLanguage\":\"fr-FR\"},{\"@type\":[\"Person\",\"Organization\"],\"@id\":\"https:\\\/\\\/www.verdieditions.com\\\/bretagne-photos\\\/#\\\/schema\\\/person\\\/fc0081c9a1f479261147ba0b3d529c2c\",\"name\":\"Sylvie VERDI\",\"image\":{\"@type\":\"ImageObject\",\"inLanguage\":\"fr-FR\",\"@id\":\"https:\\\/\\\/www.verdieditions.com\\\/bretagne-photos\\\/wp-content\\\/uploads\\\/2023\\\/09\\\/logo-bretagne-photos-2.png\",\"url\":\"https:\\\/\\\/www.verdieditions.com\\\/bretagne-photos\\\/wp-content\\\/uploads\\\/2023\\\/09\\\/logo-bretagne-photos-2.png\",\"contentUrl\":\"https:\\\/\\\/www.verdieditions.com\\\/bretagne-photos\\\/wp-content\\\/uploads\\\/2023\\\/09\\\/logo-bretagne-photos-2.png\",\"width\":270,\"height\":63,\"caption\":\"Sylvie VERDI\"},\"logo\":{\"@id\":\"https:\\\/\\\/www.verdieditions.com\\\/bretagne-photos\\\/wp-content\\\/uploads\\\/2023\\\/09\\\/logo-bretagne-photos-2.png\"},\"sameAs\":[\"https:\\\/\\\/www.verdieditions.com\\\/bretagne-photos\"]}]}<\/script>\n<!-- \/ Yoast SEO plugin. -->","yoast_head_json":{"title":"Enfants en costume breton, coiffe de Fouesnant - Bretagne Photos","description":"Enfants en costume breton, coiffe de Fouesnant 1960 Audierne (29) Cr\u00e9dits : Jean Kerisit - Sylvie Verdi, Collection Priv\u00e9e TIFF 300 dpi 1764 px x 1413 px","robots":{"index":"index","follow":"follow","max-snippet":"max-snippet:-1","max-image-preview":"max-image-preview:large","max-video-preview":"max-video-preview:-1"},"canonical":"https:\/\/www.verdieditions.com\/bretagne-photos\/produit\/enfants-costume-breton-coiffe-fouesnant\/","og_locale":"fr_FR","og_type":"article","og_title":"Enfants en costume breton, coiffe de Fouesnant - Bretagne Photos","og_description":"Enfants en costume breton, coiffe de Fouesnant 1960 Audierne (29) Cr\u00e9dits : Jean Kerisit - Sylvie Verdi, Collection Priv\u00e9e TIFF 300 dpi 1764 px x 1413 px","og_url":"https:\/\/www.verdieditions.com\/bretagne-photos\/produit\/enfants-costume-breton-coiffe-fouesnant\/","og_site_name":"Bretagne Photos","article_modified_time":"2024-07-05T09:35:26+00:00","og_image":[{"width":800,"height":641,"url":"https:\/\/www.verdieditions.com\/bretagne-photos\/wp-content\/uploads\/2024\/06\/00844-SV-FOUw.jpg?v=1719239001","type":"image\/jpeg"}],"twitter_card":"summary_large_image","twitter_misc":{"Dur\u00e9e de lecture estim\u00e9e":"2 minutes"},"schema":{"@context":"https:\/\/schema.org","@graph":[{"@type":"WebPage","@id":"https:\/\/www.verdieditions.com\/bretagne-photos\/produit\/enfants-costume-breton-coiffe-fouesnant\/","url":"https:\/\/www.verdieditions.com\/bretagne-photos\/produit\/enfants-costume-breton-coiffe-fouesnant\/","name":"Enfants en costume breton, coiffe de Fouesnant - Bretagne Photos","isPartOf":{"@id":"https:\/\/www.verdieditions.com\/bretagne-photos\/#website"},"primaryImageOfPage":{"@id":"https:\/\/www.verdieditions.com\/bretagne-photos\/produit\/enfants-costume-breton-coiffe-fouesnant\/#primaryimage"},"image":{"@id":"https:\/\/www.verdieditions.com\/bretagne-photos\/produit\/enfants-costume-breton-coiffe-fouesnant\/#primaryimage"},"thumbnailUrl":"https:\/\/www.verdieditions.com\/bretagne-photos\/wp-content\/uploads\/2024\/06\/00844-SV-FOUw.jpg?v=1719239001","datePublished":"2024-02-18T12:21:13+00:00","dateModified":"2024-07-05T09:35:26+00:00","description":"Enfants en costume breton, coiffe de Fouesnant 1960 Audierne (29) Cr\u00e9dits : Jean Kerisit - Sylvie Verdi, Collection Priv\u00e9e TIFF 300 dpi 1764 px x 1413 px","breadcrumb":{"@id":"https:\/\/www.verdieditions.com\/bretagne-photos\/produit\/enfants-costume-breton-coiffe-fouesnant\/#breadcrumb"},"inLanguage":"fr-FR","potentialAction":[{"@type":"ReadAction","target":["https:\/\/www.verdieditions.com\/bretagne-photos\/produit\/enfants-costume-breton-coiffe-fouesnant\/"]}]},{"@type":"ImageObject","inLanguage":"fr-FR","@id":"https:\/\/www.verdieditions.com\/bretagne-photos\/produit\/enfants-costume-breton-coiffe-fouesnant\/#primaryimage","url":"https:\/\/www.verdieditions.com\/bretagne-photos\/wp-content\/uploads\/2024\/06\/00844-SV-FOUw.jpg?v=1719239001","contentUrl":"https:\/\/www.verdieditions.com\/bretagne-photos\/wp-content\/uploads\/2024\/06\/00844-SV-FOUw.jpg?v=1719239001","width":800,"height":641,"caption":"Enfants costume breton coiffe Fouesnant"},{"@type":"BreadcrumbList","@id":"https:\/\/www.verdieditions.com\/bretagne-photos\/produit\/enfants-costume-breton-coiffe-fouesnant\/#breadcrumb","itemListElement":[{"@type":"ListItem","position":1,"name":"Accueil","item":"https:\/\/www.verdieditions.com\/bretagne-photos\/"},{"@type":"ListItem","position":2,"name":"Boutique Photos","item":"https:\/\/www.verdieditions.com\/bretagne-photos\/shop\/"},{"@type":"ListItem","position":3,"name":"Enfants en costume breton, coiffe de Fouesnant"}]},{"@type":"WebSite","@id":"https:\/\/www.verdieditions.com\/bretagne-photos\/#website","url":"https:\/\/www.verdieditions.com\/bretagne-photos\/","name":"Bretagne Photos","description":"Boutique Photos Histoire et Patrimoine de la Bretagne hier et aujourd\u2019hui","publisher":{"@id":"https:\/\/www.verdieditions.com\/bretagne-photos\/#\/schema\/person\/fc0081c9a1f479261147ba0b3d529c2c"},"potentialAction":[{"@type":"SearchAction","target":{"@type":"EntryPoint","urlTemplate":"https:\/\/www.verdieditions.com\/bretagne-photos\/?s={search_term_string}"},"query-input":{"@type":"PropertyValueSpecification","valueRequired":true,"valueName":"search_term_string"}}],"inLanguage":"fr-FR"},{"@type":["Person","Organization"],"@id":"https:\/\/www.verdieditions.com\/bretagne-photos\/#\/schema\/person\/fc0081c9a1f479261147ba0b3d529c2c","name":"Sylvie VERDI","image":{"@type":"ImageObject","inLanguage":"fr-FR","@id":"https:\/\/www.verdieditions.com\/bretagne-photos\/wp-content\/uploads\/2023\/09\/logo-bretagne-photos-2.png","url":"https:\/\/www.verdieditions.com\/bretagne-photos\/wp-content\/uploads\/2023\/09\/logo-bretagne-photos-2.png","contentUrl":"https:\/\/www.verdieditions.com\/bretagne-photos\/wp-content\/uploads\/2023\/09\/logo-bretagne-photos-2.png","width":270,"height":63,"caption":"Sylvie VERDI"},"logo":{"@id":"https:\/\/www.verdieditions.com\/bretagne-photos\/wp-content\/uploads\/2023\/09\/logo-bretagne-photos-2.png"},"sameAs":["https:\/\/www.verdieditions.com\/bretagne-photos"]}]}},"_links":{"self":[{"href":"https:\/\/www.verdieditions.com\/bretagne-photos\/wp-json\/wp\/v2\/product\/3099","targetHints":{"allow":["GET"]}}],"collection":[{"href":"https:\/\/www.verdieditions.com\/bretagne-photos\/wp-json\/wp\/v2\/product"}],"about":[{"href":"https:\/\/www.verdieditions.com\/bretagne-photos\/wp-json\/wp\/v2\/types\/product"}],"wp:featuredmedia":[{"embeddable":true,"href":"https:\/\/www.verdieditions.com\/bretagne-photos\/wp-json\/wp\/v2\/media\/3094"}],"wp:attachment":[{"href":"https:\/\/www.verdieditions.com\/bretagne-photos\/wp-json\/wp\/v2\/media?parent=3099"}],"wp:term":[{"taxonomy":"product_brand","embeddable":true,"href":"https:\/\/www.verdieditions.com\/bretagne-photos\/wp-json\/wp\/v2\/product_brand?post=3099"},{"taxonomy":"product_cat","embeddable":true,"href":"https:\/\/www.verdieditions.com\/bretagne-photos\/wp-json\/wp\/v2\/product_cat?post=3099"},{"taxonomy":"product_tag","embeddable":true,"href":"https:\/\/www.verdieditions.com\/bretagne-photos\/wp-json\/wp\/v2\/product_tag?post=3099"}],"curies":[{"name":"wp","href":"https:\/\/api.w.org\/{rel}","templated":true}]}}