{"id":3098,"date":"2024-02-01T17:02:36","date_gmt":"2024-02-01T16:02:36","guid":{"rendered":"https:\/\/www.verdieditions.com\/bretagne-photos\/?post_type=product&#038;p=3098"},"modified":"2024-07-05T10:42:29","modified_gmt":"2024-07-05T08:42:29","slug":"portrait-medaillon-coiffe-lorient","status":"publish","type":"product","link":"https:\/\/www.verdieditions.com\/bretagne-photos\/produit\/portrait-medaillon-coiffe-lorient\/","title":{"rendered":"Portrait en m\u00e9daillon avec coiffe de Lorient"},"content":{"rendered":"<p>Portrait en m\u00e9daillon avec coiffe de Lorient<br \/>\nAnn\u00e9e : 1920<br \/>\nLieu : Lorient (56)<br \/>\nCr\u00e9dits : Armand Sterlin &#8211; Sylvie Verdi, Collection Priv\u00e9e<br \/>\nPhoto restaur\u00e9e<br \/>\nFormat : TIFF<br \/>\nQualit\u00e9 : 300 dpi<br \/>\nTaille : 1352 px x 2064 px<\/p>\n<h3>La coiffe de Lorient<\/h3>\n<p>La coiffe de Lorient se compose de deux \u00e9l\u00e9ments : une sous-coiffe ou b\u00e9guin qui se resserre autour d&rsquo;un chignon et comporte des ailettes et la coiffe proprement dite qui se fixe sur le b\u00e9guin et qui est maintenue par des ailettes&#8230;<br \/>\n<a href=\"https:\/\/gracianedansebretonne.e-monsite.com\/pages\/mon-costume-de-lorient\/pose-de-la-coiffe-de-lorient.html#:~:text=La%20coiffe%20de%20Lorient%20se,est%20maintenue%20par%20des%20ailettes.\">Source<\/a><\/p>\n<h3>Armand STERLIN<\/h3>\n<p>Fils d\u2019un employ\u00e9 de commerce, Paul Armand Sterlin est n\u00e9 le 29 juillet 1886 \u00e0 Bordeaux (Gironde). Sourd de naissance, il est \u00e9l\u00e8ve \u00e0 l\u2019Institution des sourds-muets de Bordeaux o\u00f9 il prend des cours de dessin. Une formation qui sera un atout pour exercer le m\u00e9tier de photographe. (1) Le 18 mai 1911, il est employ\u00e9 photographe quand il \u00e9pouse Marie Rosa Buetos (1893-1963), lisseuse, sourde elle aussi. <\/p>\n<p>Pendant la Premi\u00e8re Guerre mondiale, Armand Sterlin a l\u2019opportunit\u00e9 de travailler \u00e0 son compte \u00e0 Lorient (Morbihan). En mai 1916, photographe 38, rue de Brest, il recherche un ouvrier retoucheur de clich\u00e9s. \u00ab\u00a0Inutile de se pr\u00e9senter si pas capable\u00a0\u00bb (3) Deux ans plus tard, le 14 juin 1918, sa fille unique, Magdeleine, voit le jour 35, rue de la Com\u00e9die, adresse o\u00f9 \u00e9tait domicili\u00e9 le photographe William Crolard en 1914. Au printemps 1922, Armand Sterlin acquiert un fonds de commerce sis 49, rue du Morbihan connu sous le nom de Portraits Artistiques. Ce local devient une annexe de son atelier principal ; il y fait des agrandissements et y vend des cadres. (4) Apr\u00e8s avoir travaill\u00e9 plus de vingt ans \u00e0 Lorient, Armand Sterlin repart \u00e0 Bordeaux. A compter du 15 ao\u00fbt 1936, c\u2019est F. Jan qui op\u00e8re 35, rue de la Com\u00e9die.<br \/>\n<a href=\"https:\/\/www.portraitsepia.fr\/photographes\/sterlin\/\">Source<\/a><\/p>\n","protected":false},"excerpt":{"rendered":"<p>Portrait en m\u00e9daillon avec coiffe de Lorient<br \/>\nAnn\u00e9e : 1920<br \/>\nLieu : Lorient (56)<br \/>\nCr\u00e9dits : Armand Sterlin &#8211; Sylvie Verdi, Collection Priv\u00e9e<br \/>\nPhoto restaur\u00e9e<br \/>\nFormat : TIFF<br \/>\nQualit\u00e9 : 300 dpi<br \/>\nTaille : 1352 px x 2064 px<\/p>\n","protected":false},"featured_media":3095,"template":"","meta":{"_kadence_starter_templates_imported_post":true,"_kad_post_transparent":"default","_kad_post_title":"","_kad_post_layout":"default","_kad_post_sidebar_id":"","_kad_post_content_style":"default","_kad_post_vertical_padding":"default","_kad_post_feature":"","_kad_post_feature_position":"","_kad_post_header":false,"_kad_post_footer":false,"_kad_post_classname":""},"product_brand":[],"product_cat":[33],"product_tag":[88,95,97,85],"class_list":{"0":"post-3098","1":"product","2":"type-product","3":"status-publish","4":"has-post-thumbnail","6":"product_cat-personnages","7":"product_tag-annees-1920","8":"product_tag-coiffe","9":"product_tag-lorient","10":"product_tag-morbihan","12":"first","13":"instock","14":"downloadable","15":"virtual","16":"sold-individually","17":"purchasable","18":"product-type-simple","19":"entry","20":"content-bg","21":"loop-entry"},"yoast_head":"<!-- This site is optimized with the Yoast SEO plugin v27.4 - https:\/\/yoast.com\/product\/yoast-seo-wordpress\/ -->\n<title>Portrait en m\u00e9daillon avec coiffe de Lorient - Bretagne Photos<\/title>\n<meta name=\"description\" content=\"Portrait en m\u00e9daillon avec coiffe de Lorient 1920 (56) Cr\u00e9dits : Armand Sterlin - Sylvie Verdi, Collection Priv\u00e9e - restaur\u00e9e TIFF 300 dpi 1352 px x 2064 px\" \/>\n<meta name=\"robots\" content=\"index, follow, max-snippet:-1, max-image-preview:large, max-video-preview:-1\" \/>\n<link rel=\"canonical\" href=\"https:\/\/www.verdieditions.com\/bretagne-photos\/produit\/portrait-medaillon-coiffe-lorient\/\" \/>\n<meta property=\"og:locale\" content=\"fr_FR\" \/>\n<meta property=\"og:type\" content=\"article\" \/>\n<meta property=\"og:title\" content=\"Portrait en m\u00e9daillon avec coiffe de Lorient - Bretagne Photos\" \/>\n<meta property=\"og:description\" content=\"Portrait en m\u00e9daillon avec coiffe de Lorient 1920 (56) Cr\u00e9dits : Armand Sterlin - Sylvie Verdi, Collection Priv\u00e9e - restaur\u00e9e TIFF 300 dpi 1352 px x 2064 px\" \/>\n<meta property=\"og:url\" content=\"https:\/\/www.verdieditions.com\/bretagne-photos\/produit\/portrait-medaillon-coiffe-lorient\/\" \/>\n<meta property=\"og:site_name\" content=\"Bretagne Photos\" \/>\n<meta property=\"article:modified_time\" content=\"2024-07-05T08:42:29+00:00\" \/>\n<meta property=\"og:image\" content=\"https:\/\/www.verdieditions.com\/bretagne-photos\/wp-content\/uploads\/2024\/06\/00845-SV-AURw.jpg?v=1719239003\" \/>\n\t<meta property=\"og:image:width\" content=\"524\" \/>\n\t<meta property=\"og:image:height\" content=\"800\" \/>\n\t<meta property=\"og:image:type\" content=\"image\/jpeg\" \/>\n<meta name=\"twitter:card\" content=\"summary_large_image\" \/>\n<meta name=\"twitter:label1\" content=\"Dur\u00e9e de lecture estim\u00e9e\" \/>\n\t<meta name=\"twitter:data1\" content=\"2 minutes\" \/>\n<script type=\"application\/ld+json\" class=\"yoast-schema-graph\">{\"@context\":\"https:\\\/\\\/schema.org\",\"@graph\":[{\"@type\":\"WebPage\",\"@id\":\"https:\\\/\\\/www.verdieditions.com\\\/bretagne-photos\\\/produit\\\/portrait-medaillon-coiffe-lorient\\\/\",\"url\":\"https:\\\/\\\/www.verdieditions.com\\\/bretagne-photos\\\/produit\\\/portrait-medaillon-coiffe-lorient\\\/\",\"name\":\"Portrait en m\u00e9daillon avec coiffe de Lorient - Bretagne Photos\",\"isPartOf\":{\"@id\":\"https:\\\/\\\/www.verdieditions.com\\\/bretagne-photos\\\/#website\"},\"primaryImageOfPage\":{\"@id\":\"https:\\\/\\\/www.verdieditions.com\\\/bretagne-photos\\\/produit\\\/portrait-medaillon-coiffe-lorient\\\/#primaryimage\"},\"image\":{\"@id\":\"https:\\\/\\\/www.verdieditions.com\\\/bretagne-photos\\\/produit\\\/portrait-medaillon-coiffe-lorient\\\/#primaryimage\"},\"thumbnailUrl\":\"https:\\\/\\\/www.verdieditions.com\\\/bretagne-photos\\\/wp-content\\\/uploads\\\/2024\\\/06\\\/00845-SV-AURw.jpg?v=1719239003\",\"datePublished\":\"2024-02-01T16:02:36+00:00\",\"dateModified\":\"2024-07-05T08:42:29+00:00\",\"description\":\"Portrait en m\u00e9daillon avec coiffe de Lorient 1920 (56) Cr\u00e9dits : Armand Sterlin - Sylvie Verdi, Collection Priv\u00e9e - restaur\u00e9e TIFF 300 dpi 1352 px x 2064 px\",\"breadcrumb\":{\"@id\":\"https:\\\/\\\/www.verdieditions.com\\\/bretagne-photos\\\/produit\\\/portrait-medaillon-coiffe-lorient\\\/#breadcrumb\"},\"inLanguage\":\"fr-FR\",\"potentialAction\":[{\"@type\":\"ReadAction\",\"target\":[\"https:\\\/\\\/www.verdieditions.com\\\/bretagne-photos\\\/produit\\\/portrait-medaillon-coiffe-lorient\\\/\"]}]},{\"@type\":\"ImageObject\",\"inLanguage\":\"fr-FR\",\"@id\":\"https:\\\/\\\/www.verdieditions.com\\\/bretagne-photos\\\/produit\\\/portrait-medaillon-coiffe-lorient\\\/#primaryimage\",\"url\":\"https:\\\/\\\/www.verdieditions.com\\\/bretagne-photos\\\/wp-content\\\/uploads\\\/2024\\\/06\\\/00845-SV-AURw.jpg?v=1719239003\",\"contentUrl\":\"https:\\\/\\\/www.verdieditions.com\\\/bretagne-photos\\\/wp-content\\\/uploads\\\/2024\\\/06\\\/00845-SV-AURw.jpg?v=1719239003\",\"width\":524,\"height\":800,\"caption\":\"Portrait m\u00e9daillon coiffe Lorient\"},{\"@type\":\"BreadcrumbList\",\"@id\":\"https:\\\/\\\/www.verdieditions.com\\\/bretagne-photos\\\/produit\\\/portrait-medaillon-coiffe-lorient\\\/#breadcrumb\",\"itemListElement\":[{\"@type\":\"ListItem\",\"position\":1,\"name\":\"Accueil\",\"item\":\"https:\\\/\\\/www.verdieditions.com\\\/bretagne-photos\\\/\"},{\"@type\":\"ListItem\",\"position\":2,\"name\":\"Boutique Photos\",\"item\":\"https:\\\/\\\/www.verdieditions.com\\\/bretagne-photos\\\/shop\\\/\"},{\"@type\":\"ListItem\",\"position\":3,\"name\":\"Portrait en m\u00e9daillon avec coiffe de Lorient\"}]},{\"@type\":\"WebSite\",\"@id\":\"https:\\\/\\\/www.verdieditions.com\\\/bretagne-photos\\\/#website\",\"url\":\"https:\\\/\\\/www.verdieditions.com\\\/bretagne-photos\\\/\",\"name\":\"Bretagne Photos\",\"description\":\"Boutique Photos Histoire et Patrimoine de la Bretagne hier et aujourd\u2019hui\",\"publisher\":{\"@id\":\"https:\\\/\\\/www.verdieditions.com\\\/bretagne-photos\\\/#\\\/schema\\\/person\\\/fc0081c9a1f479261147ba0b3d529c2c\"},\"potentialAction\":[{\"@type\":\"SearchAction\",\"target\":{\"@type\":\"EntryPoint\",\"urlTemplate\":\"https:\\\/\\\/www.verdieditions.com\\\/bretagne-photos\\\/?s={search_term_string}\"},\"query-input\":{\"@type\":\"PropertyValueSpecification\",\"valueRequired\":true,\"valueName\":\"search_term_string\"}}],\"inLanguage\":\"fr-FR\"},{\"@type\":[\"Person\",\"Organization\"],\"@id\":\"https:\\\/\\\/www.verdieditions.com\\\/bretagne-photos\\\/#\\\/schema\\\/person\\\/fc0081c9a1f479261147ba0b3d529c2c\",\"name\":\"Sylvie VERDI\",\"image\":{\"@type\":\"ImageObject\",\"inLanguage\":\"fr-FR\",\"@id\":\"https:\\\/\\\/www.verdieditions.com\\\/bretagne-photos\\\/wp-content\\\/uploads\\\/2023\\\/09\\\/logo-bretagne-photos-2.png\",\"url\":\"https:\\\/\\\/www.verdieditions.com\\\/bretagne-photos\\\/wp-content\\\/uploads\\\/2023\\\/09\\\/logo-bretagne-photos-2.png\",\"contentUrl\":\"https:\\\/\\\/www.verdieditions.com\\\/bretagne-photos\\\/wp-content\\\/uploads\\\/2023\\\/09\\\/logo-bretagne-photos-2.png\",\"width\":270,\"height\":63,\"caption\":\"Sylvie VERDI\"},\"logo\":{\"@id\":\"https:\\\/\\\/www.verdieditions.com\\\/bretagne-photos\\\/wp-content\\\/uploads\\\/2023\\\/09\\\/logo-bretagne-photos-2.png\"},\"sameAs\":[\"https:\\\/\\\/www.verdieditions.com\\\/bretagne-photos\"]}]}<\/script>\n<!-- \/ Yoast SEO plugin. -->","yoast_head_json":{"title":"Portrait en m\u00e9daillon avec coiffe de Lorient - Bretagne Photos","description":"Portrait en m\u00e9daillon avec coiffe de Lorient 1920 (56) Cr\u00e9dits : Armand Sterlin - Sylvie Verdi, Collection Priv\u00e9e - restaur\u00e9e TIFF 300 dpi 1352 px x 2064 px","robots":{"index":"index","follow":"follow","max-snippet":"max-snippet:-1","max-image-preview":"max-image-preview:large","max-video-preview":"max-video-preview:-1"},"canonical":"https:\/\/www.verdieditions.com\/bretagne-photos\/produit\/portrait-medaillon-coiffe-lorient\/","og_locale":"fr_FR","og_type":"article","og_title":"Portrait en m\u00e9daillon avec coiffe de Lorient - Bretagne Photos","og_description":"Portrait en m\u00e9daillon avec coiffe de Lorient 1920 (56) Cr\u00e9dits : Armand Sterlin - Sylvie Verdi, Collection Priv\u00e9e - restaur\u00e9e TIFF 300 dpi 1352 px x 2064 px","og_url":"https:\/\/www.verdieditions.com\/bretagne-photos\/produit\/portrait-medaillon-coiffe-lorient\/","og_site_name":"Bretagne Photos","article_modified_time":"2024-07-05T08:42:29+00:00","og_image":[{"width":524,"height":800,"url":"https:\/\/www.verdieditions.com\/bretagne-photos\/wp-content\/uploads\/2024\/06\/00845-SV-AURw.jpg?v=1719239003","type":"image\/jpeg"}],"twitter_card":"summary_large_image","twitter_misc":{"Dur\u00e9e de lecture estim\u00e9e":"2 minutes"},"schema":{"@context":"https:\/\/schema.org","@graph":[{"@type":"WebPage","@id":"https:\/\/www.verdieditions.com\/bretagne-photos\/produit\/portrait-medaillon-coiffe-lorient\/","url":"https:\/\/www.verdieditions.com\/bretagne-photos\/produit\/portrait-medaillon-coiffe-lorient\/","name":"Portrait en m\u00e9daillon avec coiffe de Lorient - Bretagne Photos","isPartOf":{"@id":"https:\/\/www.verdieditions.com\/bretagne-photos\/#website"},"primaryImageOfPage":{"@id":"https:\/\/www.verdieditions.com\/bretagne-photos\/produit\/portrait-medaillon-coiffe-lorient\/#primaryimage"},"image":{"@id":"https:\/\/www.verdieditions.com\/bretagne-photos\/produit\/portrait-medaillon-coiffe-lorient\/#primaryimage"},"thumbnailUrl":"https:\/\/www.verdieditions.com\/bretagne-photos\/wp-content\/uploads\/2024\/06\/00845-SV-AURw.jpg?v=1719239003","datePublished":"2024-02-01T16:02:36+00:00","dateModified":"2024-07-05T08:42:29+00:00","description":"Portrait en m\u00e9daillon avec coiffe de Lorient 1920 (56) Cr\u00e9dits : Armand Sterlin - Sylvie Verdi, Collection Priv\u00e9e - restaur\u00e9e TIFF 300 dpi 1352 px x 2064 px","breadcrumb":{"@id":"https:\/\/www.verdieditions.com\/bretagne-photos\/produit\/portrait-medaillon-coiffe-lorient\/#breadcrumb"},"inLanguage":"fr-FR","potentialAction":[{"@type":"ReadAction","target":["https:\/\/www.verdieditions.com\/bretagne-photos\/produit\/portrait-medaillon-coiffe-lorient\/"]}]},{"@type":"ImageObject","inLanguage":"fr-FR","@id":"https:\/\/www.verdieditions.com\/bretagne-photos\/produit\/portrait-medaillon-coiffe-lorient\/#primaryimage","url":"https:\/\/www.verdieditions.com\/bretagne-photos\/wp-content\/uploads\/2024\/06\/00845-SV-AURw.jpg?v=1719239003","contentUrl":"https:\/\/www.verdieditions.com\/bretagne-photos\/wp-content\/uploads\/2024\/06\/00845-SV-AURw.jpg?v=1719239003","width":524,"height":800,"caption":"Portrait m\u00e9daillon coiffe Lorient"},{"@type":"BreadcrumbList","@id":"https:\/\/www.verdieditions.com\/bretagne-photos\/produit\/portrait-medaillon-coiffe-lorient\/#breadcrumb","itemListElement":[{"@type":"ListItem","position":1,"name":"Accueil","item":"https:\/\/www.verdieditions.com\/bretagne-photos\/"},{"@type":"ListItem","position":2,"name":"Boutique Photos","item":"https:\/\/www.verdieditions.com\/bretagne-photos\/shop\/"},{"@type":"ListItem","position":3,"name":"Portrait en m\u00e9daillon avec coiffe de Lorient"}]},{"@type":"WebSite","@id":"https:\/\/www.verdieditions.com\/bretagne-photos\/#website","url":"https:\/\/www.verdieditions.com\/bretagne-photos\/","name":"Bretagne Photos","description":"Boutique Photos Histoire et Patrimoine de la Bretagne hier et aujourd\u2019hui","publisher":{"@id":"https:\/\/www.verdieditions.com\/bretagne-photos\/#\/schema\/person\/fc0081c9a1f479261147ba0b3d529c2c"},"potentialAction":[{"@type":"SearchAction","target":{"@type":"EntryPoint","urlTemplate":"https:\/\/www.verdieditions.com\/bretagne-photos\/?s={search_term_string}"},"query-input":{"@type":"PropertyValueSpecification","valueRequired":true,"valueName":"search_term_string"}}],"inLanguage":"fr-FR"},{"@type":["Person","Organization"],"@id":"https:\/\/www.verdieditions.com\/bretagne-photos\/#\/schema\/person\/fc0081c9a1f479261147ba0b3d529c2c","name":"Sylvie VERDI","image":{"@type":"ImageObject","inLanguage":"fr-FR","@id":"https:\/\/www.verdieditions.com\/bretagne-photos\/wp-content\/uploads\/2023\/09\/logo-bretagne-photos-2.png","url":"https:\/\/www.verdieditions.com\/bretagne-photos\/wp-content\/uploads\/2023\/09\/logo-bretagne-photos-2.png","contentUrl":"https:\/\/www.verdieditions.com\/bretagne-photos\/wp-content\/uploads\/2023\/09\/logo-bretagne-photos-2.png","width":270,"height":63,"caption":"Sylvie VERDI"},"logo":{"@id":"https:\/\/www.verdieditions.com\/bretagne-photos\/wp-content\/uploads\/2023\/09\/logo-bretagne-photos-2.png"},"sameAs":["https:\/\/www.verdieditions.com\/bretagne-photos"]}]}},"_links":{"self":[{"href":"https:\/\/www.verdieditions.com\/bretagne-photos\/wp-json\/wp\/v2\/product\/3098","targetHints":{"allow":["GET"]}}],"collection":[{"href":"https:\/\/www.verdieditions.com\/bretagne-photos\/wp-json\/wp\/v2\/product"}],"about":[{"href":"https:\/\/www.verdieditions.com\/bretagne-photos\/wp-json\/wp\/v2\/types\/product"}],"wp:featuredmedia":[{"embeddable":true,"href":"https:\/\/www.verdieditions.com\/bretagne-photos\/wp-json\/wp\/v2\/media\/3095"}],"wp:attachment":[{"href":"https:\/\/www.verdieditions.com\/bretagne-photos\/wp-json\/wp\/v2\/media?parent=3098"}],"wp:term":[{"taxonomy":"product_brand","embeddable":true,"href":"https:\/\/www.verdieditions.com\/bretagne-photos\/wp-json\/wp\/v2\/product_brand?post=3098"},{"taxonomy":"product_cat","embeddable":true,"href":"https:\/\/www.verdieditions.com\/bretagne-photos\/wp-json\/wp\/v2\/product_cat?post=3098"},{"taxonomy":"product_tag","embeddable":true,"href":"https:\/\/www.verdieditions.com\/bretagne-photos\/wp-json\/wp\/v2\/product_tag?post=3098"}],"curies":[{"name":"wp","href":"https:\/\/api.w.org\/{rel}","templated":true}]}}