{"id":3063,"date":"2024-06-12T11:37:28","date_gmt":"2024-06-12T09:37:28","guid":{"rendered":"https:\/\/www.verdieditions.com\/bretagne-photos\/?post_type=product&#038;p=3063"},"modified":"2024-07-05T15:43:55","modified_gmt":"2024-07-05T13:43:55","slug":"robes-annees-1920-plougasnou","status":"publish","type":"product","link":"https:\/\/www.verdieditions.com\/bretagne-photos\/produit\/robes-annees-1920-plougasnou\/","title":{"rendered":"Demoiselles en robes ann\u00e9es 20 \u00e0 Plougasnou"},"content":{"rendered":"<p>Demoiselles en robes ann\u00e9es 20 au bourg \u00e0 Plougasnou, \u00e0 l&rsquo;occasion d&rsquo;un mariage<br \/>\nAnn\u00e9e : 1929<br \/>\nLieu : Plougasnou (29)<br \/>\nCr\u00e9dits : Sylvie Verdi, Collection Priv\u00e9e<br \/>\nFormat : JPG<br \/>\nQualit\u00e9 : 600 dpi<br \/>\nTaille : 1225 px x 1858 px <\/p>\n<p>Sur la photo : Contenu r\u00e9serv\u00e9 aux utilisateurs connect\u00e9s. <a href=\"https:\/\/www.verdieditions.com\/bretagne-photos\/my-account\/\">Se connecter \/ S'enregistrer<\/a>.<\/p>\n","protected":false},"excerpt":{"rendered":"<p>Demoiselles en robes ann\u00e9es 20 au bourg \u00e0 Plougasnou, \u00e0 l&rsquo;occasion d&rsquo;un mariage<br \/>\nAnn\u00e9e : 1929<br \/>\nLieu : Plougasnou (29)<br \/>\nCr\u00e9dits : Sylvie Verdi, Collection Priv\u00e9e<br \/>\nFormat : JPG<br \/>\nQualit\u00e9 : 600 dpi<br \/>\nTaille : 1225 px x 1858 px <\/p>\n","protected":false},"featured_media":3064,"template":"","meta":{"_kadence_starter_templates_imported_post":true,"_kad_post_transparent":"default","_kad_post_title":"","_kad_post_layout":"default","_kad_post_sidebar_id":"","_kad_post_content_style":"default","_kad_post_vertical_padding":"default","_kad_post_feature":"","_kad_post_feature_position":"","_kad_post_header":false,"_kad_post_footer":false,"_kad_post_classname":""},"product_brand":[],"product_cat":[33],"product_tag":[88,84,87],"class_list":{"0":"post-3063","1":"product","2":"type-product","3":"status-publish","4":"has-post-thumbnail","6":"product_cat-personnages","7":"product_tag-annees-1920","8":"product_tag-finistere","9":"product_tag-plougasnou","11":"first","12":"instock","13":"downloadable","14":"virtual","15":"sold-individually","16":"purchasable","17":"product-type-simple","18":"entry","19":"content-bg","20":"loop-entry"},"yoast_head":"<!-- This site is optimized with the Yoast SEO plugin v27.4 - https:\/\/yoast.com\/product\/yoast-seo-wordpress\/ -->\n<title>Demoiselles en robes ann\u00e9es 20 \u00e0 Plougasnou - Bretagne Photos<\/title>\n<meta name=\"description\" content=\"Demoiselles en robes ann\u00e9es 20 au bourg \u00e0 Plougasnou, mariage - 1929 Plougasnou (29) Cr\u00e9dits : Sylvie Verdi, Collection Priv\u00e9e JPG 600 dpi 1225 px x 1858 px\" \/>\n<meta name=\"robots\" content=\"index, follow, max-snippet:-1, max-image-preview:large, max-video-preview:-1\" \/>\n<link rel=\"canonical\" href=\"https:\/\/www.verdieditions.com\/bretagne-photos\/produit\/robes-annees-1920-plougasnou\/\" \/>\n<meta property=\"og:locale\" content=\"fr_FR\" \/>\n<meta property=\"og:type\" content=\"article\" \/>\n<meta property=\"og:title\" content=\"Demoiselles en robes ann\u00e9es 20 \u00e0 Plougasnou - Bretagne Photos\" \/>\n<meta property=\"og:description\" content=\"Demoiselles en robes ann\u00e9es 20 au bourg \u00e0 Plougasnou, mariage - 1929 Plougasnou (29) Cr\u00e9dits : Sylvie Verdi, Collection Priv\u00e9e JPG 600 dpi 1225 px x 1858 px\" \/>\n<meta property=\"og:url\" content=\"https:\/\/www.verdieditions.com\/bretagne-photos\/produit\/robes-annees-1920-plougasnou\/\" \/>\n<meta property=\"og:site_name\" content=\"Bretagne Photos\" \/>\n<meta property=\"article:modified_time\" content=\"2024-07-05T13:43:55+00:00\" \/>\n<meta property=\"og:image\" content=\"https:\/\/www.verdieditions.com\/bretagne-photos\/wp-content\/uploads\/2024\/06\/00833-SV-PLOw.jpg?v=1718271730\" \/>\n\t<meta property=\"og:image:width\" content=\"527\" \/>\n\t<meta property=\"og:image:height\" content=\"800\" \/>\n\t<meta property=\"og:image:type\" content=\"image\/jpeg\" \/>\n<meta name=\"twitter:card\" content=\"summary_large_image\" \/>\n<meta name=\"twitter:label1\" content=\"Dur\u00e9e de lecture estim\u00e9e\" \/>\n\t<meta name=\"twitter:data1\" content=\"1 minute\" \/>\n<script type=\"application\/ld+json\" class=\"yoast-schema-graph\">{\"@context\":\"https:\\\/\\\/schema.org\",\"@graph\":[{\"@type\":\"WebPage\",\"@id\":\"https:\\\/\\\/www.verdieditions.com\\\/bretagne-photos\\\/produit\\\/robes-annees-1920-plougasnou\\\/\",\"url\":\"https:\\\/\\\/www.verdieditions.com\\\/bretagne-photos\\\/produit\\\/robes-annees-1920-plougasnou\\\/\",\"name\":\"Demoiselles en robes ann\u00e9es 20 \u00e0 Plougasnou - Bretagne Photos\",\"isPartOf\":{\"@id\":\"https:\\\/\\\/www.verdieditions.com\\\/bretagne-photos\\\/#website\"},\"primaryImageOfPage\":{\"@id\":\"https:\\\/\\\/www.verdieditions.com\\\/bretagne-photos\\\/produit\\\/robes-annees-1920-plougasnou\\\/#primaryimage\"},\"image\":{\"@id\":\"https:\\\/\\\/www.verdieditions.com\\\/bretagne-photos\\\/produit\\\/robes-annees-1920-plougasnou\\\/#primaryimage\"},\"thumbnailUrl\":\"https:\\\/\\\/www.verdieditions.com\\\/bretagne-photos\\\/wp-content\\\/uploads\\\/2024\\\/06\\\/00833-SV-PLOw.jpg?v=1718271730\",\"datePublished\":\"2024-06-12T09:37:28+00:00\",\"dateModified\":\"2024-07-05T13:43:55+00:00\",\"description\":\"Demoiselles en robes ann\u00e9es 20 au bourg \u00e0 Plougasnou, mariage - 1929 Plougasnou (29) Cr\u00e9dits : Sylvie Verdi, Collection Priv\u00e9e JPG 600 dpi 1225 px x 1858 px\",\"breadcrumb\":{\"@id\":\"https:\\\/\\\/www.verdieditions.com\\\/bretagne-photos\\\/produit\\\/robes-annees-1920-plougasnou\\\/#breadcrumb\"},\"inLanguage\":\"fr-FR\",\"potentialAction\":[{\"@type\":\"ReadAction\",\"target\":[\"https:\\\/\\\/www.verdieditions.com\\\/bretagne-photos\\\/produit\\\/robes-annees-1920-plougasnou\\\/\"]}]},{\"@type\":\"ImageObject\",\"inLanguage\":\"fr-FR\",\"@id\":\"https:\\\/\\\/www.verdieditions.com\\\/bretagne-photos\\\/produit\\\/robes-annees-1920-plougasnou\\\/#primaryimage\",\"url\":\"https:\\\/\\\/www.verdieditions.com\\\/bretagne-photos\\\/wp-content\\\/uploads\\\/2024\\\/06\\\/00833-SV-PLOw.jpg?v=1718271730\",\"contentUrl\":\"https:\\\/\\\/www.verdieditions.com\\\/bretagne-photos\\\/wp-content\\\/uploads\\\/2024\\\/06\\\/00833-SV-PLOw.jpg?v=1718271730\",\"width\":527,\"height\":800,\"caption\":\"Demoiselles robes ann\u00e9es 20 Plougasnou\"},{\"@type\":\"BreadcrumbList\",\"@id\":\"https:\\\/\\\/www.verdieditions.com\\\/bretagne-photos\\\/produit\\\/robes-annees-1920-plougasnou\\\/#breadcrumb\",\"itemListElement\":[{\"@type\":\"ListItem\",\"position\":1,\"name\":\"Accueil\",\"item\":\"https:\\\/\\\/www.verdieditions.com\\\/bretagne-photos\\\/\"},{\"@type\":\"ListItem\",\"position\":2,\"name\":\"Boutique Photos\",\"item\":\"https:\\\/\\\/www.verdieditions.com\\\/bretagne-photos\\\/shop\\\/\"},{\"@type\":\"ListItem\",\"position\":3,\"name\":\"Demoiselles en robes ann\u00e9es 20 \u00e0 Plougasnou\"}]},{\"@type\":\"WebSite\",\"@id\":\"https:\\\/\\\/www.verdieditions.com\\\/bretagne-photos\\\/#website\",\"url\":\"https:\\\/\\\/www.verdieditions.com\\\/bretagne-photos\\\/\",\"name\":\"Bretagne Photos\",\"description\":\"Boutique Photos Histoire et Patrimoine de la Bretagne hier et aujourd\u2019hui\",\"publisher\":{\"@id\":\"https:\\\/\\\/www.verdieditions.com\\\/bretagne-photos\\\/#\\\/schema\\\/person\\\/fc0081c9a1f479261147ba0b3d529c2c\"},\"potentialAction\":[{\"@type\":\"SearchAction\",\"target\":{\"@type\":\"EntryPoint\",\"urlTemplate\":\"https:\\\/\\\/www.verdieditions.com\\\/bretagne-photos\\\/?s={search_term_string}\"},\"query-input\":{\"@type\":\"PropertyValueSpecification\",\"valueRequired\":true,\"valueName\":\"search_term_string\"}}],\"inLanguage\":\"fr-FR\"},{\"@type\":[\"Person\",\"Organization\"],\"@id\":\"https:\\\/\\\/www.verdieditions.com\\\/bretagne-photos\\\/#\\\/schema\\\/person\\\/fc0081c9a1f479261147ba0b3d529c2c\",\"name\":\"Sylvie VERDI\",\"image\":{\"@type\":\"ImageObject\",\"inLanguage\":\"fr-FR\",\"@id\":\"https:\\\/\\\/www.verdieditions.com\\\/bretagne-photos\\\/wp-content\\\/uploads\\\/2023\\\/09\\\/logo-bretagne-photos-2.png\",\"url\":\"https:\\\/\\\/www.verdieditions.com\\\/bretagne-photos\\\/wp-content\\\/uploads\\\/2023\\\/09\\\/logo-bretagne-photos-2.png\",\"contentUrl\":\"https:\\\/\\\/www.verdieditions.com\\\/bretagne-photos\\\/wp-content\\\/uploads\\\/2023\\\/09\\\/logo-bretagne-photos-2.png\",\"width\":270,\"height\":63,\"caption\":\"Sylvie VERDI\"},\"logo\":{\"@id\":\"https:\\\/\\\/www.verdieditions.com\\\/bretagne-photos\\\/wp-content\\\/uploads\\\/2023\\\/09\\\/logo-bretagne-photos-2.png\"},\"sameAs\":[\"https:\\\/\\\/www.verdieditions.com\\\/bretagne-photos\"]}]}<\/script>\n<!-- \/ Yoast SEO plugin. -->","yoast_head_json":{"title":"Demoiselles en robes ann\u00e9es 20 \u00e0 Plougasnou - Bretagne Photos","description":"Demoiselles en robes ann\u00e9es 20 au bourg \u00e0 Plougasnou, mariage - 1929 Plougasnou (29) Cr\u00e9dits : Sylvie Verdi, Collection Priv\u00e9e JPG 600 dpi 1225 px x 1858 px","robots":{"index":"index","follow":"follow","max-snippet":"max-snippet:-1","max-image-preview":"max-image-preview:large","max-video-preview":"max-video-preview:-1"},"canonical":"https:\/\/www.verdieditions.com\/bretagne-photos\/produit\/robes-annees-1920-plougasnou\/","og_locale":"fr_FR","og_type":"article","og_title":"Demoiselles en robes ann\u00e9es 20 \u00e0 Plougasnou - Bretagne Photos","og_description":"Demoiselles en robes ann\u00e9es 20 au bourg \u00e0 Plougasnou, mariage - 1929 Plougasnou (29) Cr\u00e9dits : Sylvie Verdi, Collection Priv\u00e9e JPG 600 dpi 1225 px x 1858 px","og_url":"https:\/\/www.verdieditions.com\/bretagne-photos\/produit\/robes-annees-1920-plougasnou\/","og_site_name":"Bretagne Photos","article_modified_time":"2024-07-05T13:43:55+00:00","og_image":[{"width":527,"height":800,"url":"https:\/\/www.verdieditions.com\/bretagne-photos\/wp-content\/uploads\/2024\/06\/00833-SV-PLOw.jpg?v=1718271730","type":"image\/jpeg"}],"twitter_card":"summary_large_image","twitter_misc":{"Dur\u00e9e de lecture estim\u00e9e":"1 minute"},"schema":{"@context":"https:\/\/schema.org","@graph":[{"@type":"WebPage","@id":"https:\/\/www.verdieditions.com\/bretagne-photos\/produit\/robes-annees-1920-plougasnou\/","url":"https:\/\/www.verdieditions.com\/bretagne-photos\/produit\/robes-annees-1920-plougasnou\/","name":"Demoiselles en robes ann\u00e9es 20 \u00e0 Plougasnou - Bretagne Photos","isPartOf":{"@id":"https:\/\/www.verdieditions.com\/bretagne-photos\/#website"},"primaryImageOfPage":{"@id":"https:\/\/www.verdieditions.com\/bretagne-photos\/produit\/robes-annees-1920-plougasnou\/#primaryimage"},"image":{"@id":"https:\/\/www.verdieditions.com\/bretagne-photos\/produit\/robes-annees-1920-plougasnou\/#primaryimage"},"thumbnailUrl":"https:\/\/www.verdieditions.com\/bretagne-photos\/wp-content\/uploads\/2024\/06\/00833-SV-PLOw.jpg?v=1718271730","datePublished":"2024-06-12T09:37:28+00:00","dateModified":"2024-07-05T13:43:55+00:00","description":"Demoiselles en robes ann\u00e9es 20 au bourg \u00e0 Plougasnou, mariage - 1929 Plougasnou (29) Cr\u00e9dits : Sylvie Verdi, Collection Priv\u00e9e JPG 600 dpi 1225 px x 1858 px","breadcrumb":{"@id":"https:\/\/www.verdieditions.com\/bretagne-photos\/produit\/robes-annees-1920-plougasnou\/#breadcrumb"},"inLanguage":"fr-FR","potentialAction":[{"@type":"ReadAction","target":["https:\/\/www.verdieditions.com\/bretagne-photos\/produit\/robes-annees-1920-plougasnou\/"]}]},{"@type":"ImageObject","inLanguage":"fr-FR","@id":"https:\/\/www.verdieditions.com\/bretagne-photos\/produit\/robes-annees-1920-plougasnou\/#primaryimage","url":"https:\/\/www.verdieditions.com\/bretagne-photos\/wp-content\/uploads\/2024\/06\/00833-SV-PLOw.jpg?v=1718271730","contentUrl":"https:\/\/www.verdieditions.com\/bretagne-photos\/wp-content\/uploads\/2024\/06\/00833-SV-PLOw.jpg?v=1718271730","width":527,"height":800,"caption":"Demoiselles robes ann\u00e9es 20 Plougasnou"},{"@type":"BreadcrumbList","@id":"https:\/\/www.verdieditions.com\/bretagne-photos\/produit\/robes-annees-1920-plougasnou\/#breadcrumb","itemListElement":[{"@type":"ListItem","position":1,"name":"Accueil","item":"https:\/\/www.verdieditions.com\/bretagne-photos\/"},{"@type":"ListItem","position":2,"name":"Boutique Photos","item":"https:\/\/www.verdieditions.com\/bretagne-photos\/shop\/"},{"@type":"ListItem","position":3,"name":"Demoiselles en robes ann\u00e9es 20 \u00e0 Plougasnou"}]},{"@type":"WebSite","@id":"https:\/\/www.verdieditions.com\/bretagne-photos\/#website","url":"https:\/\/www.verdieditions.com\/bretagne-photos\/","name":"Bretagne Photos","description":"Boutique Photos Histoire et Patrimoine de la Bretagne hier et aujourd\u2019hui","publisher":{"@id":"https:\/\/www.verdieditions.com\/bretagne-photos\/#\/schema\/person\/fc0081c9a1f479261147ba0b3d529c2c"},"potentialAction":[{"@type":"SearchAction","target":{"@type":"EntryPoint","urlTemplate":"https:\/\/www.verdieditions.com\/bretagne-photos\/?s={search_term_string}"},"query-input":{"@type":"PropertyValueSpecification","valueRequired":true,"valueName":"search_term_string"}}],"inLanguage":"fr-FR"},{"@type":["Person","Organization"],"@id":"https:\/\/www.verdieditions.com\/bretagne-photos\/#\/schema\/person\/fc0081c9a1f479261147ba0b3d529c2c","name":"Sylvie VERDI","image":{"@type":"ImageObject","inLanguage":"fr-FR","@id":"https:\/\/www.verdieditions.com\/bretagne-photos\/wp-content\/uploads\/2023\/09\/logo-bretagne-photos-2.png","url":"https:\/\/www.verdieditions.com\/bretagne-photos\/wp-content\/uploads\/2023\/09\/logo-bretagne-photos-2.png","contentUrl":"https:\/\/www.verdieditions.com\/bretagne-photos\/wp-content\/uploads\/2023\/09\/logo-bretagne-photos-2.png","width":270,"height":63,"caption":"Sylvie VERDI"},"logo":{"@id":"https:\/\/www.verdieditions.com\/bretagne-photos\/wp-content\/uploads\/2023\/09\/logo-bretagne-photos-2.png"},"sameAs":["https:\/\/www.verdieditions.com\/bretagne-photos"]}]}},"_links":{"self":[{"href":"https:\/\/www.verdieditions.com\/bretagne-photos\/wp-json\/wp\/v2\/product\/3063","targetHints":{"allow":["GET"]}}],"collection":[{"href":"https:\/\/www.verdieditions.com\/bretagne-photos\/wp-json\/wp\/v2\/product"}],"about":[{"href":"https:\/\/www.verdieditions.com\/bretagne-photos\/wp-json\/wp\/v2\/types\/product"}],"wp:featuredmedia":[{"embeddable":true,"href":"https:\/\/www.verdieditions.com\/bretagne-photos\/wp-json\/wp\/v2\/media\/3064"}],"wp:attachment":[{"href":"https:\/\/www.verdieditions.com\/bretagne-photos\/wp-json\/wp\/v2\/media?parent=3063"}],"wp:term":[{"taxonomy":"product_brand","embeddable":true,"href":"https:\/\/www.verdieditions.com\/bretagne-photos\/wp-json\/wp\/v2\/product_brand?post=3063"},{"taxonomy":"product_cat","embeddable":true,"href":"https:\/\/www.verdieditions.com\/bretagne-photos\/wp-json\/wp\/v2\/product_cat?post=3063"},{"taxonomy":"product_tag","embeddable":true,"href":"https:\/\/www.verdieditions.com\/bretagne-photos\/wp-json\/wp\/v2\/product_tag?post=3063"}],"curies":[{"name":"wp","href":"https:\/\/api.w.org\/{rel}","templated":true}]}}