{"id":3013,"date":"2024-03-17T14:25:50","date_gmt":"2024-03-17T13:25:50","guid":{"rendered":"https:\/\/www.verdieditions.com\/bretagne-photos\/?post_type=product&#038;p=3013"},"modified":"2024-07-05T11:38:44","modified_gmt":"2024-07-05T09:38:44","slug":"houat-eglise-benediction-cloche-juin-1966","status":"publish","type":"product","link":"https:\/\/www.verdieditions.com\/bretagne-photos\/produit\/houat-eglise-benediction-cloche-juin-1966\/","title":{"rendered":"Houat : L&rsquo;\u00e9glise, b\u00e9n\u00e9diction de la cloche 1966"},"content":{"rendered":"<p>Houat : L&rsquo;\u00e9glise, b\u00e9n\u00e9diction de la cloche 1966<br \/>\nAnn\u00e9e : 1966<br \/>\nLieu : Ile de Houat (56)<br \/>\nCr\u00e9dits : Sylvie Verdi, Collection Priv\u00e9e<br \/>\nFormat : JPG<br \/>\nQualit\u00e9 : 300 dpi<br \/>\nTaille : 930 px x 1374 px<\/p>\n<h3>La b\u00e9n\u00e9diction de la nouvelle cloche <\/h3>\n<p><em>Au printemps [19 juin 1966], le remplacement de la cloche de l\u2019\u00e9glise fut pr\u00e9vu et voici ce que le recteur en \u00e9crivait \u00e0 l\u2019\u00e9poque : \u00ab <em>Les adieux de Louis Marie Augustine<\/em> \u00bb. (&#8230;)<\/p>\n<p>Nous n\u2019entendrons plus la grosse cloche de Houat. Le 2 f\u00e9vrier dernier, on l\u2019a descendue de son clocher, bless\u00e9e, f\u00eal\u00e9e, mutil\u00e9e. Nous pensions pouvoir la sauver et la remettre dans sa tour o\u00f9 elle sonnait depuis 73 ans. Elle est trop malade. L\u2019usine Bodet de Tr\u00e9mentines ne peut la r\u00e9parer. Il va falloir en refondre une autre. Cette bonne servante de la paroisse de Houat n\u2019a pas voulu partir sans vous faire ses adieux.(&#8230;)<\/p>\n<p>Puis, ce fut l\u2019inauguration le 19 juin. Le recteur \u00e9crivait dans le bulletin : \u00abB\u00e9n\u00e9diction de la Nouvelle Cloche \u00bb. (&#8230;)<br \/>\nMonseigneur Boussard, \u00e9v\u00eaque de Vannes, viendra b\u00e9nir la cloche neuve (\u00e9lectrique) dimanche 19 juin en pr\u00e9sence de plusieurs invit\u00e9s : M. Sanguinetti, M. le sous-pr\u00e9fet, M. le cur\u00e9 de Quiberon, MM Go Van et Bonnet, M. le vicaire g\u00e9n\u00e9ral. (&#8230;)<\/em><br \/>\nSource : <a href=\"https:\/\/www.verdieditions.com\/produit\/histoires-de-houat-rene-scouarnec\/\">Histoires de Houat, Ren\u00e9 Scouarnec, ISBN 9782953305401<\/a><\/p>\n","protected":false},"excerpt":{"rendered":"<p>Houat : L&rsquo;\u00e9glise, b\u00e9n\u00e9diction de la cloche 1966<br \/>\nAnn\u00e9e : 1966<br \/>\nLieu : Ile de Houat (56)<br \/>\nCr\u00e9dits : Sylvie Verdi, Collection Priv\u00e9e<br \/>\nFormat : JPG<br \/>\nQualit\u00e9 : 300 dpi<br \/>\nTaille : 930 px x 1374 px<\/p>\n","protected":false},"featured_media":3014,"template":"","meta":{"_kadence_starter_templates_imported_post":true,"_kad_post_transparent":"default","_kad_post_title":"","_kad_post_layout":"default","_kad_post_sidebar_id":"","_kad_post_content_style":"default","_kad_post_vertical_padding":"default","_kad_post_feature":"","_kad_post_feature_position":"","_kad_post_header":false,"_kad_post_footer":false,"_kad_post_classname":""},"product_brand":[],"product_cat":[34],"product_tag":[76,35,85,46],"class_list":{"0":"post-3013","1":"product","2":"type-product","3":"status-publish","4":"has-post-thumbnail","6":"product_cat-evenements","7":"product_tag-annees-1960","8":"product_tag-houat","9":"product_tag-morbihan","10":"product_tag-religion","12":"first","13":"instock","14":"downloadable","15":"virtual","16":"sold-individually","17":"purchasable","18":"product-type-simple","19":"entry","20":"content-bg","21":"loop-entry"},"yoast_head":"<!-- This site is optimized with the Yoast SEO plugin v27.4 - https:\/\/yoast.com\/product\/yoast-seo-wordpress\/ -->\n<title>Houat : L&#039;\u00e9glise, b\u00e9n\u00e9diction de la cloche 1966 - Bretagne Photos<\/title>\n<meta name=\"description\" content=\"Houat : L&#039;\u00e9glise, b\u00e9n\u00e9diction de la cloche 1966 Ann\u00e9e : 1966 Lieu : Ile de Houat (56) Cr\u00e9dits : Sylvie Verdi, Collection Priv\u00e9e JPG 300 dpi 930 px x 1374 px\" \/>\n<meta name=\"robots\" content=\"index, follow, max-snippet:-1, max-image-preview:large, max-video-preview:-1\" \/>\n<link rel=\"canonical\" href=\"https:\/\/www.verdieditions.com\/bretagne-photos\/produit\/houat-eglise-benediction-cloche-juin-1966\/\" \/>\n<meta property=\"og:locale\" content=\"fr_FR\" \/>\n<meta property=\"og:type\" content=\"article\" \/>\n<meta property=\"og:title\" content=\"Houat : L&#039;\u00e9glise, b\u00e9n\u00e9diction de la cloche 1966 - Bretagne Photos\" \/>\n<meta property=\"og:description\" content=\"Houat : L&#039;\u00e9glise, b\u00e9n\u00e9diction de la cloche 1966 Ann\u00e9e : 1966 Lieu : Ile de Houat (56) Cr\u00e9dits : Sylvie Verdi, Collection Priv\u00e9e JPG 300 dpi 930 px x 1374 px\" \/>\n<meta property=\"og:url\" content=\"https:\/\/www.verdieditions.com\/bretagne-photos\/produit\/houat-eglise-benediction-cloche-juin-1966\/\" \/>\n<meta property=\"og:site_name\" content=\"Bretagne Photos\" \/>\n<meta property=\"article:modified_time\" content=\"2024-07-05T09:38:44+00:00\" \/>\n<meta property=\"og:image\" content=\"https:\/\/www.verdieditions.com\/bretagne-photos\/wp-content\/uploads\/2024\/05\/00015-SV-HOUw.jpg?v=1716208635\" \/>\n\t<meta property=\"og:image:width\" content=\"541\" \/>\n\t<meta property=\"og:image:height\" content=\"800\" \/>\n\t<meta property=\"og:image:type\" content=\"image\/jpeg\" \/>\n<meta name=\"twitter:card\" content=\"summary_large_image\" \/>\n<meta name=\"twitter:label1\" content=\"Dur\u00e9e de lecture estim\u00e9e\" \/>\n\t<meta name=\"twitter:data1\" content=\"2 minutes\" \/>\n<script type=\"application\/ld+json\" class=\"yoast-schema-graph\">{\"@context\":\"https:\\\/\\\/schema.org\",\"@graph\":[{\"@type\":\"WebPage\",\"@id\":\"https:\\\/\\\/www.verdieditions.com\\\/bretagne-photos\\\/produit\\\/houat-eglise-benediction-cloche-juin-1966\\\/\",\"url\":\"https:\\\/\\\/www.verdieditions.com\\\/bretagne-photos\\\/produit\\\/houat-eglise-benediction-cloche-juin-1966\\\/\",\"name\":\"Houat : L'\u00e9glise, b\u00e9n\u00e9diction de la cloche 1966 - Bretagne Photos\",\"isPartOf\":{\"@id\":\"https:\\\/\\\/www.verdieditions.com\\\/bretagne-photos\\\/#website\"},\"primaryImageOfPage\":{\"@id\":\"https:\\\/\\\/www.verdieditions.com\\\/bretagne-photos\\\/produit\\\/houat-eglise-benediction-cloche-juin-1966\\\/#primaryimage\"},\"image\":{\"@id\":\"https:\\\/\\\/www.verdieditions.com\\\/bretagne-photos\\\/produit\\\/houat-eglise-benediction-cloche-juin-1966\\\/#primaryimage\"},\"thumbnailUrl\":\"https:\\\/\\\/www.verdieditions.com\\\/bretagne-photos\\\/wp-content\\\/uploads\\\/2024\\\/05\\\/00015-SV-HOUw.jpg?v=1716208635\",\"datePublished\":\"2024-03-17T13:25:50+00:00\",\"dateModified\":\"2024-07-05T09:38:44+00:00\",\"description\":\"Houat : L'\u00e9glise, b\u00e9n\u00e9diction de la cloche 1966 Ann\u00e9e : 1966 Lieu : Ile de Houat (56) Cr\u00e9dits : Sylvie Verdi, Collection Priv\u00e9e JPG 300 dpi 930 px x 1374 px\",\"breadcrumb\":{\"@id\":\"https:\\\/\\\/www.verdieditions.com\\\/bretagne-photos\\\/produit\\\/houat-eglise-benediction-cloche-juin-1966\\\/#breadcrumb\"},\"inLanguage\":\"fr-FR\",\"potentialAction\":[{\"@type\":\"ReadAction\",\"target\":[\"https:\\\/\\\/www.verdieditions.com\\\/bretagne-photos\\\/produit\\\/houat-eglise-benediction-cloche-juin-1966\\\/\"]}]},{\"@type\":\"ImageObject\",\"inLanguage\":\"fr-FR\",\"@id\":\"https:\\\/\\\/www.verdieditions.com\\\/bretagne-photos\\\/produit\\\/houat-eglise-benediction-cloche-juin-1966\\\/#primaryimage\",\"url\":\"https:\\\/\\\/www.verdieditions.com\\\/bretagne-photos\\\/wp-content\\\/uploads\\\/2024\\\/05\\\/00015-SV-HOUw.jpg?v=1716208635\",\"contentUrl\":\"https:\\\/\\\/www.verdieditions.com\\\/bretagne-photos\\\/wp-content\\\/uploads\\\/2024\\\/05\\\/00015-SV-HOUw.jpg?v=1716208635\",\"width\":541,\"height\":800,\"caption\":\"houat-eglise-benediction-cloche-1966\"},{\"@type\":\"BreadcrumbList\",\"@id\":\"https:\\\/\\\/www.verdieditions.com\\\/bretagne-photos\\\/produit\\\/houat-eglise-benediction-cloche-juin-1966\\\/#breadcrumb\",\"itemListElement\":[{\"@type\":\"ListItem\",\"position\":1,\"name\":\"Accueil\",\"item\":\"https:\\\/\\\/www.verdieditions.com\\\/bretagne-photos\\\/\"},{\"@type\":\"ListItem\",\"position\":2,\"name\":\"Boutique Photos\",\"item\":\"https:\\\/\\\/www.verdieditions.com\\\/bretagne-photos\\\/shop\\\/\"},{\"@type\":\"ListItem\",\"position\":3,\"name\":\"Houat : L&#8217;\u00e9glise, b\u00e9n\u00e9diction de la cloche 1966\"}]},{\"@type\":\"WebSite\",\"@id\":\"https:\\\/\\\/www.verdieditions.com\\\/bretagne-photos\\\/#website\",\"url\":\"https:\\\/\\\/www.verdieditions.com\\\/bretagne-photos\\\/\",\"name\":\"Bretagne Photos\",\"description\":\"Boutique Photos Histoire et Patrimoine de la Bretagne hier et aujourd\u2019hui\",\"publisher\":{\"@id\":\"https:\\\/\\\/www.verdieditions.com\\\/bretagne-photos\\\/#\\\/schema\\\/person\\\/fc0081c9a1f479261147ba0b3d529c2c\"},\"potentialAction\":[{\"@type\":\"SearchAction\",\"target\":{\"@type\":\"EntryPoint\",\"urlTemplate\":\"https:\\\/\\\/www.verdieditions.com\\\/bretagne-photos\\\/?s={search_term_string}\"},\"query-input\":{\"@type\":\"PropertyValueSpecification\",\"valueRequired\":true,\"valueName\":\"search_term_string\"}}],\"inLanguage\":\"fr-FR\"},{\"@type\":[\"Person\",\"Organization\"],\"@id\":\"https:\\\/\\\/www.verdieditions.com\\\/bretagne-photos\\\/#\\\/schema\\\/person\\\/fc0081c9a1f479261147ba0b3d529c2c\",\"name\":\"Sylvie VERDI\",\"image\":{\"@type\":\"ImageObject\",\"inLanguage\":\"fr-FR\",\"@id\":\"https:\\\/\\\/www.verdieditions.com\\\/bretagne-photos\\\/wp-content\\\/uploads\\\/2023\\\/09\\\/logo-bretagne-photos-2.png\",\"url\":\"https:\\\/\\\/www.verdieditions.com\\\/bretagne-photos\\\/wp-content\\\/uploads\\\/2023\\\/09\\\/logo-bretagne-photos-2.png\",\"contentUrl\":\"https:\\\/\\\/www.verdieditions.com\\\/bretagne-photos\\\/wp-content\\\/uploads\\\/2023\\\/09\\\/logo-bretagne-photos-2.png\",\"width\":270,\"height\":63,\"caption\":\"Sylvie VERDI\"},\"logo\":{\"@id\":\"https:\\\/\\\/www.verdieditions.com\\\/bretagne-photos\\\/wp-content\\\/uploads\\\/2023\\\/09\\\/logo-bretagne-photos-2.png\"},\"sameAs\":[\"https:\\\/\\\/www.verdieditions.com\\\/bretagne-photos\"]}]}<\/script>\n<!-- \/ Yoast SEO plugin. -->","yoast_head_json":{"title":"Houat : L'\u00e9glise, b\u00e9n\u00e9diction de la cloche 1966 - Bretagne Photos","description":"Houat : L'\u00e9glise, b\u00e9n\u00e9diction de la cloche 1966 Ann\u00e9e : 1966 Lieu : Ile de Houat (56) Cr\u00e9dits : Sylvie Verdi, Collection Priv\u00e9e JPG 300 dpi 930 px x 1374 px","robots":{"index":"index","follow":"follow","max-snippet":"max-snippet:-1","max-image-preview":"max-image-preview:large","max-video-preview":"max-video-preview:-1"},"canonical":"https:\/\/www.verdieditions.com\/bretagne-photos\/produit\/houat-eglise-benediction-cloche-juin-1966\/","og_locale":"fr_FR","og_type":"article","og_title":"Houat : L'\u00e9glise, b\u00e9n\u00e9diction de la cloche 1966 - Bretagne Photos","og_description":"Houat : L'\u00e9glise, b\u00e9n\u00e9diction de la cloche 1966 Ann\u00e9e : 1966 Lieu : Ile de Houat (56) Cr\u00e9dits : Sylvie Verdi, Collection Priv\u00e9e JPG 300 dpi 930 px x 1374 px","og_url":"https:\/\/www.verdieditions.com\/bretagne-photos\/produit\/houat-eglise-benediction-cloche-juin-1966\/","og_site_name":"Bretagne Photos","article_modified_time":"2024-07-05T09:38:44+00:00","og_image":[{"width":541,"height":800,"url":"https:\/\/www.verdieditions.com\/bretagne-photos\/wp-content\/uploads\/2024\/05\/00015-SV-HOUw.jpg?v=1716208635","type":"image\/jpeg"}],"twitter_card":"summary_large_image","twitter_misc":{"Dur\u00e9e de lecture estim\u00e9e":"2 minutes"},"schema":{"@context":"https:\/\/schema.org","@graph":[{"@type":"WebPage","@id":"https:\/\/www.verdieditions.com\/bretagne-photos\/produit\/houat-eglise-benediction-cloche-juin-1966\/","url":"https:\/\/www.verdieditions.com\/bretagne-photos\/produit\/houat-eglise-benediction-cloche-juin-1966\/","name":"Houat : L'\u00e9glise, b\u00e9n\u00e9diction de la cloche 1966 - Bretagne Photos","isPartOf":{"@id":"https:\/\/www.verdieditions.com\/bretagne-photos\/#website"},"primaryImageOfPage":{"@id":"https:\/\/www.verdieditions.com\/bretagne-photos\/produit\/houat-eglise-benediction-cloche-juin-1966\/#primaryimage"},"image":{"@id":"https:\/\/www.verdieditions.com\/bretagne-photos\/produit\/houat-eglise-benediction-cloche-juin-1966\/#primaryimage"},"thumbnailUrl":"https:\/\/www.verdieditions.com\/bretagne-photos\/wp-content\/uploads\/2024\/05\/00015-SV-HOUw.jpg?v=1716208635","datePublished":"2024-03-17T13:25:50+00:00","dateModified":"2024-07-05T09:38:44+00:00","description":"Houat : L'\u00e9glise, b\u00e9n\u00e9diction de la cloche 1966 Ann\u00e9e : 1966 Lieu : Ile de Houat (56) Cr\u00e9dits : Sylvie Verdi, Collection Priv\u00e9e JPG 300 dpi 930 px x 1374 px","breadcrumb":{"@id":"https:\/\/www.verdieditions.com\/bretagne-photos\/produit\/houat-eglise-benediction-cloche-juin-1966\/#breadcrumb"},"inLanguage":"fr-FR","potentialAction":[{"@type":"ReadAction","target":["https:\/\/www.verdieditions.com\/bretagne-photos\/produit\/houat-eglise-benediction-cloche-juin-1966\/"]}]},{"@type":"ImageObject","inLanguage":"fr-FR","@id":"https:\/\/www.verdieditions.com\/bretagne-photos\/produit\/houat-eglise-benediction-cloche-juin-1966\/#primaryimage","url":"https:\/\/www.verdieditions.com\/bretagne-photos\/wp-content\/uploads\/2024\/05\/00015-SV-HOUw.jpg?v=1716208635","contentUrl":"https:\/\/www.verdieditions.com\/bretagne-photos\/wp-content\/uploads\/2024\/05\/00015-SV-HOUw.jpg?v=1716208635","width":541,"height":800,"caption":"houat-eglise-benediction-cloche-1966"},{"@type":"BreadcrumbList","@id":"https:\/\/www.verdieditions.com\/bretagne-photos\/produit\/houat-eglise-benediction-cloche-juin-1966\/#breadcrumb","itemListElement":[{"@type":"ListItem","position":1,"name":"Accueil","item":"https:\/\/www.verdieditions.com\/bretagne-photos\/"},{"@type":"ListItem","position":2,"name":"Boutique Photos","item":"https:\/\/www.verdieditions.com\/bretagne-photos\/shop\/"},{"@type":"ListItem","position":3,"name":"Houat : L&#8217;\u00e9glise, b\u00e9n\u00e9diction de la cloche 1966"}]},{"@type":"WebSite","@id":"https:\/\/www.verdieditions.com\/bretagne-photos\/#website","url":"https:\/\/www.verdieditions.com\/bretagne-photos\/","name":"Bretagne Photos","description":"Boutique Photos Histoire et Patrimoine de la Bretagne hier et aujourd\u2019hui","publisher":{"@id":"https:\/\/www.verdieditions.com\/bretagne-photos\/#\/schema\/person\/fc0081c9a1f479261147ba0b3d529c2c"},"potentialAction":[{"@type":"SearchAction","target":{"@type":"EntryPoint","urlTemplate":"https:\/\/www.verdieditions.com\/bretagne-photos\/?s={search_term_string}"},"query-input":{"@type":"PropertyValueSpecification","valueRequired":true,"valueName":"search_term_string"}}],"inLanguage":"fr-FR"},{"@type":["Person","Organization"],"@id":"https:\/\/www.verdieditions.com\/bretagne-photos\/#\/schema\/person\/fc0081c9a1f479261147ba0b3d529c2c","name":"Sylvie VERDI","image":{"@type":"ImageObject","inLanguage":"fr-FR","@id":"https:\/\/www.verdieditions.com\/bretagne-photos\/wp-content\/uploads\/2023\/09\/logo-bretagne-photos-2.png","url":"https:\/\/www.verdieditions.com\/bretagne-photos\/wp-content\/uploads\/2023\/09\/logo-bretagne-photos-2.png","contentUrl":"https:\/\/www.verdieditions.com\/bretagne-photos\/wp-content\/uploads\/2023\/09\/logo-bretagne-photos-2.png","width":270,"height":63,"caption":"Sylvie VERDI"},"logo":{"@id":"https:\/\/www.verdieditions.com\/bretagne-photos\/wp-content\/uploads\/2023\/09\/logo-bretagne-photos-2.png"},"sameAs":["https:\/\/www.verdieditions.com\/bretagne-photos"]}]}},"_links":{"self":[{"href":"https:\/\/www.verdieditions.com\/bretagne-photos\/wp-json\/wp\/v2\/product\/3013","targetHints":{"allow":["GET"]}}],"collection":[{"href":"https:\/\/www.verdieditions.com\/bretagne-photos\/wp-json\/wp\/v2\/product"}],"about":[{"href":"https:\/\/www.verdieditions.com\/bretagne-photos\/wp-json\/wp\/v2\/types\/product"}],"wp:featuredmedia":[{"embeddable":true,"href":"https:\/\/www.verdieditions.com\/bretagne-photos\/wp-json\/wp\/v2\/media\/3014"}],"wp:attachment":[{"href":"https:\/\/www.verdieditions.com\/bretagne-photos\/wp-json\/wp\/v2\/media?parent=3013"}],"wp:term":[{"taxonomy":"product_brand","embeddable":true,"href":"https:\/\/www.verdieditions.com\/bretagne-photos\/wp-json\/wp\/v2\/product_brand?post=3013"},{"taxonomy":"product_cat","embeddable":true,"href":"https:\/\/www.verdieditions.com\/bretagne-photos\/wp-json\/wp\/v2\/product_cat?post=3013"},{"taxonomy":"product_tag","embeddable":true,"href":"https:\/\/www.verdieditions.com\/bretagne-photos\/wp-json\/wp\/v2\/product_tag?post=3013"}],"curies":[{"name":"wp","href":"https:\/\/api.w.org\/{rel}","templated":true}]}}