{"id":2280,"date":"2024-02-14T13:14:21","date_gmt":"2024-02-14T12:14:21","guid":{"rendered":"https:\/\/www.verdieditions.com\/bretagne-photos\/?post_type=product&#038;p=2280"},"modified":"2024-07-05T11:30:00","modified_gmt":"2024-07-05T09:30:00","slug":"croix-ancienne-cimetierre-houat-rocher-vieille","status":"publish","type":"product","link":"https:\/\/www.verdieditions.com\/bretagne-photos\/produit\/croix-ancienne-cimetierre-houat-rocher-vieille\/","title":{"rendered":"Croix ancienne au Cimeti\u00e8re de Houat"},"content":{"rendered":"<p>Croix ancienne au Cimeti\u00e8re de Houat et vue sur le rochier de la Vieille<br \/>\nAnn\u00e9e : Ann\u00e9es 60<br \/>\nLieu : Ile de Houat (56)<br \/>\nCr\u00e9dits : Sylvie Verdi, Collection Priv\u00e9e<br \/>\nFormat : TIF<br \/>\nQualit\u00e9 : 300 dpi<br \/>\nTaille : 817 px x 1200 px<\/p>\n","protected":false},"excerpt":{"rendered":"<p>Croix ancienne au Cimeti\u00e8re de Houat et vue sur le rochier de la Vieille<br \/>\nAnn\u00e9e : Ann\u00e9es 60<br \/>\nLieu : Ile de Houat (56)<br \/>\nCr\u00e9dits : Sylvie Verdi, Collection Priv\u00e9e<br \/>\nFormat : TIF<br \/>\nQualit\u00e9 : 300 dpi<br \/>\nTaille : 817 px x 1200 px<\/p>\n","protected":false},"featured_media":2271,"template":"","meta":{"_kadence_starter_templates_imported_post":true,"_kad_post_transparent":"default","_kad_post_title":"","_kad_post_layout":"default","_kad_post_sidebar_id":"","_kad_post_content_style":"default","_kad_post_vertical_padding":"default","_kad_post_feature":"","_kad_post_feature_position":"","_kad_post_header":false,"_kad_post_footer":false,"_kad_post_classname":""},"product_brand":[],"product_cat":[32],"product_tag":[76,35,85,46],"class_list":{"0":"post-2280","1":"product","2":"type-product","3":"status-publish","4":"has-post-thumbnail","6":"product_cat-paysages","7":"product_tag-annees-1960","8":"product_tag-houat","9":"product_tag-morbihan","10":"product_tag-religion","12":"first","13":"instock","14":"downloadable","15":"virtual","16":"sold-individually","17":"purchasable","18":"product-type-simple","19":"entry","20":"content-bg","21":"loop-entry"},"yoast_head":"<!-- This site is optimized with the Yoast SEO plugin v27.4 - https:\/\/yoast.com\/product\/yoast-seo-wordpress\/ -->\n<title>Croix ancienne au Cimeti\u00e8re de Houat - Bretagne Photos<\/title>\n<meta name=\"description\" content=\"Croix ancienne Cimeti\u00e8re de Houat (56) et le rochier de la Vieille Ann\u00e9es 60 (56) Cr\u00e9dits : Sylvie Verdi, Collection Priv\u00e9e TIF 300 dpi 817 px x 1200 px\" \/>\n<meta name=\"robots\" content=\"index, follow, max-snippet:-1, max-image-preview:large, max-video-preview:-1\" \/>\n<link rel=\"canonical\" href=\"https:\/\/www.verdieditions.com\/bretagne-photos\/produit\/croix-ancienne-cimetierre-houat-rocher-vieille\/\" \/>\n<meta property=\"og:locale\" content=\"fr_FR\" \/>\n<meta property=\"og:type\" content=\"article\" \/>\n<meta property=\"og:title\" content=\"Croix ancienne au Cimeti\u00e8re de Houat - Bretagne Photos\" \/>\n<meta property=\"og:description\" content=\"Croix ancienne Cimeti\u00e8re de Houat (56) et le rochier de la Vieille Ann\u00e9es 60 (56) Cr\u00e9dits : Sylvie Verdi, Collection Priv\u00e9e TIF 300 dpi 817 px x 1200 px\" \/>\n<meta property=\"og:url\" content=\"https:\/\/www.verdieditions.com\/bretagne-photos\/produit\/croix-ancienne-cimetierre-houat-rocher-vieille\/\" \/>\n<meta property=\"og:site_name\" content=\"Bretagne Photos\" \/>\n<meta property=\"article:modified_time\" content=\"2024-07-05T09:30:00+00:00\" \/>\n<meta property=\"og:image\" content=\"https:\/\/www.verdieditions.com\/bretagne-photos\/wp-content\/uploads\/2023\/11\/Village-Houat-49-RRR-2.jpg?v=1699957908\" \/>\n\t<meta property=\"og:image:width\" content=\"549\" \/>\n\t<meta property=\"og:image:height\" content=\"800\" \/>\n\t<meta property=\"og:image:type\" content=\"image\/jpeg\" \/>\n<meta name=\"twitter:card\" content=\"summary_large_image\" \/>\n<meta name=\"twitter:label1\" content=\"Dur\u00e9e de lecture estim\u00e9e\" \/>\n\t<meta name=\"twitter:data1\" content=\"1 minute\" \/>\n<script type=\"application\/ld+json\" class=\"yoast-schema-graph\">{\"@context\":\"https:\\\/\\\/schema.org\",\"@graph\":[{\"@type\":\"WebPage\",\"@id\":\"https:\\\/\\\/www.verdieditions.com\\\/bretagne-photos\\\/produit\\\/croix-ancienne-cimetierre-houat-rocher-vieille\\\/\",\"url\":\"https:\\\/\\\/www.verdieditions.com\\\/bretagne-photos\\\/produit\\\/croix-ancienne-cimetierre-houat-rocher-vieille\\\/\",\"name\":\"Croix ancienne au Cimeti\u00e8re de Houat - Bretagne Photos\",\"isPartOf\":{\"@id\":\"https:\\\/\\\/www.verdieditions.com\\\/bretagne-photos\\\/#website\"},\"primaryImageOfPage\":{\"@id\":\"https:\\\/\\\/www.verdieditions.com\\\/bretagne-photos\\\/produit\\\/croix-ancienne-cimetierre-houat-rocher-vieille\\\/#primaryimage\"},\"image\":{\"@id\":\"https:\\\/\\\/www.verdieditions.com\\\/bretagne-photos\\\/produit\\\/croix-ancienne-cimetierre-houat-rocher-vieille\\\/#primaryimage\"},\"thumbnailUrl\":\"https:\\\/\\\/www.verdieditions.com\\\/bretagne-photos\\\/wp-content\\\/uploads\\\/2023\\\/11\\\/Village-Houat-49-RRR-2.jpg?v=1699957908\",\"datePublished\":\"2024-02-14T12:14:21+00:00\",\"dateModified\":\"2024-07-05T09:30:00+00:00\",\"description\":\"Croix ancienne Cimeti\u00e8re de Houat (56) et le rochier de la Vieille Ann\u00e9es 60 (56) Cr\u00e9dits : Sylvie Verdi, Collection Priv\u00e9e TIF 300 dpi 817 px x 1200 px\",\"breadcrumb\":{\"@id\":\"https:\\\/\\\/www.verdieditions.com\\\/bretagne-photos\\\/produit\\\/croix-ancienne-cimetierre-houat-rocher-vieille\\\/#breadcrumb\"},\"inLanguage\":\"fr-FR\",\"potentialAction\":[{\"@type\":\"ReadAction\",\"target\":[\"https:\\\/\\\/www.verdieditions.com\\\/bretagne-photos\\\/produit\\\/croix-ancienne-cimetierre-houat-rocher-vieille\\\/\"]}]},{\"@type\":\"ImageObject\",\"inLanguage\":\"fr-FR\",\"@id\":\"https:\\\/\\\/www.verdieditions.com\\\/bretagne-photos\\\/produit\\\/croix-ancienne-cimetierre-houat-rocher-vieille\\\/#primaryimage\",\"url\":\"https:\\\/\\\/www.verdieditions.com\\\/bretagne-photos\\\/wp-content\\\/uploads\\\/2023\\\/11\\\/Village-Houat-49-RRR-2.jpg?v=1699957908\",\"contentUrl\":\"https:\\\/\\\/www.verdieditions.com\\\/bretagne-photos\\\/wp-content\\\/uploads\\\/2023\\\/11\\\/Village-Houat-49-RRR-2.jpg?v=1699957908\",\"width\":549,\"height\":800,\"caption\":\"Croix ancienne Cimetiere Houat\"},{\"@type\":\"BreadcrumbList\",\"@id\":\"https:\\\/\\\/www.verdieditions.com\\\/bretagne-photos\\\/produit\\\/croix-ancienne-cimetierre-houat-rocher-vieille\\\/#breadcrumb\",\"itemListElement\":[{\"@type\":\"ListItem\",\"position\":1,\"name\":\"Accueil\",\"item\":\"https:\\\/\\\/www.verdieditions.com\\\/bretagne-photos\\\/\"},{\"@type\":\"ListItem\",\"position\":2,\"name\":\"Boutique Photos\",\"item\":\"https:\\\/\\\/www.verdieditions.com\\\/bretagne-photos\\\/shop\\\/\"},{\"@type\":\"ListItem\",\"position\":3,\"name\":\"Croix ancienne au Cimeti\u00e8re de Houat\"}]},{\"@type\":\"WebSite\",\"@id\":\"https:\\\/\\\/www.verdieditions.com\\\/bretagne-photos\\\/#website\",\"url\":\"https:\\\/\\\/www.verdieditions.com\\\/bretagne-photos\\\/\",\"name\":\"Bretagne Photos\",\"description\":\"Boutique Photos Histoire et Patrimoine de la Bretagne hier et aujourd\u2019hui\",\"publisher\":{\"@id\":\"https:\\\/\\\/www.verdieditions.com\\\/bretagne-photos\\\/#\\\/schema\\\/person\\\/fc0081c9a1f479261147ba0b3d529c2c\"},\"potentialAction\":[{\"@type\":\"SearchAction\",\"target\":{\"@type\":\"EntryPoint\",\"urlTemplate\":\"https:\\\/\\\/www.verdieditions.com\\\/bretagne-photos\\\/?s={search_term_string}\"},\"query-input\":{\"@type\":\"PropertyValueSpecification\",\"valueRequired\":true,\"valueName\":\"search_term_string\"}}],\"inLanguage\":\"fr-FR\"},{\"@type\":[\"Person\",\"Organization\"],\"@id\":\"https:\\\/\\\/www.verdieditions.com\\\/bretagne-photos\\\/#\\\/schema\\\/person\\\/fc0081c9a1f479261147ba0b3d529c2c\",\"name\":\"Sylvie VERDI\",\"image\":{\"@type\":\"ImageObject\",\"inLanguage\":\"fr-FR\",\"@id\":\"https:\\\/\\\/www.verdieditions.com\\\/bretagne-photos\\\/wp-content\\\/uploads\\\/2023\\\/09\\\/logo-bretagne-photos-2.png\",\"url\":\"https:\\\/\\\/www.verdieditions.com\\\/bretagne-photos\\\/wp-content\\\/uploads\\\/2023\\\/09\\\/logo-bretagne-photos-2.png\",\"contentUrl\":\"https:\\\/\\\/www.verdieditions.com\\\/bretagne-photos\\\/wp-content\\\/uploads\\\/2023\\\/09\\\/logo-bretagne-photos-2.png\",\"width\":270,\"height\":63,\"caption\":\"Sylvie VERDI\"},\"logo\":{\"@id\":\"https:\\\/\\\/www.verdieditions.com\\\/bretagne-photos\\\/wp-content\\\/uploads\\\/2023\\\/09\\\/logo-bretagne-photos-2.png\"},\"sameAs\":[\"https:\\\/\\\/www.verdieditions.com\\\/bretagne-photos\"]}]}<\/script>\n<!-- \/ Yoast SEO plugin. -->","yoast_head_json":{"title":"Croix ancienne au Cimeti\u00e8re de Houat - Bretagne Photos","description":"Croix ancienne Cimeti\u00e8re de Houat (56) et le rochier de la Vieille Ann\u00e9es 60 (56) Cr\u00e9dits : Sylvie Verdi, Collection Priv\u00e9e TIF 300 dpi 817 px x 1200 px","robots":{"index":"index","follow":"follow","max-snippet":"max-snippet:-1","max-image-preview":"max-image-preview:large","max-video-preview":"max-video-preview:-1"},"canonical":"https:\/\/www.verdieditions.com\/bretagne-photos\/produit\/croix-ancienne-cimetierre-houat-rocher-vieille\/","og_locale":"fr_FR","og_type":"article","og_title":"Croix ancienne au Cimeti\u00e8re de Houat - Bretagne Photos","og_description":"Croix ancienne Cimeti\u00e8re de Houat (56) et le rochier de la Vieille Ann\u00e9es 60 (56) Cr\u00e9dits : Sylvie Verdi, Collection Priv\u00e9e TIF 300 dpi 817 px x 1200 px","og_url":"https:\/\/www.verdieditions.com\/bretagne-photos\/produit\/croix-ancienne-cimetierre-houat-rocher-vieille\/","og_site_name":"Bretagne Photos","article_modified_time":"2024-07-05T09:30:00+00:00","og_image":[{"width":549,"height":800,"url":"https:\/\/www.verdieditions.com\/bretagne-photos\/wp-content\/uploads\/2023\/11\/Village-Houat-49-RRR-2.jpg?v=1699957908","type":"image\/jpeg"}],"twitter_card":"summary_large_image","twitter_misc":{"Dur\u00e9e de lecture estim\u00e9e":"1 minute"},"schema":{"@context":"https:\/\/schema.org","@graph":[{"@type":"WebPage","@id":"https:\/\/www.verdieditions.com\/bretagne-photos\/produit\/croix-ancienne-cimetierre-houat-rocher-vieille\/","url":"https:\/\/www.verdieditions.com\/bretagne-photos\/produit\/croix-ancienne-cimetierre-houat-rocher-vieille\/","name":"Croix ancienne au Cimeti\u00e8re de Houat - Bretagne Photos","isPartOf":{"@id":"https:\/\/www.verdieditions.com\/bretagne-photos\/#website"},"primaryImageOfPage":{"@id":"https:\/\/www.verdieditions.com\/bretagne-photos\/produit\/croix-ancienne-cimetierre-houat-rocher-vieille\/#primaryimage"},"image":{"@id":"https:\/\/www.verdieditions.com\/bretagne-photos\/produit\/croix-ancienne-cimetierre-houat-rocher-vieille\/#primaryimage"},"thumbnailUrl":"https:\/\/www.verdieditions.com\/bretagne-photos\/wp-content\/uploads\/2023\/11\/Village-Houat-49-RRR-2.jpg?v=1699957908","datePublished":"2024-02-14T12:14:21+00:00","dateModified":"2024-07-05T09:30:00+00:00","description":"Croix ancienne Cimeti\u00e8re de Houat (56) et le rochier de la Vieille Ann\u00e9es 60 (56) Cr\u00e9dits : Sylvie Verdi, Collection Priv\u00e9e TIF 300 dpi 817 px x 1200 px","breadcrumb":{"@id":"https:\/\/www.verdieditions.com\/bretagne-photos\/produit\/croix-ancienne-cimetierre-houat-rocher-vieille\/#breadcrumb"},"inLanguage":"fr-FR","potentialAction":[{"@type":"ReadAction","target":["https:\/\/www.verdieditions.com\/bretagne-photos\/produit\/croix-ancienne-cimetierre-houat-rocher-vieille\/"]}]},{"@type":"ImageObject","inLanguage":"fr-FR","@id":"https:\/\/www.verdieditions.com\/bretagne-photos\/produit\/croix-ancienne-cimetierre-houat-rocher-vieille\/#primaryimage","url":"https:\/\/www.verdieditions.com\/bretagne-photos\/wp-content\/uploads\/2023\/11\/Village-Houat-49-RRR-2.jpg?v=1699957908","contentUrl":"https:\/\/www.verdieditions.com\/bretagne-photos\/wp-content\/uploads\/2023\/11\/Village-Houat-49-RRR-2.jpg?v=1699957908","width":549,"height":800,"caption":"Croix ancienne Cimetiere Houat"},{"@type":"BreadcrumbList","@id":"https:\/\/www.verdieditions.com\/bretagne-photos\/produit\/croix-ancienne-cimetierre-houat-rocher-vieille\/#breadcrumb","itemListElement":[{"@type":"ListItem","position":1,"name":"Accueil","item":"https:\/\/www.verdieditions.com\/bretagne-photos\/"},{"@type":"ListItem","position":2,"name":"Boutique Photos","item":"https:\/\/www.verdieditions.com\/bretagne-photos\/shop\/"},{"@type":"ListItem","position":3,"name":"Croix ancienne au Cimeti\u00e8re de Houat"}]},{"@type":"WebSite","@id":"https:\/\/www.verdieditions.com\/bretagne-photos\/#website","url":"https:\/\/www.verdieditions.com\/bretagne-photos\/","name":"Bretagne Photos","description":"Boutique Photos Histoire et Patrimoine de la Bretagne hier et aujourd\u2019hui","publisher":{"@id":"https:\/\/www.verdieditions.com\/bretagne-photos\/#\/schema\/person\/fc0081c9a1f479261147ba0b3d529c2c"},"potentialAction":[{"@type":"SearchAction","target":{"@type":"EntryPoint","urlTemplate":"https:\/\/www.verdieditions.com\/bretagne-photos\/?s={search_term_string}"},"query-input":{"@type":"PropertyValueSpecification","valueRequired":true,"valueName":"search_term_string"}}],"inLanguage":"fr-FR"},{"@type":["Person","Organization"],"@id":"https:\/\/www.verdieditions.com\/bretagne-photos\/#\/schema\/person\/fc0081c9a1f479261147ba0b3d529c2c","name":"Sylvie VERDI","image":{"@type":"ImageObject","inLanguage":"fr-FR","@id":"https:\/\/www.verdieditions.com\/bretagne-photos\/wp-content\/uploads\/2023\/09\/logo-bretagne-photos-2.png","url":"https:\/\/www.verdieditions.com\/bretagne-photos\/wp-content\/uploads\/2023\/09\/logo-bretagne-photos-2.png","contentUrl":"https:\/\/www.verdieditions.com\/bretagne-photos\/wp-content\/uploads\/2023\/09\/logo-bretagne-photos-2.png","width":270,"height":63,"caption":"Sylvie VERDI"},"logo":{"@id":"https:\/\/www.verdieditions.com\/bretagne-photos\/wp-content\/uploads\/2023\/09\/logo-bretagne-photos-2.png"},"sameAs":["https:\/\/www.verdieditions.com\/bretagne-photos"]}]}},"_links":{"self":[{"href":"https:\/\/www.verdieditions.com\/bretagne-photos\/wp-json\/wp\/v2\/product\/2280","targetHints":{"allow":["GET"]}}],"collection":[{"href":"https:\/\/www.verdieditions.com\/bretagne-photos\/wp-json\/wp\/v2\/product"}],"about":[{"href":"https:\/\/www.verdieditions.com\/bretagne-photos\/wp-json\/wp\/v2\/types\/product"}],"wp:featuredmedia":[{"embeddable":true,"href":"https:\/\/www.verdieditions.com\/bretagne-photos\/wp-json\/wp\/v2\/media\/2271"}],"wp:attachment":[{"href":"https:\/\/www.verdieditions.com\/bretagne-photos\/wp-json\/wp\/v2\/media?parent=2280"}],"wp:term":[{"taxonomy":"product_brand","embeddable":true,"href":"https:\/\/www.verdieditions.com\/bretagne-photos\/wp-json\/wp\/v2\/product_brand?post=2280"},{"taxonomy":"product_cat","embeddable":true,"href":"https:\/\/www.verdieditions.com\/bretagne-photos\/wp-json\/wp\/v2\/product_cat?post=2280"},{"taxonomy":"product_tag","embeddable":true,"href":"https:\/\/www.verdieditions.com\/bretagne-photos\/wp-json\/wp\/v2\/product_tag?post=2280"}],"curies":[{"name":"wp","href":"https:\/\/api.w.org\/{rel}","templated":true}]}}