{"id":1676,"date":"2024-02-02T10:02:15","date_gmt":"2024-02-02T09:02:15","guid":{"rendered":"https:\/\/www.verdieditions.com\/bretagne-photos\/?post_type=product&#038;p=1676"},"modified":"2024-07-23T09:59:05","modified_gmt":"2024-07-23T07:59:05","slug":"arrivee-eveque-boussard-port-houat","status":"publish","type":"product","link":"https:\/\/www.verdieditions.com\/bretagne-photos\/produit\/arrivee-eveque-boussard-port-houat\/","title":{"rendered":"Arriv\u00e9e de l&rsquo;\u00e9v\u00eaque Mgr Boussard au port Saint-Gildas \u00e0 Houat"},"content":{"rendered":"<p>Arriv\u00e9e de l&rsquo;\u00e9v\u00eaque Mgr Boussard au port Saint-Gildas \u00e0 Houat, \u00e0 l&rsquo;occasion des communions solennelles<br \/>\nAnn\u00e9e : 1968<br \/>\nLieu : Ile de Houat<br \/>\nCr\u00e9dits : Sylvie Verdi, Collection Priv\u00e9e<br \/>\nFormat : TIF<br \/>\nQualit\u00e9 : 300 dpi<br \/>\nTaille : 1200 px x 935 px<\/p>\n<p>Sur la photo : Contenu r\u00e9serv\u00e9 aux utilisateurs connect\u00e9s. <a href=\"https:\/\/www.verdieditions.com\/bretagne-photos\/my-account\/\">Se connecter \/ S'enregistrer<\/a>.<\/p>\n","protected":false},"excerpt":{"rendered":"<p>Arriv\u00e9e de l&rsquo;\u00e9v\u00eaque Mgr Boussard au port Saint-Gildas \u00e0 Houat, \u00e0 l&rsquo;occasion des communions solennelles<br \/>\nAnn\u00e9e : 1968<br \/>\nLieu : Ile de Houat<br \/>\nCr\u00e9dits : Sylvie Verdi, Collection Priv\u00e9e<br \/>\nFormat : TIF<br \/>\nQualit\u00e9 : 300 dpi<br \/>\nTaille : 1200 px x 935 px<\/p>\n","protected":false},"featured_media":1646,"template":"","meta":{"_kadence_starter_templates_imported_post":true,"_kad_post_transparent":"default","_kad_post_title":"","_kad_post_layout":"default","_kad_post_sidebar_id":"","_kad_post_content_style":"default","_kad_post_vertical_padding":"default","_kad_post_feature":"","_kad_post_feature_position":"","_kad_post_header":false,"_kad_post_footer":false,"_kad_post_classname":""},"product_brand":[],"product_cat":[34],"product_tag":[76,35,85,42,46],"class_list":{"0":"post-1676","1":"product","2":"type-product","3":"status-publish","4":"has-post-thumbnail","6":"product_cat-evenements","7":"product_tag-annees-1960","8":"product_tag-houat","9":"product_tag-morbihan","10":"product_tag-port","11":"product_tag-religion","13":"first","14":"instock","15":"downloadable","16":"virtual","17":"sold-individually","18":"purchasable","19":"product-type-simple","20":"entry","21":"content-bg","22":"loop-entry"},"yoast_head":"<!-- This site is optimized with the Yoast SEO plugin v27.4 - https:\/\/yoast.com\/product\/yoast-seo-wordpress\/ -->\n<title>Arriv\u00e9e de l&#039;\u00e9v\u00eaque Mgr Boussard au port Saint-Gildas \u00e0 Houat - Bretagne Photos<\/title>\n<meta name=\"description\" content=\"Arriv\u00e9e de l&#039;\u00e9v\u00eaque Mgr Boussard au port \u00e0 Houat, communions solennelles 1968 Ile de Houat Cr\u00e9dits : Sylvie Verdi, Coll Priv\u00e9e TIF 300 dpi 1200 px x 935 px\" \/>\n<meta name=\"robots\" content=\"index, follow, max-snippet:-1, max-image-preview:large, max-video-preview:-1\" \/>\n<link rel=\"canonical\" href=\"https:\/\/www.verdieditions.com\/bretagne-photos\/produit\/arrivee-eveque-boussard-port-houat\/\" \/>\n<meta property=\"og:locale\" content=\"fr_FR\" \/>\n<meta property=\"og:type\" content=\"article\" \/>\n<meta property=\"og:title\" content=\"Arriv\u00e9e de l&#039;\u00e9v\u00eaque Mgr Boussard au port Saint-Gildas \u00e0 Houat - Bretagne Photos\" \/>\n<meta property=\"og:description\" content=\"Arriv\u00e9e de l&#039;\u00e9v\u00eaque Mgr Boussard au port \u00e0 Houat, communions solennelles 1968 Ile de Houat Cr\u00e9dits : Sylvie Verdi, Coll Priv\u00e9e TIF 300 dpi 1200 px x 935 px\" \/>\n<meta property=\"og:url\" content=\"https:\/\/www.verdieditions.com\/bretagne-photos\/produit\/arrivee-eveque-boussard-port-houat\/\" \/>\n<meta property=\"og:site_name\" content=\"Bretagne Photos\" \/>\n<meta property=\"article:modified_time\" content=\"2024-07-23T07:59:05+00:00\" \/>\n<meta property=\"og:image\" content=\"https:\/\/www.verdieditions.com\/bretagne-photos\/wp-content\/uploads\/2023\/09\/arrivee-mgr-boussard-houat-quai-port-communions-1.jpg?v=1695908583\" \/>\n\t<meta property=\"og:image:width\" content=\"800\" \/>\n\t<meta property=\"og:image:height\" content=\"614\" \/>\n\t<meta property=\"og:image:type\" content=\"image\/jpeg\" \/>\n<meta name=\"twitter:card\" content=\"summary_large_image\" \/>\n<meta name=\"twitter:label1\" content=\"Dur\u00e9e de lecture estim\u00e9e\" \/>\n\t<meta name=\"twitter:data1\" content=\"1 minute\" \/>\n<script type=\"application\/ld+json\" class=\"yoast-schema-graph\">{\"@context\":\"https:\\\/\\\/schema.org\",\"@graph\":[{\"@type\":\"WebPage\",\"@id\":\"https:\\\/\\\/www.verdieditions.com\\\/bretagne-photos\\\/produit\\\/arrivee-eveque-boussard-port-houat\\\/\",\"url\":\"https:\\\/\\\/www.verdieditions.com\\\/bretagne-photos\\\/produit\\\/arrivee-eveque-boussard-port-houat\\\/\",\"name\":\"Arriv\u00e9e de l'\u00e9v\u00eaque Mgr Boussard au port Saint-Gildas \u00e0 Houat - Bretagne Photos\",\"isPartOf\":{\"@id\":\"https:\\\/\\\/www.verdieditions.com\\\/bretagne-photos\\\/#website\"},\"primaryImageOfPage\":{\"@id\":\"https:\\\/\\\/www.verdieditions.com\\\/bretagne-photos\\\/produit\\\/arrivee-eveque-boussard-port-houat\\\/#primaryimage\"},\"image\":{\"@id\":\"https:\\\/\\\/www.verdieditions.com\\\/bretagne-photos\\\/produit\\\/arrivee-eveque-boussard-port-houat\\\/#primaryimage\"},\"thumbnailUrl\":\"https:\\\/\\\/www.verdieditions.com\\\/bretagne-photos\\\/wp-content\\\/uploads\\\/2023\\\/09\\\/arrivee-mgr-boussard-houat-quai-port-communions-1.jpg?v=1695908583\",\"datePublished\":\"2024-02-02T09:02:15+00:00\",\"dateModified\":\"2024-07-23T07:59:05+00:00\",\"description\":\"Arriv\u00e9e de l'\u00e9v\u00eaque Mgr Boussard au port \u00e0 Houat, communions solennelles 1968 Ile de Houat Cr\u00e9dits : Sylvie Verdi, Coll Priv\u00e9e TIF 300 dpi 1200 px x 935 px\",\"breadcrumb\":{\"@id\":\"https:\\\/\\\/www.verdieditions.com\\\/bretagne-photos\\\/produit\\\/arrivee-eveque-boussard-port-houat\\\/#breadcrumb\"},\"inLanguage\":\"fr-FR\",\"potentialAction\":[{\"@type\":\"ReadAction\",\"target\":[\"https:\\\/\\\/www.verdieditions.com\\\/bretagne-photos\\\/produit\\\/arrivee-eveque-boussard-port-houat\\\/\"]}]},{\"@type\":\"ImageObject\",\"inLanguage\":\"fr-FR\",\"@id\":\"https:\\\/\\\/www.verdieditions.com\\\/bretagne-photos\\\/produit\\\/arrivee-eveque-boussard-port-houat\\\/#primaryimage\",\"url\":\"https:\\\/\\\/www.verdieditions.com\\\/bretagne-photos\\\/wp-content\\\/uploads\\\/2023\\\/09\\\/arrivee-mgr-boussard-houat-quai-port-communions-1.jpg?v=1695908583\",\"contentUrl\":\"https:\\\/\\\/www.verdieditions.com\\\/bretagne-photos\\\/wp-content\\\/uploads\\\/2023\\\/09\\\/arrivee-mgr-boussard-houat-quai-port-communions-1.jpg?v=1695908583\",\"width\":800,\"height\":614,\"caption\":\"arrivee-mgr-boussard-houat-quai-port-communions-1\"},{\"@type\":\"BreadcrumbList\",\"@id\":\"https:\\\/\\\/www.verdieditions.com\\\/bretagne-photos\\\/produit\\\/arrivee-eveque-boussard-port-houat\\\/#breadcrumb\",\"itemListElement\":[{\"@type\":\"ListItem\",\"position\":1,\"name\":\"Accueil\",\"item\":\"https:\\\/\\\/www.verdieditions.com\\\/bretagne-photos\\\/\"},{\"@type\":\"ListItem\",\"position\":2,\"name\":\"Boutique Photos\",\"item\":\"https:\\\/\\\/www.verdieditions.com\\\/bretagne-photos\\\/shop\\\/\"},{\"@type\":\"ListItem\",\"position\":3,\"name\":\"Arriv\u00e9e de l&#8217;\u00e9v\u00eaque Mgr Boussard au port Saint-Gildas \u00e0 Houat\"}]},{\"@type\":\"WebSite\",\"@id\":\"https:\\\/\\\/www.verdieditions.com\\\/bretagne-photos\\\/#website\",\"url\":\"https:\\\/\\\/www.verdieditions.com\\\/bretagne-photos\\\/\",\"name\":\"Bretagne Photos\",\"description\":\"Boutique Photos Histoire et Patrimoine de la Bretagne hier et aujourd\u2019hui\",\"publisher\":{\"@id\":\"https:\\\/\\\/www.verdieditions.com\\\/bretagne-photos\\\/#\\\/schema\\\/person\\\/fc0081c9a1f479261147ba0b3d529c2c\"},\"potentialAction\":[{\"@type\":\"SearchAction\",\"target\":{\"@type\":\"EntryPoint\",\"urlTemplate\":\"https:\\\/\\\/www.verdieditions.com\\\/bretagne-photos\\\/?s={search_term_string}\"},\"query-input\":{\"@type\":\"PropertyValueSpecification\",\"valueRequired\":true,\"valueName\":\"search_term_string\"}}],\"inLanguage\":\"fr-FR\"},{\"@type\":[\"Person\",\"Organization\"],\"@id\":\"https:\\\/\\\/www.verdieditions.com\\\/bretagne-photos\\\/#\\\/schema\\\/person\\\/fc0081c9a1f479261147ba0b3d529c2c\",\"name\":\"Sylvie VERDI\",\"image\":{\"@type\":\"ImageObject\",\"inLanguage\":\"fr-FR\",\"@id\":\"https:\\\/\\\/www.verdieditions.com\\\/bretagne-photos\\\/wp-content\\\/uploads\\\/2023\\\/09\\\/logo-bretagne-photos-2.png\",\"url\":\"https:\\\/\\\/www.verdieditions.com\\\/bretagne-photos\\\/wp-content\\\/uploads\\\/2023\\\/09\\\/logo-bretagne-photos-2.png\",\"contentUrl\":\"https:\\\/\\\/www.verdieditions.com\\\/bretagne-photos\\\/wp-content\\\/uploads\\\/2023\\\/09\\\/logo-bretagne-photos-2.png\",\"width\":270,\"height\":63,\"caption\":\"Sylvie VERDI\"},\"logo\":{\"@id\":\"https:\\\/\\\/www.verdieditions.com\\\/bretagne-photos\\\/wp-content\\\/uploads\\\/2023\\\/09\\\/logo-bretagne-photos-2.png\"},\"sameAs\":[\"https:\\\/\\\/www.verdieditions.com\\\/bretagne-photos\"]}]}<\/script>\n<!-- \/ Yoast SEO plugin. -->","yoast_head_json":{"title":"Arriv\u00e9e de l'\u00e9v\u00eaque Mgr Boussard au port Saint-Gildas \u00e0 Houat - Bretagne Photos","description":"Arriv\u00e9e de l'\u00e9v\u00eaque Mgr Boussard au port \u00e0 Houat, communions solennelles 1968 Ile de Houat Cr\u00e9dits : Sylvie Verdi, Coll Priv\u00e9e TIF 300 dpi 1200 px x 935 px","robots":{"index":"index","follow":"follow","max-snippet":"max-snippet:-1","max-image-preview":"max-image-preview:large","max-video-preview":"max-video-preview:-1"},"canonical":"https:\/\/www.verdieditions.com\/bretagne-photos\/produit\/arrivee-eveque-boussard-port-houat\/","og_locale":"fr_FR","og_type":"article","og_title":"Arriv\u00e9e de l'\u00e9v\u00eaque Mgr Boussard au port Saint-Gildas \u00e0 Houat - Bretagne Photos","og_description":"Arriv\u00e9e de l'\u00e9v\u00eaque Mgr Boussard au port \u00e0 Houat, communions solennelles 1968 Ile de Houat Cr\u00e9dits : Sylvie Verdi, Coll Priv\u00e9e TIF 300 dpi 1200 px x 935 px","og_url":"https:\/\/www.verdieditions.com\/bretagne-photos\/produit\/arrivee-eveque-boussard-port-houat\/","og_site_name":"Bretagne Photos","article_modified_time":"2024-07-23T07:59:05+00:00","og_image":[{"width":800,"height":614,"url":"https:\/\/www.verdieditions.com\/bretagne-photos\/wp-content\/uploads\/2023\/09\/arrivee-mgr-boussard-houat-quai-port-communions-1.jpg?v=1695908583","type":"image\/jpeg"}],"twitter_card":"summary_large_image","twitter_misc":{"Dur\u00e9e de lecture estim\u00e9e":"1 minute"},"schema":{"@context":"https:\/\/schema.org","@graph":[{"@type":"WebPage","@id":"https:\/\/www.verdieditions.com\/bretagne-photos\/produit\/arrivee-eveque-boussard-port-houat\/","url":"https:\/\/www.verdieditions.com\/bretagne-photos\/produit\/arrivee-eveque-boussard-port-houat\/","name":"Arriv\u00e9e de l'\u00e9v\u00eaque Mgr Boussard au port Saint-Gildas \u00e0 Houat - Bretagne Photos","isPartOf":{"@id":"https:\/\/www.verdieditions.com\/bretagne-photos\/#website"},"primaryImageOfPage":{"@id":"https:\/\/www.verdieditions.com\/bretagne-photos\/produit\/arrivee-eveque-boussard-port-houat\/#primaryimage"},"image":{"@id":"https:\/\/www.verdieditions.com\/bretagne-photos\/produit\/arrivee-eveque-boussard-port-houat\/#primaryimage"},"thumbnailUrl":"https:\/\/www.verdieditions.com\/bretagne-photos\/wp-content\/uploads\/2023\/09\/arrivee-mgr-boussard-houat-quai-port-communions-1.jpg?v=1695908583","datePublished":"2024-02-02T09:02:15+00:00","dateModified":"2024-07-23T07:59:05+00:00","description":"Arriv\u00e9e de l'\u00e9v\u00eaque Mgr Boussard au port \u00e0 Houat, communions solennelles 1968 Ile de Houat Cr\u00e9dits : Sylvie Verdi, Coll Priv\u00e9e TIF 300 dpi 1200 px x 935 px","breadcrumb":{"@id":"https:\/\/www.verdieditions.com\/bretagne-photos\/produit\/arrivee-eveque-boussard-port-houat\/#breadcrumb"},"inLanguage":"fr-FR","potentialAction":[{"@type":"ReadAction","target":["https:\/\/www.verdieditions.com\/bretagne-photos\/produit\/arrivee-eveque-boussard-port-houat\/"]}]},{"@type":"ImageObject","inLanguage":"fr-FR","@id":"https:\/\/www.verdieditions.com\/bretagne-photos\/produit\/arrivee-eveque-boussard-port-houat\/#primaryimage","url":"https:\/\/www.verdieditions.com\/bretagne-photos\/wp-content\/uploads\/2023\/09\/arrivee-mgr-boussard-houat-quai-port-communions-1.jpg?v=1695908583","contentUrl":"https:\/\/www.verdieditions.com\/bretagne-photos\/wp-content\/uploads\/2023\/09\/arrivee-mgr-boussard-houat-quai-port-communions-1.jpg?v=1695908583","width":800,"height":614,"caption":"arrivee-mgr-boussard-houat-quai-port-communions-1"},{"@type":"BreadcrumbList","@id":"https:\/\/www.verdieditions.com\/bretagne-photos\/produit\/arrivee-eveque-boussard-port-houat\/#breadcrumb","itemListElement":[{"@type":"ListItem","position":1,"name":"Accueil","item":"https:\/\/www.verdieditions.com\/bretagne-photos\/"},{"@type":"ListItem","position":2,"name":"Boutique Photos","item":"https:\/\/www.verdieditions.com\/bretagne-photos\/shop\/"},{"@type":"ListItem","position":3,"name":"Arriv\u00e9e de l&#8217;\u00e9v\u00eaque Mgr Boussard au port Saint-Gildas \u00e0 Houat"}]},{"@type":"WebSite","@id":"https:\/\/www.verdieditions.com\/bretagne-photos\/#website","url":"https:\/\/www.verdieditions.com\/bretagne-photos\/","name":"Bretagne Photos","description":"Boutique Photos Histoire et Patrimoine de la Bretagne hier et aujourd\u2019hui","publisher":{"@id":"https:\/\/www.verdieditions.com\/bretagne-photos\/#\/schema\/person\/fc0081c9a1f479261147ba0b3d529c2c"},"potentialAction":[{"@type":"SearchAction","target":{"@type":"EntryPoint","urlTemplate":"https:\/\/www.verdieditions.com\/bretagne-photos\/?s={search_term_string}"},"query-input":{"@type":"PropertyValueSpecification","valueRequired":true,"valueName":"search_term_string"}}],"inLanguage":"fr-FR"},{"@type":["Person","Organization"],"@id":"https:\/\/www.verdieditions.com\/bretagne-photos\/#\/schema\/person\/fc0081c9a1f479261147ba0b3d529c2c","name":"Sylvie VERDI","image":{"@type":"ImageObject","inLanguage":"fr-FR","@id":"https:\/\/www.verdieditions.com\/bretagne-photos\/wp-content\/uploads\/2023\/09\/logo-bretagne-photos-2.png","url":"https:\/\/www.verdieditions.com\/bretagne-photos\/wp-content\/uploads\/2023\/09\/logo-bretagne-photos-2.png","contentUrl":"https:\/\/www.verdieditions.com\/bretagne-photos\/wp-content\/uploads\/2023\/09\/logo-bretagne-photos-2.png","width":270,"height":63,"caption":"Sylvie VERDI"},"logo":{"@id":"https:\/\/www.verdieditions.com\/bretagne-photos\/wp-content\/uploads\/2023\/09\/logo-bretagne-photos-2.png"},"sameAs":["https:\/\/www.verdieditions.com\/bretagne-photos"]}]}},"_links":{"self":[{"href":"https:\/\/www.verdieditions.com\/bretagne-photos\/wp-json\/wp\/v2\/product\/1676","targetHints":{"allow":["GET"]}}],"collection":[{"href":"https:\/\/www.verdieditions.com\/bretagne-photos\/wp-json\/wp\/v2\/product"}],"about":[{"href":"https:\/\/www.verdieditions.com\/bretagne-photos\/wp-json\/wp\/v2\/types\/product"}],"wp:featuredmedia":[{"embeddable":true,"href":"https:\/\/www.verdieditions.com\/bretagne-photos\/wp-json\/wp\/v2\/media\/1646"}],"wp:attachment":[{"href":"https:\/\/www.verdieditions.com\/bretagne-photos\/wp-json\/wp\/v2\/media?parent=1676"}],"wp:term":[{"taxonomy":"product_brand","embeddable":true,"href":"https:\/\/www.verdieditions.com\/bretagne-photos\/wp-json\/wp\/v2\/product_brand?post=1676"},{"taxonomy":"product_cat","embeddable":true,"href":"https:\/\/www.verdieditions.com\/bretagne-photos\/wp-json\/wp\/v2\/product_cat?post=1676"},{"taxonomy":"product_tag","embeddable":true,"href":"https:\/\/www.verdieditions.com\/bretagne-photos\/wp-json\/wp\/v2\/product_tag?post=1676"}],"curies":[{"name":"wp","href":"https:\/\/api.w.org\/{rel}","templated":true}]}}