{"id":3,"date":"2023-09-19T16:26:50","date_gmt":"2023-09-19T14:26:50","guid":{"rendered":"https:\/\/www.verdieditions.com\/bretagne-photos\/?page_id=3"},"modified":"2024-05-21T11:51:00","modified_gmt":"2024-05-21T09:51:00","slug":"politique-confidentialite","status":"publish","type":"page","link":"https:\/\/www.verdieditions.com\/bretagne-photos\/politique-confidentialite\/","title":{"rendered":"Politique de confidentialit\u00e9"},"content":{"rendered":"\n<h2 class=\"wp-block-heading\">Politique de confidentialit\u00e9<\/h2>\n\n\n\n<h3 class=\"wp-block-heading\">Finalit\u00e9 du traitement de vos donn\u00e9es personnelles<\/h3>\n\n\n\n<p>Nous allons recevoir ce message dans notre logiciel de messagerie s\u00e9curis\u00e9 et g\u00e9r\u00e9 par un tiers de confiance. Ce message et les correspondances qui vont suivre seront automatiquement d\u00e9truits pass\u00e9 un d\u00e9lai de 2 ans. En envoyant un message par le biais de ce formulaire, vous vous engagez \u00e0 accepter une correspondance par email relatif \u00e0 votre demande d&rsquo;origine. Vous avez \u00e0 tout moment la possibilit\u00e9 de demander la suppression de nos correspondances.<\/p>\n\n\n\n<h3 class=\"wp-block-heading\">Qui sommes-nous ?<\/h3>\n\n\n\n<p>L\u2019adresse de notre site Web est&nbsp;: <a href=\"https:\/\/www.verdieditions.com\/bretagne-photos\/\">https:\/\/www.verdieditions.com\/bretagne-photos\/<\/a>.<br>Lire les <a href=\"https:\/\/www.verdieditions.com\/bretagne-photos\/mentions-legales\/\" data-type=\"page\" data-id=\"1910\">Mentions l\u00e9gales<\/a>.<\/p>\n\n\n\n<h3 class=\"wp-block-heading\">Utilisation des donn\u00e9es personnelles collect\u00e9es<\/h3>\n\n\n\n<h4 class=\"wp-block-heading\">Commentaires<\/h4>\n\n\n\n<p>Le site ne permet pas de laisser de commentaires, ni de publier. A ce titre, aucune donn\u00e9e personnelle n&rsquo;est stock\u00e9e. Les donn\u00e9es de connexion via la Boutique sont g\u00e9r\u00e9es dans le cadre de l&rsquo;utilisation technique.<\/p>\n\n\n\n<h4 class=\"wp-block-heading\">M\u00e9dias<\/h4>\n\n\n\n<p>Hormis le mail de connexion et vos coordonn\u00e9es lors d&rsquo;un achat dans la Boutique, aucune donn\u00e9e n&rsquo;est stock\u00e9e. Le site ne comporte pas d&rsquo;utilitaire de tracking, hormis les RGPD de Google.<\/p>\n\n\n\n<h4 class=\"wp-block-heading\">Formulaires de contact<\/h4>\n\n\n\n<p>Les messages envoy\u00e9s ou re\u00e7us sont syst\u00e9matiquement d\u00e9truits 2 ans apr\u00e8s la r\u00e9ception ou l\u2019envoi.<\/p>\n\n\n\n<h4 class=\"wp-block-heading\">Cookies<\/h4>\n\n\n\n<p>Si vous avez un compte et que vous vous connectez sur ce site, un cookie temporaire sera cr\u00e9\u00e9 afin de d\u00e9terminer si votre navigateur accepte les cookies. Il ne contient pas de donn\u00e9es personnelles et sera supprim\u00e9 automatiquement \u00e0 la fermeture de votre navigateur.<br>Lorsque vous vous connecterez, votre navigateur met en place un certain nombre de cookies pour enregistrer vos informations de connexion et vos pr\u00e9f\u00e9rences d\u2019\u00e9cran. La dur\u00e9e de vie d\u2019un cookie de connexion est de deux jours, celle d\u2019un cookie d\u2019option d\u2019\u00e9cran est d\u2019un an. Si vous cochez \u00ab&nbsp;Se souvenir de moi&nbsp;\u00bb, votre cookie de connexion sera conserv\u00e9 pendant deux semaines ou plus selon les pr\u00e9f\u00e9rences de votre navigateur. Si vous vous d\u00e9connectez de votre compte, le cookie de connexion sera effac\u00e9. <a href=\"https:\/\/www.verdieditions.com\/politique-de-cookie\/\">En savoir plus sur les cookies<\/a>.<\/p>\n\n\n\n<h4 class=\"wp-block-heading\">Contenu embarqu\u00e9 depuis d\u2019autres sites<\/h4>\n\n\n\n<p>Les articles de ce site peuvent inclure des contenus int\u00e9gr\u00e9s (par exemple des vid\u00e9os, images, articles\u2026). Le contenu int\u00e9gr\u00e9 depuis d\u2019autres sites se comporte de la m\u00eame mani\u00e8re que si le visiteur se rendait sur cet autre site.<br>Ces sites web pourraient collecter des donn\u00e9es sur vous, utiliser des cookies, embarquer des outils de suivis tiers, suivre vos interactions avec ces contenus embarqu\u00e9s si vous disposez d\u2019un compte connect\u00e9 sur leur site web.<\/p>\n\n\n\n<h2 class=\"wp-block-heading\">Statistiques et mesures d\u2019audience<\/h2>\n\n\n\n<p>Ce site utilise Google Analytics, un service d\u2019analyse statistique et de meures d\u2019audience de site internet fourni par Google. Google Analytics utilise des cookies pour aider le site internet \u00e0 analyser l\u2019utilisation du site par ses utilisateurs. Google utilise cette information dans le but d\u2019\u00e9valuer l\u2019utilisation du site, de compiler des rapports sur l\u2019activit\u00e9 du site et \u00e0 l\u2019utilisation d\u2019Internet.<\/p>\n\n\n\n<p>Verdi Editions utilise Google Analytics pour obtenir des statistiques et mesures d\u2019audience, dans un souci d\u2019\u00e9valuation voire d\u2019am\u00e9lioration. Ces statistiques sont anonymis\u00e9es et ne permettent pas de tracer l\u2019activit\u00e9 individuelle des visiteurs sur le site Verdi Editions. Google est susceptible de communiquer ces donn\u00e9es \u00e0 des tiers en cas d\u2019obligation l\u00e9gale ou lorsque ces tiers traitent ces donn\u00e9es pour le compte de Google, y compris notamment l\u2019\u00e9diteur de ce site. Google ne recoupera pas votre adresse IP avec toute autre donn\u00e9e d\u00e9tenue par Google. Nous vous rappelons que vous pouvez d\u00e9sactiver l\u2019utilisation de cookies en s\u00e9lectionnant les param\u00e8tres appropri\u00e9s de votre navigateur.<\/p>\n\n\n\n<h3 class=\"wp-block-heading\">Utilisation et transmission de vos donn\u00e9es personnelles<\/h3>\n\n\n\n<h4 class=\"wp-block-heading\">Dur\u00e9es de stockage de vos donn\u00e9es<\/h4>\n\n\n\n<p>Pour les utilisateurs et utilisatrices qui s\u2019enregistrent sur notre site, nous stockons uniquement le mail et les donn\u00e9es de livraison (Boutique). Tous les utilisateurs et utilisatrices peuvent voir, modifier ou supprimer leurs informations personnelles \u00e0 tout moment (\u00e0 l\u2019exception de leur nom d&rsquo;utilisateur). Les gestionnaires du site peuvent aussi voir et modifier ces informations.<\/p>\n\n\n\n<h3 class=\"wp-block-heading\">Les droits que vous avez sur vos donn\u00e9es<\/h3>\n\n\n\n<p>Si vous avez un compte, vous pouvez demander \u00e0 recevoir un fichier contenant toutes les donn\u00e9es personnelles que nous poss\u00e9dons \u00e0 votre sujet, incluant celles que vous nous avez fournies. Vous pouvez \u00e9galement demander la suppression des donn\u00e9es personnelles vous concernant. Cela ne prend pas en compte les donn\u00e9es stock\u00e9es \u00e0 des fins administratives, l\u00e9gales ou pour des raisons de s\u00e9curit\u00e9.<\/p>\n\n\n\n<h4 class=\"wp-block-heading\">R\u00e9cup\u00e9rer vos donn\u00e9es avec ce formulaire<\/h4>\n\n\n\n<p>S\u00e9lectionner un type de demande&nbsp;:<br>Exporter mes donn\u00e9es personnelles : <a href=\"mailto:sylvie@verdieditions.com?subject=Exporter mes donn\u00e9es personnelles&amp;body=Le corps du message : Exporter mes donn\u00e9es personnelles du site www.verdieditions.com\">Contacter le webmaster : Exporter mes donn\u00e9es personnelles<\/a><br>Supprimer mes donn\u00e9es personnelles : <a href=\"mailto:sylvie@verdieditions.com?subject=Supprimer mes donn\u00e9es personnelles&amp;body=Le corps du message : Supprimer mes donn\u00e9es personnelles du site www.verdieditions.com\">Contacter le webmaster : Supprimer mes donn\u00e9es personnelles<\/a><\/p>\n\n\n\n<h3 class=\"wp-block-heading\">Transmission de vos donn\u00e9es personnelles<\/h3>\n\n\n\n<p>Le site ne permet pas de laisser de commentaires, ni de publier. Concernant vos donn\u00e9es pour la Boutique, aucune donn\u00e9e ne sera communiqu\u00e9e \u00e0 des tiers, de quelque mani\u00e8re que ce soit.<\/p>\n\n\n\n<h3 class=\"wp-block-heading\">Informations de contact<\/h3>\n\n\n\n<p>En remplissant et en envoyant les formulaires de contact, vous acceptez&nbsp;que nous utilisions les donn\u00e9es transmises pour vous proposer une offre commerciale adapt\u00e9e \u00e0 vos besoins, le cas \u00e9ch\u00e9ant. Vous pouvez exercer vos droits \u00e0 tout moment en formulant votre demande par tous les moyens mis \u00e0 votre disposition sur la page Contacts.<\/p>\n\n\n\n<h3 class=\"wp-block-heading\">Informations suppl\u00e9mentaires<\/h3>\n\n\n\n<h4 class=\"wp-block-heading\">Comment nous prot\u00e9geons vos donn\u00e9es<\/h4>\n\n\n\n<p>Hormis vos coordonn\u00e9es de livraison (donn\u00e9es comptables) et de correspondance (adresse, mail), aucune information, ni aucune donn\u00e9e sensible vous concernant n&rsquo;est stock\u00e9e sur le site.<\/p>\n\n\n\n<h4 class=\"wp-block-heading\">Proc\u00e9dures mises en \u0153uvre en cas de fuite de donn\u00e9es<\/h4>\n\n\n\n<p>Dans le cas de fuite de donn\u00e9es, vous en \u00eates inform\u00e9 dans un d\u00e9lai de 72h, afin de pouvoir prendre toutes dispositions n\u00e9cessaires.<\/p>\n\n\n\n<h4 class=\"wp-block-heading\">Les services tiers qui nous transmettent des donn\u00e9es<\/h4>\n\n\n\n<p>Aucun.<\/p>\n\n\n\n<h4 class=\"wp-block-heading\">Op\u00e9rations de marketing automatis\u00e9 et\/ou de profilage r\u00e9alis\u00e9es \u00e0 l\u2019aide des donn\u00e9es personnelles<\/h4>\n\n\n\n<p>Aucune op\u00e9ration de profilage n\u2019est r\u00e9alis\u00e9e avec les donn\u00e9es des utilisateur de ce site et aucune op\u00e9ration marketing. Seuls les utilisateurs ayant d\u00e9lib\u00e9r\u00e9ment choisi de recevoir des informations par email, comme une inscription \u00e0 une \u00e9ventuelle newsletter, recevront des communications par email de la part de Verdi Editions. De plus, tous les outils n\u00e9cessaires \u00e0 l\u2019utilisateur pour se d\u00e9sinscrire lui-m\u00eame seront propos\u00e9s de fa\u00e7on claire et facile d\u2019acc\u00e8s.<\/p>\n","protected":false},"excerpt":{"rendered":"<p>Politique de confidentialit\u00e9 Finalit\u00e9 du traitement de vos donn\u00e9es personnelles Nous allons recevoir ce message dans notre logiciel de messagerie s\u00e9curis\u00e9 et g\u00e9r\u00e9 par un tiers de confiance. Ce message et les correspondances qui vont suivre seront automatiquement d\u00e9truits pass\u00e9 un d\u00e9lai de 2 ans. En envoyant un message par le biais de ce formulaire,&#8230;<\/p>\n","protected":false},"author":1,"featured_media":1705,"parent":0,"menu_order":0,"comment_status":"closed","ping_status":"closed","template":"","meta":{"_kadence_starter_templates_imported_post":false,"_kad_post_transparent":"","_kad_post_title":"","_kad_post_layout":"","_kad_post_sidebar_id":"","_kad_post_content_style":"","_kad_post_vertical_padding":"","_kad_post_feature":"","_kad_post_feature_position":"","_kad_post_header":false,"_kad_post_footer":false,"_kad_post_classname":"","footnotes":""},"class_list":["post-3","page","type-page","status-publish","has-post-thumbnail","hentry"],"yoast_head":"<!-- This site is optimized with the Yoast SEO plugin v27.4 - https:\/\/yoast.com\/product\/yoast-seo-wordpress\/ -->\n<title>Politique de confidentialit\u00e9 - Bretagne Photos<\/title>\n<meta name=\"robots\" content=\"noindex, follow\" \/>\n<meta property=\"og:locale\" content=\"fr_FR\" \/>\n<meta property=\"og:type\" content=\"article\" \/>\n<meta property=\"og:title\" content=\"Politique de confidentialit\u00e9 - Bretagne Photos\" \/>\n<meta property=\"og:description\" content=\"Politique de confidentialit\u00e9 Finalit\u00e9 du traitement de vos donn\u00e9es personnelles Nous allons recevoir ce message dans notre logiciel de messagerie s\u00e9curis\u00e9 et g\u00e9r\u00e9 par un tiers de confiance. Ce message et les correspondances qui vont suivre seront automatiquement d\u00e9truits pass\u00e9 un d\u00e9lai de 2 ans. En envoyant un message par le biais de ce formulaire,...\" \/>\n<meta property=\"og:url\" content=\"https:\/\/www.verdieditions.com\/bretagne-photos\/politique-confidentialite\/\" \/>\n<meta property=\"og:site_name\" content=\"Bretagne Photos\" \/>\n<meta property=\"article:modified_time\" content=\"2024-05-21T09:51:00+00:00\" \/>\n<meta property=\"og:image\" content=\"https:\/\/www.verdieditions.com\/bretagne-photos\/wp-content\/uploads\/2023\/10\/slider-Peche-Houat-\u00a9Verdi0086-2.jpg\" \/>\n\t<meta property=\"og:image:width\" content=\"800\" \/>\n\t<meta property=\"og:image:height\" content=\"410\" \/>\n\t<meta property=\"og:image:type\" content=\"image\/jpeg\" \/>\n<meta name=\"twitter:card\" content=\"summary_large_image\" \/>\n<meta name=\"twitter:label1\" content=\"Dur\u00e9e de lecture estim\u00e9e\" \/>\n\t<meta name=\"twitter:data1\" content=\"6 minutes\" \/>\n<script type=\"application\/ld+json\" class=\"yoast-schema-graph\">{\"@context\":\"https:\\\/\\\/schema.org\",\"@graph\":[{\"@type\":\"WebPage\",\"@id\":\"https:\\\/\\\/www.verdieditions.com\\\/bretagne-photos\\\/politique-confidentialite\\\/\",\"url\":\"https:\\\/\\\/www.verdieditions.com\\\/bretagne-photos\\\/politique-confidentialite\\\/\",\"name\":\"Politique de confidentialit\u00e9 - Bretagne Photos\",\"isPartOf\":{\"@id\":\"https:\\\/\\\/www.verdieditions.com\\\/bretagne-photos\\\/#website\"},\"primaryImageOfPage\":{\"@id\":\"https:\\\/\\\/www.verdieditions.com\\\/bretagne-photos\\\/politique-confidentialite\\\/#primaryimage\"},\"image\":{\"@id\":\"https:\\\/\\\/www.verdieditions.com\\\/bretagne-photos\\\/politique-confidentialite\\\/#primaryimage\"},\"thumbnailUrl\":\"https:\\\/\\\/www.verdieditions.com\\\/bretagne-photos\\\/wp-content\\\/uploads\\\/2023\\\/10\\\/slider-Peche-Houat-\u00a9Verdi0086-2.jpg\",\"datePublished\":\"2023-09-19T14:26:50+00:00\",\"dateModified\":\"2024-05-21T09:51:00+00:00\",\"breadcrumb\":{\"@id\":\"https:\\\/\\\/www.verdieditions.com\\\/bretagne-photos\\\/politique-confidentialite\\\/#breadcrumb\"},\"inLanguage\":\"fr-FR\",\"potentialAction\":[{\"@type\":\"ReadAction\",\"target\":[\"https:\\\/\\\/www.verdieditions.com\\\/bretagne-photos\\\/politique-confidentialite\\\/\"]}]},{\"@type\":\"ImageObject\",\"inLanguage\":\"fr-FR\",\"@id\":\"https:\\\/\\\/www.verdieditions.com\\\/bretagne-photos\\\/politique-confidentialite\\\/#primaryimage\",\"url\":\"https:\\\/\\\/www.verdieditions.com\\\/bretagne-photos\\\/wp-content\\\/uploads\\\/2023\\\/10\\\/slider-Peche-Houat-\u00a9Verdi0086-2.jpg\",\"contentUrl\":\"https:\\\/\\\/www.verdieditions.com\\\/bretagne-photos\\\/wp-content\\\/uploads\\\/2023\\\/10\\\/slider-Peche-Houat-\u00a9Verdi0086-2.jpg\",\"width\":800,\"height\":410,\"caption\":\"Bretagne-Photos-port-bateaux-peche-houat-bienvenue\"},{\"@type\":\"BreadcrumbList\",\"@id\":\"https:\\\/\\\/www.verdieditions.com\\\/bretagne-photos\\\/politique-confidentialite\\\/#breadcrumb\",\"itemListElement\":[{\"@type\":\"ListItem\",\"position\":1,\"name\":\"Accueil\",\"item\":\"https:\\\/\\\/www.verdieditions.com\\\/bretagne-photos\\\/\"},{\"@type\":\"ListItem\",\"position\":2,\"name\":\"Politique de confidentialit\u00e9\"}]},{\"@type\":\"WebSite\",\"@id\":\"https:\\\/\\\/www.verdieditions.com\\\/bretagne-photos\\\/#website\",\"url\":\"https:\\\/\\\/www.verdieditions.com\\\/bretagne-photos\\\/\",\"name\":\"Bretagne Photos\",\"description\":\"Boutique Photos Histoire et Patrimoine de la Bretagne hier et aujourd\u2019hui\",\"publisher\":{\"@id\":\"https:\\\/\\\/www.verdieditions.com\\\/bretagne-photos\\\/#\\\/schema\\\/person\\\/fc0081c9a1f479261147ba0b3d529c2c\"},\"potentialAction\":[{\"@type\":\"SearchAction\",\"target\":{\"@type\":\"EntryPoint\",\"urlTemplate\":\"https:\\\/\\\/www.verdieditions.com\\\/bretagne-photos\\\/?s={search_term_string}\"},\"query-input\":{\"@type\":\"PropertyValueSpecification\",\"valueRequired\":true,\"valueName\":\"search_term_string\"}}],\"inLanguage\":\"fr-FR\"},{\"@type\":[\"Person\",\"Organization\"],\"@id\":\"https:\\\/\\\/www.verdieditions.com\\\/bretagne-photos\\\/#\\\/schema\\\/person\\\/fc0081c9a1f479261147ba0b3d529c2c\",\"name\":\"Sylvie VERDI\",\"image\":{\"@type\":\"ImageObject\",\"inLanguage\":\"fr-FR\",\"@id\":\"https:\\\/\\\/www.verdieditions.com\\\/bretagne-photos\\\/wp-content\\\/uploads\\\/2023\\\/09\\\/logo-bretagne-photos-2.png\",\"url\":\"https:\\\/\\\/www.verdieditions.com\\\/bretagne-photos\\\/wp-content\\\/uploads\\\/2023\\\/09\\\/logo-bretagne-photos-2.png\",\"contentUrl\":\"https:\\\/\\\/www.verdieditions.com\\\/bretagne-photos\\\/wp-content\\\/uploads\\\/2023\\\/09\\\/logo-bretagne-photos-2.png\",\"width\":270,\"height\":63,\"caption\":\"Sylvie VERDI\"},\"logo\":{\"@id\":\"https:\\\/\\\/www.verdieditions.com\\\/bretagne-photos\\\/wp-content\\\/uploads\\\/2023\\\/09\\\/logo-bretagne-photos-2.png\"},\"sameAs\":[\"https:\\\/\\\/www.verdieditions.com\\\/bretagne-photos\"]}]}<\/script>\n<!-- \/ Yoast SEO plugin. -->","yoast_head_json":{"title":"Politique de confidentialit\u00e9 - Bretagne Photos","robots":{"index":"noindex","follow":"follow"},"og_locale":"fr_FR","og_type":"article","og_title":"Politique de confidentialit\u00e9 - Bretagne Photos","og_description":"Politique de confidentialit\u00e9 Finalit\u00e9 du traitement de vos donn\u00e9es personnelles Nous allons recevoir ce message dans notre logiciel de messagerie s\u00e9curis\u00e9 et g\u00e9r\u00e9 par un tiers de confiance. Ce message et les correspondances qui vont suivre seront automatiquement d\u00e9truits pass\u00e9 un d\u00e9lai de 2 ans. En envoyant un message par le biais de ce formulaire,...","og_url":"https:\/\/www.verdieditions.com\/bretagne-photos\/politique-confidentialite\/","og_site_name":"Bretagne Photos","article_modified_time":"2024-05-21T09:51:00+00:00","og_image":[{"width":800,"height":410,"url":"https:\/\/www.verdieditions.com\/bretagne-photos\/wp-content\/uploads\/2023\/10\/slider-Peche-Houat-\u00a9Verdi0086-2.jpg","type":"image\/jpeg"}],"twitter_card":"summary_large_image","twitter_misc":{"Dur\u00e9e de lecture estim\u00e9e":"6 minutes"},"schema":{"@context":"https:\/\/schema.org","@graph":[{"@type":"WebPage","@id":"https:\/\/www.verdieditions.com\/bretagne-photos\/politique-confidentialite\/","url":"https:\/\/www.verdieditions.com\/bretagne-photos\/politique-confidentialite\/","name":"Politique de confidentialit\u00e9 - Bretagne Photos","isPartOf":{"@id":"https:\/\/www.verdieditions.com\/bretagne-photos\/#website"},"primaryImageOfPage":{"@id":"https:\/\/www.verdieditions.com\/bretagne-photos\/politique-confidentialite\/#primaryimage"},"image":{"@id":"https:\/\/www.verdieditions.com\/bretagne-photos\/politique-confidentialite\/#primaryimage"},"thumbnailUrl":"https:\/\/www.verdieditions.com\/bretagne-photos\/wp-content\/uploads\/2023\/10\/slider-Peche-Houat-\u00a9Verdi0086-2.jpg","datePublished":"2023-09-19T14:26:50+00:00","dateModified":"2024-05-21T09:51:00+00:00","breadcrumb":{"@id":"https:\/\/www.verdieditions.com\/bretagne-photos\/politique-confidentialite\/#breadcrumb"},"inLanguage":"fr-FR","potentialAction":[{"@type":"ReadAction","target":["https:\/\/www.verdieditions.com\/bretagne-photos\/politique-confidentialite\/"]}]},{"@type":"ImageObject","inLanguage":"fr-FR","@id":"https:\/\/www.verdieditions.com\/bretagne-photos\/politique-confidentialite\/#primaryimage","url":"https:\/\/www.verdieditions.com\/bretagne-photos\/wp-content\/uploads\/2023\/10\/slider-Peche-Houat-\u00a9Verdi0086-2.jpg","contentUrl":"https:\/\/www.verdieditions.com\/bretagne-photos\/wp-content\/uploads\/2023\/10\/slider-Peche-Houat-\u00a9Verdi0086-2.jpg","width":800,"height":410,"caption":"Bretagne-Photos-port-bateaux-peche-houat-bienvenue"},{"@type":"BreadcrumbList","@id":"https:\/\/www.verdieditions.com\/bretagne-photos\/politique-confidentialite\/#breadcrumb","itemListElement":[{"@type":"ListItem","position":1,"name":"Accueil","item":"https:\/\/www.verdieditions.com\/bretagne-photos\/"},{"@type":"ListItem","position":2,"name":"Politique de confidentialit\u00e9"}]},{"@type":"WebSite","@id":"https:\/\/www.verdieditions.com\/bretagne-photos\/#website","url":"https:\/\/www.verdieditions.com\/bretagne-photos\/","name":"Bretagne Photos","description":"Boutique Photos Histoire et Patrimoine de la Bretagne hier et aujourd\u2019hui","publisher":{"@id":"https:\/\/www.verdieditions.com\/bretagne-photos\/#\/schema\/person\/fc0081c9a1f479261147ba0b3d529c2c"},"potentialAction":[{"@type":"SearchAction","target":{"@type":"EntryPoint","urlTemplate":"https:\/\/www.verdieditions.com\/bretagne-photos\/?s={search_term_string}"},"query-input":{"@type":"PropertyValueSpecification","valueRequired":true,"valueName":"search_term_string"}}],"inLanguage":"fr-FR"},{"@type":["Person","Organization"],"@id":"https:\/\/www.verdieditions.com\/bretagne-photos\/#\/schema\/person\/fc0081c9a1f479261147ba0b3d529c2c","name":"Sylvie VERDI","image":{"@type":"ImageObject","inLanguage":"fr-FR","@id":"https:\/\/www.verdieditions.com\/bretagne-photos\/wp-content\/uploads\/2023\/09\/logo-bretagne-photos-2.png","url":"https:\/\/www.verdieditions.com\/bretagne-photos\/wp-content\/uploads\/2023\/09\/logo-bretagne-photos-2.png","contentUrl":"https:\/\/www.verdieditions.com\/bretagne-photos\/wp-content\/uploads\/2023\/09\/logo-bretagne-photos-2.png","width":270,"height":63,"caption":"Sylvie VERDI"},"logo":{"@id":"https:\/\/www.verdieditions.com\/bretagne-photos\/wp-content\/uploads\/2023\/09\/logo-bretagne-photos-2.png"},"sameAs":["https:\/\/www.verdieditions.com\/bretagne-photos"]}]}},"_links":{"self":[{"href":"https:\/\/www.verdieditions.com\/bretagne-photos\/wp-json\/wp\/v2\/pages\/3","targetHints":{"allow":["GET"]}}],"collection":[{"href":"https:\/\/www.verdieditions.com\/bretagne-photos\/wp-json\/wp\/v2\/pages"}],"about":[{"href":"https:\/\/www.verdieditions.com\/bretagne-photos\/wp-json\/wp\/v2\/types\/page"}],"author":[{"embeddable":true,"href":"https:\/\/www.verdieditions.com\/bretagne-photos\/wp-json\/wp\/v2\/users\/1"}],"replies":[{"embeddable":true,"href":"https:\/\/www.verdieditions.com\/bretagne-photos\/wp-json\/wp\/v2\/comments?post=3"}],"version-history":[{"count":0,"href":"https:\/\/www.verdieditions.com\/bretagne-photos\/wp-json\/wp\/v2\/pages\/3\/revisions"}],"wp:featuredmedia":[{"embeddable":true,"href":"https:\/\/www.verdieditions.com\/bretagne-photos\/wp-json\/wp\/v2\/media\/1705"}],"wp:attachment":[{"href":"https:\/\/www.verdieditions.com\/bretagne-photos\/wp-json\/wp\/v2\/media?parent=3"}],"curies":[{"name":"wp","href":"https:\/\/api.w.org\/{rel}","templated":true}]}}