{"id":2956,"date":"2024-05-19T14:25:35","date_gmt":"2024-05-19T12:25:35","guid":{"rendered":"https:\/\/www.verdieditions.com\/bretagne-photos\/?page_id=2956"},"modified":"2024-07-29T17:22:44","modified_gmt":"2024-07-29T15:22:44","slug":"index-photos","status":"publish","type":"page","link":"https:\/\/www.verdieditions.com\/bretagne-photos\/index-photos\/","title":{"rendered":"Index des Photos"},"content":{"rendered":"\n<h2 class=\"wp-block-heading\">Index des mots cl\u00e9s des Photos de la Boutique<\/h2>\n\n\n<div class=\"wsp-container\"><ul class=\"wsp-product_tags-list\">\n<li><a href=\"https:\/\/www.verdieditions.com\/bretagne-photos\/etiquette-produit\/agriculture\/\">Agriculture<\/a><\/li>\n<li><a href=\"https:\/\/www.verdieditions.com\/bretagne-photos\/etiquette-produit\/annees-1910\/\">Ann\u00e9es 1910<\/a><\/li>\n<li><a href=\"https:\/\/www.verdieditions.com\/bretagne-photos\/etiquette-produit\/annees-1920\/\">Ann\u00e9es 1920<\/a><\/li>\n<li><a href=\"https:\/\/www.verdieditions.com\/bretagne-photos\/etiquette-produit\/annees-1930\/\">Ann\u00e9es 1930<\/a><\/li>\n<li><a href=\"https:\/\/www.verdieditions.com\/bretagne-photos\/etiquette-produit\/annees-1940\/\">Ann\u00e9es 1940<\/a><\/li>\n<li><a href=\"https:\/\/www.verdieditions.com\/bretagne-photos\/etiquette-produit\/annees-1950\/\">Ann\u00e9es 1950<\/a><\/li>\n<li><a href=\"https:\/\/www.verdieditions.com\/bretagne-photos\/etiquette-produit\/annees-1960\/\">Ann\u00e9es 1960<\/a><\/li>\n<li><a href=\"https:\/\/www.verdieditions.com\/bretagne-photos\/etiquette-produit\/annees-1970\/\">Ann\u00e9es 1970<\/a><\/li>\n<li><a href=\"https:\/\/www.verdieditions.com\/bretagne-photos\/etiquette-produit\/audierne\/\">Audierne<\/a><\/li>\n<li><a href=\"https:\/\/www.verdieditions.com\/bretagne-photos\/etiquette-produit\/bagad\/\">Bagad<\/a><\/li>\n<li><a href=\"https:\/\/www.verdieditions.com\/bretagne-photos\/etiquette-produit\/bateau-de-peche\/\">Bateau de p\u00eache<\/a><\/li>\n<li><a href=\"https:\/\/www.verdieditions.com\/bretagne-photos\/etiquette-produit\/benediction\/\">B\u00e9n\u00e9diction<\/a><\/li>\n<li><a href=\"https:\/\/www.verdieditions.com\/bretagne-photos\/etiquette-produit\/brest\/\">Brest<\/a><\/li>\n<li><a href=\"https:\/\/www.verdieditions.com\/bretagne-photos\/etiquette-produit\/carnac\/\">Carnac<\/a><\/li>\n<li><a href=\"https:\/\/www.verdieditions.com\/bretagne-photos\/etiquette-produit\/chateau\/\">Ch\u00e2teau<\/a><\/li>\n<li><a href=\"https:\/\/www.verdieditions.com\/bretagne-photos\/etiquette-produit\/cherbourg\/\">Cherbourg<\/a><\/li>\n<li><a href=\"https:\/\/www.verdieditions.com\/bretagne-photos\/etiquette-produit\/coiffe\/\">Coiffe<\/a><\/li>\n<li><a href=\"https:\/\/www.verdieditions.com\/bretagne-photos\/etiquette-produit\/concarneau\/\">Concarneau<\/a><\/li>\n<li><a href=\"https:\/\/www.verdieditions.com\/bretagne-photos\/etiquette-produit\/costume-breton\/\">Costume breton<\/a><\/li>\n<li><a href=\"https:\/\/www.verdieditions.com\/bretagne-photos\/etiquette-produit\/cotes-darmor\/\">C\u00f4tes d'Armor<\/a><\/li>\n<li><a href=\"https:\/\/www.verdieditions.com\/bretagne-photos\/etiquette-produit\/dieppe\/\">Dieppe<\/a><\/li>\n<li><a href=\"https:\/\/www.verdieditions.com\/bretagne-photos\/etiquette-produit\/ecole\/\">Ecole<\/a><\/li>\n<li><a href=\"https:\/\/www.verdieditions.com\/bretagne-photos\/etiquette-produit\/enez-houad\/\">Enez-Houad<\/a><\/li>\n<li><a href=\"https:\/\/www.verdieditions.com\/bretagne-photos\/etiquette-produit\/finistere\/\">Finist\u00e8re<\/a><\/li>\n<li><a href=\"https:\/\/www.verdieditions.com\/bretagne-photos\/etiquette-produit\/football\/\">Football<\/a><\/li>\n<li><a href=\"https:\/\/www.verdieditions.com\/bretagne-photos\/etiquette-produit\/fouesnant\/\">Fouesnant<\/a><\/li>\n<li><a href=\"https:\/\/www.verdieditions.com\/bretagne-photos\/etiquette-produit\/houatais\/\">Houatais<\/a><\/li>\n<li><a href=\"https:\/\/www.verdieditions.com\/bretagne-photos\/etiquette-produit\/houat\/\">Ile de Houat<\/a><\/li>\n<li><a href=\"https:\/\/www.verdieditions.com\/bretagne-photos\/etiquette-produit\/josselin\/\">Josselin<\/a><\/li>\n<li><a href=\"https:\/\/www.verdieditions.com\/bretagne-photos\/etiquette-produit\/kermesse\/\">Kermesse<\/a><\/li>\n<li><a href=\"https:\/\/www.verdieditions.com\/bretagne-photos\/etiquette-produit\/lomener\/\">Lomener<\/a><\/li>\n<li><a href=\"https:\/\/www.verdieditions.com\/bretagne-photos\/etiquette-produit\/lorient\/\">Lorient<\/a><\/li>\n<li><a href=\"https:\/\/www.verdieditions.com\/bretagne-photos\/etiquette-produit\/lourdes\/\">Lourdes<\/a><\/li>\n<li><a href=\"https:\/\/www.verdieditions.com\/bretagne-photos\/etiquette-produit\/marin\/\">Marin<\/a><\/li>\n<li><a href=\"https:\/\/www.verdieditions.com\/bretagne-photos\/etiquette-produit\/marine-nationale\/\">Marine Nationale<\/a><\/li>\n<li><a href=\"https:\/\/www.verdieditions.com\/bretagne-photos\/etiquette-produit\/mer\/\">Mer<\/a><\/li>\n<li><a href=\"https:\/\/www.verdieditions.com\/bretagne-photos\/etiquette-produit\/morbihan\/\">Morbihan<\/a><\/li>\n<li><a href=\"https:\/\/www.verdieditions.com\/bretagne-photos\/etiquette-produit\/nature\/\">Nature<\/a><\/li>\n<li><a href=\"https:\/\/www.verdieditions.com\/bretagne-photos\/etiquette-produit\/navire-de-guerre\/\">Navire de guerre<\/a><\/li>\n<li><a href=\"https:\/\/www.verdieditions.com\/bretagne-photos\/etiquette-produit\/ouessant\/\">Ouessant<\/a><\/li>\n<li><a href=\"https:\/\/www.verdieditions.com\/bretagne-photos\/etiquette-produit\/peche\/\">P\u00eache<\/a><\/li>\n<li><a href=\"https:\/\/www.verdieditions.com\/bretagne-photos\/etiquette-produit\/pelerinage\/\">P\u00e8lerinage<\/a><\/li>\n<li><a href=\"https:\/\/www.verdieditions.com\/bretagne-photos\/etiquette-produit\/perros-guirec\/\">Perros-Guirec<\/a><\/li>\n<li><a href=\"https:\/\/www.verdieditions.com\/bretagne-photos\/etiquette-produit\/plougasnou\/\">Plougasnou<\/a><\/li>\n<li><a href=\"https:\/\/www.verdieditions.com\/bretagne-photos\/etiquette-produit\/politique\/\">Politique<\/a><\/li>\n<li><a href=\"https:\/\/www.verdieditions.com\/bretagne-photos\/etiquette-produit\/port\/\">Port<\/a><\/li>\n<li><a href=\"https:\/\/www.verdieditions.com\/bretagne-photos\/etiquette-produit\/quiberon\/\">Quiberon<\/a><\/li>\n<li><a href=\"https:\/\/www.verdieditions.com\/bretagne-photos\/etiquette-produit\/religion\/\">Religion<\/a><\/li>\n<li><a href=\"https:\/\/www.verdieditions.com\/bretagne-photos\/etiquette-produit\/saint-ave\/\">Saint-Av\u00e9<\/a><\/li>\n<li><a href=\"https:\/\/www.verdieditions.com\/bretagne-photos\/etiquette-produit\/saint-pierre-quiberon\/\">Saint-Pierre-Quiberon<\/a><\/li>\n<li><a href=\"https:\/\/www.verdieditions.com\/bretagne-photos\/etiquette-produit\/seine-maritime\/\">Seine-Maritime<\/a><\/li>\n<li><a href=\"https:\/\/www.verdieditions.com\/bretagne-photos\/etiquette-produit\/toulon\/\">Toulon<\/a><\/li>\n<li><a href=\"https:\/\/www.verdieditions.com\/bretagne-photos\/etiquette-produit\/tourisme\/\">Tourisme<\/a><\/li>\n<li><a href=\"https:\/\/www.verdieditions.com\/bretagne-photos\/etiquette-produit\/tradition\/\">Tradition<\/a><\/li>\n<li><a href=\"https:\/\/www.verdieditions.com\/bretagne-photos\/etiquette-produit\/voile\/\">Voile<\/a><\/li>\n<\/ul>\n<\/div>\n","protected":false},"excerpt":{"rendered":"<p>Index des mots cl\u00e9s des Photos de la Boutique<\/p>\n","protected":false},"author":1,"featured_media":1650,"parent":0,"menu_order":0,"comment_status":"closed","ping_status":"closed","template":"","meta":{"_kadence_starter_templates_imported_post":false,"_kad_post_transparent":"","_kad_post_title":"","_kad_post_layout":"","_kad_post_sidebar_id":"","_kad_post_content_style":"","_kad_post_vertical_padding":"","_kad_post_feature":"","_kad_post_feature_position":"","_kad_post_header":false,"_kad_post_footer":false,"_kad_post_classname":"","footnotes":""},"class_list":["post-2956","page","type-page","status-publish","has-post-thumbnail","hentry"],"yoast_head":"<!-- This site is optimized with the Yoast SEO plugin v27.4 - https:\/\/yoast.com\/product\/yoast-seo-wordpress\/ -->\n<title>Index des Photos - Boutique Bretagne Photos - Verdi \u00c9ditions<\/title>\n<meta name=\"description\" content=\"Index des mots cl\u00e9s des photos de la Boutique de Photos anciennes et r\u00e9centes de la Bretagne - Photos vintage - M\u00e9moire et patrimoine\" \/>\n<meta name=\"robots\" content=\"index, follow, max-snippet:-1, max-image-preview:large, max-video-preview:-1\" \/>\n<link rel=\"canonical\" href=\"https:\/\/www.verdieditions.com\/bretagne-photos\/index-photos\/\" \/>\n<meta property=\"og:locale\" content=\"fr_FR\" \/>\n<meta property=\"og:type\" content=\"article\" \/>\n<meta property=\"og:title\" content=\"Index des Photos - Boutique Bretagne Photos - Verdi \u00c9ditions\" \/>\n<meta property=\"og:description\" content=\"Index des mots cl\u00e9s des photos de la Boutique de Photos anciennes et r\u00e9centes de la Bretagne - Photos vintage - M\u00e9moire et patrimoine\" \/>\n<meta property=\"og:url\" content=\"https:\/\/www.verdieditions.com\/bretagne-photos\/index-photos\/\" \/>\n<meta property=\"og:site_name\" content=\"Bretagne Photos\" \/>\n<meta property=\"article:modified_time\" content=\"2024-07-29T15:22:44+00:00\" \/>\n<meta property=\"og:image\" content=\"https:\/\/www.verdieditions.com\/bretagne-photos\/wp-content\/uploads\/2023\/09\/benediction-mer-houat-retrour-bateaux-geneteaux.jpg?v=1695908749\" \/>\n\t<meta property=\"og:image:width\" content=\"800\" \/>\n\t<meta property=\"og:image:height\" content=\"532\" \/>\n\t<meta property=\"og:image:type\" content=\"image\/jpeg\" \/>\n<meta name=\"twitter:card\" content=\"summary_large_image\" \/>\n<meta name=\"twitter:label1\" content=\"Dur\u00e9e de lecture estim\u00e9e\" \/>\n\t<meta name=\"twitter:data1\" content=\"1 minute\" \/>\n<script type=\"application\/ld+json\" class=\"yoast-schema-graph\">{\"@context\":\"https:\\\/\\\/schema.org\",\"@graph\":[{\"@type\":\"WebPage\",\"@id\":\"https:\\\/\\\/www.verdieditions.com\\\/bretagne-photos\\\/index-photos\\\/\",\"url\":\"https:\\\/\\\/www.verdieditions.com\\\/bretagne-photos\\\/index-photos\\\/\",\"name\":\"Index des Photos - Boutique Bretagne Photos - Verdi \u00c9ditions\",\"isPartOf\":{\"@id\":\"https:\\\/\\\/www.verdieditions.com\\\/bretagne-photos\\\/#website\"},\"primaryImageOfPage\":{\"@id\":\"https:\\\/\\\/www.verdieditions.com\\\/bretagne-photos\\\/index-photos\\\/#primaryimage\"},\"image\":{\"@id\":\"https:\\\/\\\/www.verdieditions.com\\\/bretagne-photos\\\/index-photos\\\/#primaryimage\"},\"thumbnailUrl\":\"https:\\\/\\\/www.verdieditions.com\\\/bretagne-photos\\\/wp-content\\\/uploads\\\/2023\\\/09\\\/benediction-mer-houat-retrour-bateaux-geneteaux.jpg?v=1695908749\",\"datePublished\":\"2024-05-19T12:25:35+00:00\",\"dateModified\":\"2024-07-29T15:22:44+00:00\",\"description\":\"Index des mots cl\u00e9s des photos de la Boutique de Photos anciennes et r\u00e9centes de la Bretagne - Photos vintage - M\u00e9moire et patrimoine\",\"breadcrumb\":{\"@id\":\"https:\\\/\\\/www.verdieditions.com\\\/bretagne-photos\\\/index-photos\\\/#breadcrumb\"},\"inLanguage\":\"fr-FR\",\"potentialAction\":[{\"@type\":\"ReadAction\",\"target\":[\"https:\\\/\\\/www.verdieditions.com\\\/bretagne-photos\\\/index-photos\\\/\"]}]},{\"@type\":\"ImageObject\",\"inLanguage\":\"fr-FR\",\"@id\":\"https:\\\/\\\/www.verdieditions.com\\\/bretagne-photos\\\/index-photos\\\/#primaryimage\",\"url\":\"https:\\\/\\\/www.verdieditions.com\\\/bretagne-photos\\\/wp-content\\\/uploads\\\/2023\\\/09\\\/benediction-mer-houat-retrour-bateaux-geneteaux.jpg?v=1695908749\",\"contentUrl\":\"https:\\\/\\\/www.verdieditions.com\\\/bretagne-photos\\\/wp-content\\\/uploads\\\/2023\\\/09\\\/benediction-mer-houat-retrour-bateaux-geneteaux.jpg?v=1695908749\",\"width\":800,\"height\":532,\"caption\":\"benediction-mer-houat-retrour-bateaux-geneteaux\"},{\"@type\":\"BreadcrumbList\",\"@id\":\"https:\\\/\\\/www.verdieditions.com\\\/bretagne-photos\\\/index-photos\\\/#breadcrumb\",\"itemListElement\":[{\"@type\":\"ListItem\",\"position\":1,\"name\":\"Accueil\",\"item\":\"https:\\\/\\\/www.verdieditions.com\\\/bretagne-photos\\\/\"},{\"@type\":\"ListItem\",\"position\":2,\"name\":\"Index des Photos\"}]},{\"@type\":\"WebSite\",\"@id\":\"https:\\\/\\\/www.verdieditions.com\\\/bretagne-photos\\\/#website\",\"url\":\"https:\\\/\\\/www.verdieditions.com\\\/bretagne-photos\\\/\",\"name\":\"Bretagne Photos\",\"description\":\"Boutique Photos Histoire et Patrimoine de la Bretagne hier et aujourd\u2019hui\",\"publisher\":{\"@id\":\"https:\\\/\\\/www.verdieditions.com\\\/bretagne-photos\\\/#\\\/schema\\\/person\\\/fc0081c9a1f479261147ba0b3d529c2c\"},\"potentialAction\":[{\"@type\":\"SearchAction\",\"target\":{\"@type\":\"EntryPoint\",\"urlTemplate\":\"https:\\\/\\\/www.verdieditions.com\\\/bretagne-photos\\\/?s={search_term_string}\"},\"query-input\":{\"@type\":\"PropertyValueSpecification\",\"valueRequired\":true,\"valueName\":\"search_term_string\"}}],\"inLanguage\":\"fr-FR\"},{\"@type\":[\"Person\",\"Organization\"],\"@id\":\"https:\\\/\\\/www.verdieditions.com\\\/bretagne-photos\\\/#\\\/schema\\\/person\\\/fc0081c9a1f479261147ba0b3d529c2c\",\"name\":\"Sylvie VERDI\",\"image\":{\"@type\":\"ImageObject\",\"inLanguage\":\"fr-FR\",\"@id\":\"https:\\\/\\\/www.verdieditions.com\\\/bretagne-photos\\\/wp-content\\\/uploads\\\/2023\\\/09\\\/logo-bretagne-photos-2.png\",\"url\":\"https:\\\/\\\/www.verdieditions.com\\\/bretagne-photos\\\/wp-content\\\/uploads\\\/2023\\\/09\\\/logo-bretagne-photos-2.png\",\"contentUrl\":\"https:\\\/\\\/www.verdieditions.com\\\/bretagne-photos\\\/wp-content\\\/uploads\\\/2023\\\/09\\\/logo-bretagne-photos-2.png\",\"width\":270,\"height\":63,\"caption\":\"Sylvie VERDI\"},\"logo\":{\"@id\":\"https:\\\/\\\/www.verdieditions.com\\\/bretagne-photos\\\/wp-content\\\/uploads\\\/2023\\\/09\\\/logo-bretagne-photos-2.png\"},\"sameAs\":[\"https:\\\/\\\/www.verdieditions.com\\\/bretagne-photos\"]}]}<\/script>\n<!-- \/ Yoast SEO plugin. -->","yoast_head_json":{"title":"Index des Photos - Boutique Bretagne Photos - Verdi \u00c9ditions","description":"Index des mots cl\u00e9s des photos de la Boutique de Photos anciennes et r\u00e9centes de la Bretagne - Photos vintage - M\u00e9moire et patrimoine","robots":{"index":"index","follow":"follow","max-snippet":"max-snippet:-1","max-image-preview":"max-image-preview:large","max-video-preview":"max-video-preview:-1"},"canonical":"https:\/\/www.verdieditions.com\/bretagne-photos\/index-photos\/","og_locale":"fr_FR","og_type":"article","og_title":"Index des Photos - Boutique Bretagne Photos - Verdi \u00c9ditions","og_description":"Index des mots cl\u00e9s des photos de la Boutique de Photos anciennes et r\u00e9centes de la Bretagne - Photos vintage - M\u00e9moire et patrimoine","og_url":"https:\/\/www.verdieditions.com\/bretagne-photos\/index-photos\/","og_site_name":"Bretagne Photos","article_modified_time":"2024-07-29T15:22:44+00:00","og_image":[{"width":800,"height":532,"url":"https:\/\/www.verdieditions.com\/bretagne-photos\/wp-content\/uploads\/2023\/09\/benediction-mer-houat-retrour-bateaux-geneteaux.jpg?v=1695908749","type":"image\/jpeg"}],"twitter_card":"summary_large_image","twitter_misc":{"Dur\u00e9e de lecture estim\u00e9e":"1 minute"},"schema":{"@context":"https:\/\/schema.org","@graph":[{"@type":"WebPage","@id":"https:\/\/www.verdieditions.com\/bretagne-photos\/index-photos\/","url":"https:\/\/www.verdieditions.com\/bretagne-photos\/index-photos\/","name":"Index des Photos - Boutique Bretagne Photos - Verdi \u00c9ditions","isPartOf":{"@id":"https:\/\/www.verdieditions.com\/bretagne-photos\/#website"},"primaryImageOfPage":{"@id":"https:\/\/www.verdieditions.com\/bretagne-photos\/index-photos\/#primaryimage"},"image":{"@id":"https:\/\/www.verdieditions.com\/bretagne-photos\/index-photos\/#primaryimage"},"thumbnailUrl":"https:\/\/www.verdieditions.com\/bretagne-photos\/wp-content\/uploads\/2023\/09\/benediction-mer-houat-retrour-bateaux-geneteaux.jpg?v=1695908749","datePublished":"2024-05-19T12:25:35+00:00","dateModified":"2024-07-29T15:22:44+00:00","description":"Index des mots cl\u00e9s des photos de la Boutique de Photos anciennes et r\u00e9centes de la Bretagne - Photos vintage - M\u00e9moire et patrimoine","breadcrumb":{"@id":"https:\/\/www.verdieditions.com\/bretagne-photos\/index-photos\/#breadcrumb"},"inLanguage":"fr-FR","potentialAction":[{"@type":"ReadAction","target":["https:\/\/www.verdieditions.com\/bretagne-photos\/index-photos\/"]}]},{"@type":"ImageObject","inLanguage":"fr-FR","@id":"https:\/\/www.verdieditions.com\/bretagne-photos\/index-photos\/#primaryimage","url":"https:\/\/www.verdieditions.com\/bretagne-photos\/wp-content\/uploads\/2023\/09\/benediction-mer-houat-retrour-bateaux-geneteaux.jpg?v=1695908749","contentUrl":"https:\/\/www.verdieditions.com\/bretagne-photos\/wp-content\/uploads\/2023\/09\/benediction-mer-houat-retrour-bateaux-geneteaux.jpg?v=1695908749","width":800,"height":532,"caption":"benediction-mer-houat-retrour-bateaux-geneteaux"},{"@type":"BreadcrumbList","@id":"https:\/\/www.verdieditions.com\/bretagne-photos\/index-photos\/#breadcrumb","itemListElement":[{"@type":"ListItem","position":1,"name":"Accueil","item":"https:\/\/www.verdieditions.com\/bretagne-photos\/"},{"@type":"ListItem","position":2,"name":"Index des Photos"}]},{"@type":"WebSite","@id":"https:\/\/www.verdieditions.com\/bretagne-photos\/#website","url":"https:\/\/www.verdieditions.com\/bretagne-photos\/","name":"Bretagne Photos","description":"Boutique Photos Histoire et Patrimoine de la Bretagne hier et aujourd\u2019hui","publisher":{"@id":"https:\/\/www.verdieditions.com\/bretagne-photos\/#\/schema\/person\/fc0081c9a1f479261147ba0b3d529c2c"},"potentialAction":[{"@type":"SearchAction","target":{"@type":"EntryPoint","urlTemplate":"https:\/\/www.verdieditions.com\/bretagne-photos\/?s={search_term_string}"},"query-input":{"@type":"PropertyValueSpecification","valueRequired":true,"valueName":"search_term_string"}}],"inLanguage":"fr-FR"},{"@type":["Person","Organization"],"@id":"https:\/\/www.verdieditions.com\/bretagne-photos\/#\/schema\/person\/fc0081c9a1f479261147ba0b3d529c2c","name":"Sylvie VERDI","image":{"@type":"ImageObject","inLanguage":"fr-FR","@id":"https:\/\/www.verdieditions.com\/bretagne-photos\/wp-content\/uploads\/2023\/09\/logo-bretagne-photos-2.png","url":"https:\/\/www.verdieditions.com\/bretagne-photos\/wp-content\/uploads\/2023\/09\/logo-bretagne-photos-2.png","contentUrl":"https:\/\/www.verdieditions.com\/bretagne-photos\/wp-content\/uploads\/2023\/09\/logo-bretagne-photos-2.png","width":270,"height":63,"caption":"Sylvie VERDI"},"logo":{"@id":"https:\/\/www.verdieditions.com\/bretagne-photos\/wp-content\/uploads\/2023\/09\/logo-bretagne-photos-2.png"},"sameAs":["https:\/\/www.verdieditions.com\/bretagne-photos"]}]}},"_links":{"self":[{"href":"https:\/\/www.verdieditions.com\/bretagne-photos\/wp-json\/wp\/v2\/pages\/2956","targetHints":{"allow":["GET"]}}],"collection":[{"href":"https:\/\/www.verdieditions.com\/bretagne-photos\/wp-json\/wp\/v2\/pages"}],"about":[{"href":"https:\/\/www.verdieditions.com\/bretagne-photos\/wp-json\/wp\/v2\/types\/page"}],"author":[{"embeddable":true,"href":"https:\/\/www.verdieditions.com\/bretagne-photos\/wp-json\/wp\/v2\/users\/1"}],"replies":[{"embeddable":true,"href":"https:\/\/www.verdieditions.com\/bretagne-photos\/wp-json\/wp\/v2\/comments?post=2956"}],"version-history":[{"count":0,"href":"https:\/\/www.verdieditions.com\/bretagne-photos\/wp-json\/wp\/v2\/pages\/2956\/revisions"}],"wp:featuredmedia":[{"embeddable":true,"href":"https:\/\/www.verdieditions.com\/bretagne-photos\/wp-json\/wp\/v2\/media\/1650"}],"wp:attachment":[{"href":"https:\/\/www.verdieditions.com\/bretagne-photos\/wp-json\/wp\/v2\/media?parent=2956"}],"curies":[{"name":"wp","href":"https:\/\/api.w.org\/{rel}","templated":true}]}}