{"id":1910,"date":"2023-10-05T15:41:28","date_gmt":"2023-10-05T13:41:28","guid":{"rendered":"https:\/\/www.verdieditions.com\/bretagne-photos\/?page_id=1910"},"modified":"2024-10-02T10:51:29","modified_gmt":"2024-10-02T08:51:29","slug":"mentions-legales","status":"publish","type":"page","link":"https:\/\/www.verdieditions.com\/bretagne-photos\/mentions-legales\/","title":{"rendered":"Mentions L\u00e9gales"},"content":{"rendered":"\n<h3 class=\"wp-block-heading\">Propri\u00e9taire du site<\/h3>\n\n\n\n<p>EI Sylvie VERDI Communication<br>Adresse postale : 79 rue du Manio<br>F 56100 LORIENT<br>T\u00e9l. 33 (0)6 15 04 10 99 &#8211; 33 (0)2 97 21 62 97<br>\u00a0<\/p>\n\n\n\n<h3 class=\"wp-block-heading\">Cr\u00e9ation Publication Webmastering<\/h3>\n\n\n\n<p>Sylvie VERDI EI<br>Adresse postale : 79 rue du Manio<br>F 56100 LORIENT<br>T\u00e9l. 06 15 04 10 99<br>Fax 02 97 21 62 97<br>Mail <a href=\"mailto:sylvie@verdieditions.com\">sylvie@verdieditions.com<\/a><br>Siret 418 473 120 00024 \u2022 EI non assujettie \u00e0 la TVA.<br><a href=\"https:\/\/www.sylvieverdi-communication.fr\/\" target=\"_blank\" rel=\"noreferrer noopener\">www.sylvieverdi-communication.fr<\/a><br>\u00a0<\/p>\n\n\n\n<h3 class=\"wp-block-heading\">Charte graphique<\/h3>\n\n\n\n<p>Sylvie VERDI &#8211; WP Premium<br>&nbsp;<\/p>\n\n\n\n<h3 class=\"wp-block-heading\">H\u00e9bergement<\/h3>\n\n\n\n<p>OVH &#8211; 2 rue Kellermann &#8211; 59100 Roubaix &#8211; France<br>&nbsp;<\/p>\n\n\n\n<h3 class=\"wp-block-heading\">Propri\u00e9t\u00e9 Intellectuelle<\/h3>\n\n\n\n<p>Tous les \u00e9l\u00e9ments (textes, ic\u00f4nes, photos, mise en page, base de donn\u00e9es\u2026) contenus dans le Site et dans les sites associ\u00e9s sont prot\u00e9g\u00e9s par le droit national et international de la propri\u00e9t\u00e9 intellectuelle. Ces \u00e9l\u00e9ments restent la propri\u00e9t\u00e9 exclusive de Sylvie Verdi. A ce titre, sauf autorisation pr\u00e9alable et \u00e9crite de Sylvie Verdi, vous ne pouvez proc\u00e9der \u00e0 une quelconque vente, reproduction, repr\u00e9sentation, adaptation, traduction et\/ou transformation partielle ou int\u00e9grale, ou un transfert sur un autre site web de tout \u00e9l\u00e9ment composant le Site. Le non-respect de cette interdiction peut constituer un acte de contrefa\u00e7on engageant vos responsabilit\u00e9s civile et p\u00e9nale. Conform\u00e9ment aux dispositions du Code de la Propri\u00e9t\u00e9 Intellectuelle, seule est autoris\u00e9e l\u2019utilisation des \u00e9l\u00e9ments composant le Site \u00e0 des fins strictement personnelles.<br>&nbsp;<\/p>\n\n\n\n<h3 class=\"wp-block-heading\">Photos<\/h3>\n\n\n\n<p>Sylvie Verdi.<br>Tous droits r\u00e9serv\u00e9s, pour tous les pays.<br>&nbsp;<\/p>\n\n\n\n<h3 class=\"wp-block-heading\">Boutique<\/h3>\n\n\n\n<p>La boutique en ligne est install\u00e9e sur ce site \u00e0 des fins de demo et non pas de commerce, elle fonctionne comme un \u00ab vide-grenier \u00bb personnel avec paiement par CB 3D Secure (Visa, MasterCard et American Express) et par PayPal ou CB via PayPal. La Boutique n&rsquo;a en aucun cas la vocation de faire du profit et les gains de la boutique sont r\u00e9inject\u00e9s dans les frais de cr\u00e9ation et de gestion de ce site qui a \u00e9t\u00e9 con\u00e7u gracieusement.<br>&nbsp;<\/p>\n\n\n\n<h3 class=\"wp-block-heading\">CNIL \/ Informations personnelles<\/h3>\n\n\n\n<p>En application de la loi n\u00b078-17 du 6 janvier 1978 relative \u00e0 l&rsquo;informatique, aux fichiers et aux libert\u00e9s, vous disposez des droits d&rsquo;opposition (art. 26 de la Loi), d&rsquo;acc\u00e8s (art. 34 \u00e0 38 de la Loi) et de rectification (art. 36 de la Loi) des donn\u00e9es vous concernant.<br>&nbsp;<br>Tous droits r\u00e9serv\u00e9s, pour tous les pays.<\/p>\n","protected":false},"excerpt":{"rendered":"<p>Propri\u00e9taire du site EI Sylvie VERDI CommunicationAdresse postale : 79 rue du ManioF 56100 LORIENTT\u00e9l. 33 (0)6 15 04 10 99 &#8211; 33 (0)2 97 21 62 97\u00a0 Cr\u00e9ation Publication Webmastering Sylvie VERDI EIAdresse postale : 79 rue du ManioF 56100 LORIENTT\u00e9l. 06 15 04 10 99Fax 02 97 21 62 97Mail sylvie@verdieditions.comSiret 418 473&#8230;<\/p>\n","protected":false},"author":1,"featured_media":1705,"parent":0,"menu_order":0,"comment_status":"closed","ping_status":"closed","template":"","meta":{"_kadence_starter_templates_imported_post":false,"_kad_post_transparent":"","_kad_post_title":"","_kad_post_layout":"","_kad_post_sidebar_id":"","_kad_post_content_style":"","_kad_post_vertical_padding":"","_kad_post_feature":"","_kad_post_feature_position":"","_kad_post_header":false,"_kad_post_footer":false,"_kad_post_classname":"","footnotes":""},"class_list":["post-1910","page","type-page","status-publish","has-post-thumbnail","hentry"],"yoast_head":"<!-- This site is optimized with the Yoast SEO plugin v27.4 - https:\/\/yoast.com\/product\/yoast-seo-wordpress\/ -->\n<title>Mentions L\u00e9gales - Bretagne Photos<\/title>\n<meta name=\"robots\" content=\"noindex, follow\" \/>\n<meta property=\"og:locale\" content=\"fr_FR\" \/>\n<meta property=\"og:type\" content=\"article\" \/>\n<meta property=\"og:title\" content=\"Mentions L\u00e9gales - Bretagne Photos\" \/>\n<meta property=\"og:description\" content=\"Propri\u00e9taire du site EI Sylvie VERDI CommunicationAdresse postale : 79 rue du ManioF 56100 LORIENTT\u00e9l. 33 (0)6 15 04 10 99 &#8211; 33 (0)2 97 21 62 97\u00a0 Cr\u00e9ation Publication Webmastering Sylvie VERDI EIAdresse postale : 79 rue du ManioF 56100 LORIENTT\u00e9l. 06 15 04 10 99Fax 02 97 21 62 97Mail sylvie@verdieditions.comSiret 418 473...\" \/>\n<meta property=\"og:url\" content=\"https:\/\/www.verdieditions.com\/bretagne-photos\/mentions-legales\/\" \/>\n<meta property=\"og:site_name\" content=\"Bretagne Photos\" \/>\n<meta property=\"article:modified_time\" content=\"2024-10-02T08:51:29+00:00\" \/>\n<meta property=\"og:image\" content=\"https:\/\/www.verdieditions.com\/bretagne-photos\/wp-content\/uploads\/2023\/10\/slider-Peche-Houat-\u00a9Verdi0086-2.jpg\" \/>\n\t<meta property=\"og:image:width\" content=\"800\" \/>\n\t<meta property=\"og:image:height\" content=\"410\" \/>\n\t<meta property=\"og:image:type\" content=\"image\/jpeg\" \/>\n<meta name=\"twitter:card\" content=\"summary_large_image\" \/>\n<meta name=\"twitter:label1\" content=\"Dur\u00e9e de lecture estim\u00e9e\" \/>\n\t<meta name=\"twitter:data1\" content=\"3 minutes\" \/>\n<script type=\"application\/ld+json\" class=\"yoast-schema-graph\">{\"@context\":\"https:\\\/\\\/schema.org\",\"@graph\":[{\"@type\":\"WebPage\",\"@id\":\"https:\\\/\\\/www.verdieditions.com\\\/bretagne-photos\\\/mentions-legales\\\/\",\"url\":\"https:\\\/\\\/www.verdieditions.com\\\/bretagne-photos\\\/mentions-legales\\\/\",\"name\":\"Mentions L\u00e9gales - Bretagne Photos\",\"isPartOf\":{\"@id\":\"https:\\\/\\\/www.verdieditions.com\\\/bretagne-photos\\\/#website\"},\"primaryImageOfPage\":{\"@id\":\"https:\\\/\\\/www.verdieditions.com\\\/bretagne-photos\\\/mentions-legales\\\/#primaryimage\"},\"image\":{\"@id\":\"https:\\\/\\\/www.verdieditions.com\\\/bretagne-photos\\\/mentions-legales\\\/#primaryimage\"},\"thumbnailUrl\":\"https:\\\/\\\/www.verdieditions.com\\\/bretagne-photos\\\/wp-content\\\/uploads\\\/2023\\\/10\\\/slider-Peche-Houat-\u00a9Verdi0086-2.jpg\",\"datePublished\":\"2023-10-05T13:41:28+00:00\",\"dateModified\":\"2024-10-02T08:51:29+00:00\",\"breadcrumb\":{\"@id\":\"https:\\\/\\\/www.verdieditions.com\\\/bretagne-photos\\\/mentions-legales\\\/#breadcrumb\"},\"inLanguage\":\"fr-FR\",\"potentialAction\":[{\"@type\":\"ReadAction\",\"target\":[\"https:\\\/\\\/www.verdieditions.com\\\/bretagne-photos\\\/mentions-legales\\\/\"]}]},{\"@type\":\"ImageObject\",\"inLanguage\":\"fr-FR\",\"@id\":\"https:\\\/\\\/www.verdieditions.com\\\/bretagne-photos\\\/mentions-legales\\\/#primaryimage\",\"url\":\"https:\\\/\\\/www.verdieditions.com\\\/bretagne-photos\\\/wp-content\\\/uploads\\\/2023\\\/10\\\/slider-Peche-Houat-\u00a9Verdi0086-2.jpg\",\"contentUrl\":\"https:\\\/\\\/www.verdieditions.com\\\/bretagne-photos\\\/wp-content\\\/uploads\\\/2023\\\/10\\\/slider-Peche-Houat-\u00a9Verdi0086-2.jpg\",\"width\":800,\"height\":410,\"caption\":\"Bretagne-Photos-port-bateaux-peche-houat-bienvenue\"},{\"@type\":\"BreadcrumbList\",\"@id\":\"https:\\\/\\\/www.verdieditions.com\\\/bretagne-photos\\\/mentions-legales\\\/#breadcrumb\",\"itemListElement\":[{\"@type\":\"ListItem\",\"position\":1,\"name\":\"Accueil\",\"item\":\"https:\\\/\\\/www.verdieditions.com\\\/bretagne-photos\\\/\"},{\"@type\":\"ListItem\",\"position\":2,\"name\":\"Mentions L\u00e9gales\"}]},{\"@type\":\"WebSite\",\"@id\":\"https:\\\/\\\/www.verdieditions.com\\\/bretagne-photos\\\/#website\",\"url\":\"https:\\\/\\\/www.verdieditions.com\\\/bretagne-photos\\\/\",\"name\":\"Bretagne Photos\",\"description\":\"Boutique Photos Histoire et Patrimoine de la Bretagne hier et aujourd\u2019hui\",\"publisher\":{\"@id\":\"https:\\\/\\\/www.verdieditions.com\\\/bretagne-photos\\\/#\\\/schema\\\/person\\\/fc0081c9a1f479261147ba0b3d529c2c\"},\"potentialAction\":[{\"@type\":\"SearchAction\",\"target\":{\"@type\":\"EntryPoint\",\"urlTemplate\":\"https:\\\/\\\/www.verdieditions.com\\\/bretagne-photos\\\/?s={search_term_string}\"},\"query-input\":{\"@type\":\"PropertyValueSpecification\",\"valueRequired\":true,\"valueName\":\"search_term_string\"}}],\"inLanguage\":\"fr-FR\"},{\"@type\":[\"Person\",\"Organization\"],\"@id\":\"https:\\\/\\\/www.verdieditions.com\\\/bretagne-photos\\\/#\\\/schema\\\/person\\\/fc0081c9a1f479261147ba0b3d529c2c\",\"name\":\"Sylvie VERDI\",\"image\":{\"@type\":\"ImageObject\",\"inLanguage\":\"fr-FR\",\"@id\":\"https:\\\/\\\/www.verdieditions.com\\\/bretagne-photos\\\/wp-content\\\/uploads\\\/2023\\\/09\\\/logo-bretagne-photos-2.png\",\"url\":\"https:\\\/\\\/www.verdieditions.com\\\/bretagne-photos\\\/wp-content\\\/uploads\\\/2023\\\/09\\\/logo-bretagne-photos-2.png\",\"contentUrl\":\"https:\\\/\\\/www.verdieditions.com\\\/bretagne-photos\\\/wp-content\\\/uploads\\\/2023\\\/09\\\/logo-bretagne-photos-2.png\",\"width\":270,\"height\":63,\"caption\":\"Sylvie VERDI\"},\"logo\":{\"@id\":\"https:\\\/\\\/www.verdieditions.com\\\/bretagne-photos\\\/wp-content\\\/uploads\\\/2023\\\/09\\\/logo-bretagne-photos-2.png\"},\"sameAs\":[\"https:\\\/\\\/www.verdieditions.com\\\/bretagne-photos\"]}]}<\/script>\n<!-- \/ Yoast SEO plugin. -->","yoast_head_json":{"title":"Mentions L\u00e9gales - Bretagne Photos","robots":{"index":"noindex","follow":"follow"},"og_locale":"fr_FR","og_type":"article","og_title":"Mentions L\u00e9gales - Bretagne Photos","og_description":"Propri\u00e9taire du site EI Sylvie VERDI CommunicationAdresse postale : 79 rue du ManioF 56100 LORIENTT\u00e9l. 33 (0)6 15 04 10 99 &#8211; 33 (0)2 97 21 62 97\u00a0 Cr\u00e9ation Publication Webmastering Sylvie VERDI EIAdresse postale : 79 rue du ManioF 56100 LORIENTT\u00e9l. 06 15 04 10 99Fax 02 97 21 62 97Mail sylvie@verdieditions.comSiret 418 473...","og_url":"https:\/\/www.verdieditions.com\/bretagne-photos\/mentions-legales\/","og_site_name":"Bretagne Photos","article_modified_time":"2024-10-02T08:51:29+00:00","og_image":[{"width":800,"height":410,"url":"https:\/\/www.verdieditions.com\/bretagne-photos\/wp-content\/uploads\/2023\/10\/slider-Peche-Houat-\u00a9Verdi0086-2.jpg","type":"image\/jpeg"}],"twitter_card":"summary_large_image","twitter_misc":{"Dur\u00e9e de lecture estim\u00e9e":"3 minutes"},"schema":{"@context":"https:\/\/schema.org","@graph":[{"@type":"WebPage","@id":"https:\/\/www.verdieditions.com\/bretagne-photos\/mentions-legales\/","url":"https:\/\/www.verdieditions.com\/bretagne-photos\/mentions-legales\/","name":"Mentions L\u00e9gales - Bretagne Photos","isPartOf":{"@id":"https:\/\/www.verdieditions.com\/bretagne-photos\/#website"},"primaryImageOfPage":{"@id":"https:\/\/www.verdieditions.com\/bretagne-photos\/mentions-legales\/#primaryimage"},"image":{"@id":"https:\/\/www.verdieditions.com\/bretagne-photos\/mentions-legales\/#primaryimage"},"thumbnailUrl":"https:\/\/www.verdieditions.com\/bretagne-photos\/wp-content\/uploads\/2023\/10\/slider-Peche-Houat-\u00a9Verdi0086-2.jpg","datePublished":"2023-10-05T13:41:28+00:00","dateModified":"2024-10-02T08:51:29+00:00","breadcrumb":{"@id":"https:\/\/www.verdieditions.com\/bretagne-photos\/mentions-legales\/#breadcrumb"},"inLanguage":"fr-FR","potentialAction":[{"@type":"ReadAction","target":["https:\/\/www.verdieditions.com\/bretagne-photos\/mentions-legales\/"]}]},{"@type":"ImageObject","inLanguage":"fr-FR","@id":"https:\/\/www.verdieditions.com\/bretagne-photos\/mentions-legales\/#primaryimage","url":"https:\/\/www.verdieditions.com\/bretagne-photos\/wp-content\/uploads\/2023\/10\/slider-Peche-Houat-\u00a9Verdi0086-2.jpg","contentUrl":"https:\/\/www.verdieditions.com\/bretagne-photos\/wp-content\/uploads\/2023\/10\/slider-Peche-Houat-\u00a9Verdi0086-2.jpg","width":800,"height":410,"caption":"Bretagne-Photos-port-bateaux-peche-houat-bienvenue"},{"@type":"BreadcrumbList","@id":"https:\/\/www.verdieditions.com\/bretagne-photos\/mentions-legales\/#breadcrumb","itemListElement":[{"@type":"ListItem","position":1,"name":"Accueil","item":"https:\/\/www.verdieditions.com\/bretagne-photos\/"},{"@type":"ListItem","position":2,"name":"Mentions L\u00e9gales"}]},{"@type":"WebSite","@id":"https:\/\/www.verdieditions.com\/bretagne-photos\/#website","url":"https:\/\/www.verdieditions.com\/bretagne-photos\/","name":"Bretagne Photos","description":"Boutique Photos Histoire et Patrimoine de la Bretagne hier et aujourd\u2019hui","publisher":{"@id":"https:\/\/www.verdieditions.com\/bretagne-photos\/#\/schema\/person\/fc0081c9a1f479261147ba0b3d529c2c"},"potentialAction":[{"@type":"SearchAction","target":{"@type":"EntryPoint","urlTemplate":"https:\/\/www.verdieditions.com\/bretagne-photos\/?s={search_term_string}"},"query-input":{"@type":"PropertyValueSpecification","valueRequired":true,"valueName":"search_term_string"}}],"inLanguage":"fr-FR"},{"@type":["Person","Organization"],"@id":"https:\/\/www.verdieditions.com\/bretagne-photos\/#\/schema\/person\/fc0081c9a1f479261147ba0b3d529c2c","name":"Sylvie VERDI","image":{"@type":"ImageObject","inLanguage":"fr-FR","@id":"https:\/\/www.verdieditions.com\/bretagne-photos\/wp-content\/uploads\/2023\/09\/logo-bretagne-photos-2.png","url":"https:\/\/www.verdieditions.com\/bretagne-photos\/wp-content\/uploads\/2023\/09\/logo-bretagne-photos-2.png","contentUrl":"https:\/\/www.verdieditions.com\/bretagne-photos\/wp-content\/uploads\/2023\/09\/logo-bretagne-photos-2.png","width":270,"height":63,"caption":"Sylvie VERDI"},"logo":{"@id":"https:\/\/www.verdieditions.com\/bretagne-photos\/wp-content\/uploads\/2023\/09\/logo-bretagne-photos-2.png"},"sameAs":["https:\/\/www.verdieditions.com\/bretagne-photos"]}]}},"_links":{"self":[{"href":"https:\/\/www.verdieditions.com\/bretagne-photos\/wp-json\/wp\/v2\/pages\/1910","targetHints":{"allow":["GET"]}}],"collection":[{"href":"https:\/\/www.verdieditions.com\/bretagne-photos\/wp-json\/wp\/v2\/pages"}],"about":[{"href":"https:\/\/www.verdieditions.com\/bretagne-photos\/wp-json\/wp\/v2\/types\/page"}],"author":[{"embeddable":true,"href":"https:\/\/www.verdieditions.com\/bretagne-photos\/wp-json\/wp\/v2\/users\/1"}],"replies":[{"embeddable":true,"href":"https:\/\/www.verdieditions.com\/bretagne-photos\/wp-json\/wp\/v2\/comments?post=1910"}],"version-history":[{"count":1,"href":"https:\/\/www.verdieditions.com\/bretagne-photos\/wp-json\/wp\/v2\/pages\/1910\/revisions"}],"predecessor-version":[{"id":3325,"href":"https:\/\/www.verdieditions.com\/bretagne-photos\/wp-json\/wp\/v2\/pages\/1910\/revisions\/3325"}],"wp:featuredmedia":[{"embeddable":true,"href":"https:\/\/www.verdieditions.com\/bretagne-photos\/wp-json\/wp\/v2\/media\/1705"}],"wp:attachment":[{"href":"https:\/\/www.verdieditions.com\/bretagne-photos\/wp-json\/wp\/v2\/media?parent=1910"}],"curies":[{"name":"wp","href":"https:\/\/api.w.org\/{rel}","templated":true}]}}