{"id":1900,"date":"2023-10-05T15:22:37","date_gmt":"2023-10-05T13:22:37","guid":{"rendered":"https:\/\/www.verdieditions.com\/bretagne-photos\/?page_id=1900"},"modified":"2024-05-20T15:09:36","modified_gmt":"2024-05-20T13:09:36","slug":"cgv-conditions-generales-vente","status":"publish","type":"page","link":"https:\/\/www.verdieditions.com\/bretagne-photos\/cgv-conditions-generales-vente\/","title":{"rendered":"CGV \u2022 Conditions G\u00e9n\u00e9rales de Vente"},"content":{"rendered":"\n<h2 class=\"wp-block-heading\" style=\"text-transform:none\">Conditions G\u00e9n\u00e9rales de Vente applicables<\/h2>\n\n\n\n<h3 class=\"wp-block-heading\" style=\"text-transform:none\">Qui sommes-nous&nbsp;?<\/h3>\n\n\n\n<p>Les pr\u00e9sentes CGV sont applicables dans le cadre de l&rsquo;achat de photos num\u00e9riques et de Services d&rsquo;Imagerie sur le site <a href=\"https:\/\/www.verdieditions.com\/bretagne-photos\">https:\/\/www.verdieditions.com\/bretagne-photos<\/a>. Les pr\u00e9sentes CGV sont applicables pour les photos payantes et gratuites.<\/p>\n\n\n\n<h2 class=\"wp-block-heading\" style=\"text-transform:none\">Achat de Photos<\/h2>\n\n\n\n<h3 class=\"wp-block-heading\" style=\"text-transform:none\">Commande de Photos<\/h3>\n\n\n\n<p>La Boutique Bretagne Photo propose \u00e0 la vente ou gratuitement le t\u00e9l\u00e9chargement de photos num\u00e9riques. Elle ne propose pas \u00e0 la vente de version papier des photos pr\u00e9sent\u00e9es. La r\u00e9solution de la photo est celle indiqu\u00e9e sur la fiche produit. La taille de la photo est la taille du fichier en px. La taille est sensiblement conforme et peut varier selon les syst\u00e8mes. Le Client a la possibilit\u00e9 de demander, via le formulaire, un devis pour acheter une ou plusieurs photos de format, de taille diff\u00e9rente et de r\u00e9solution diff\u00e9rente que celle propos\u00e9e sur la fiche produit.<\/p>\n\n\n\n<h3 class=\"wp-block-heading\" style=\"text-transform:none\">Paiement de la Commande<\/h3>\n\n\n\n<p>Pour commander sur le site, il est n\u00e9cessaire de cr\u00e9er un compte. Le paiement s&rsquo;effectue \u00e0 la commande via CB 3D Secure (Visa, Mastercard, American Express) et PayPal ou CB via PayPal. L&rsquo;acceptation des pr\u00e9sentes CGV est obligatoire lors de la commande.<\/p>\n\n\n\n<h3 class=\"wp-block-heading\" style=\"text-transform:none\">T\u00e9l\u00e9chargements des Photos achet\u00e9es<\/h3>\n\n\n\n<p>Le t\u00e9l\u00e9chargement de la ou des photos achet\u00e9es est actif d\u00e8s validation du paiement sur le tableau de bord du compte du Client ou via le lien dans le mail de confirmation d&rsquo;achat. Le t\u00e9l\u00e9chargement est autoris\u00e9 1x et est valable pour 1 jour. Il appartient au Client de rechercher le fichier t\u00e9l\u00e9charg\u00e9 dans son ordinateur. Le nom du fichier achet\u00e9 est identique au SKU (identifiant de stock) sur la fiche produit et est pr\u00e9cis\u00e9 sur le bon de commande re\u00e7u par mail.<\/p>\n\n\n\n<h3 class=\"wp-block-heading\" style=\"text-transform:none\">Droit de R\u00e9tractation<\/h3>\n\n\n\n<p>La livraison de la commande \u00e9tant effectu\u00e9e par t\u00e9l\u00e9chargement num\u00e9rique d\u00e8s validation du paiement, le Droit et le d\u00e9lai de r\u00e9tractation ne peuvent \u00eatre appliqu\u00e9s. <\/p>\n\n\n\n<h3 class=\"wp-block-heading\">Remboursement<\/h3>\n\n\n\n<p>La livraison de la commande via t\u00e9l\u00e9chargement \u00e9tant effectu\u00e9e d\u00e8s validation du paiement, la commande ne permet aucun droit \u00e0 remboursement. Les scans de photos anciennes pr\u00e9sentent des imperfections et ne peuvent \u00eatre sujets \u00e0 une demande de remboursement.<\/p>\n\n\n\n<h2 class=\"wp-block-heading\" style=\"text-transform:none\">L\u00e9gislation et Licences des photos<\/h2>\n\n\n\n<p><strong>Les photos sont disponibles \u00e0 la vente en version num\u00e9rique sur le site Bretagne Photos dans le cadre strict l\u00e9gal de l&rsquo;Usage priv\u00e9<\/strong>. Cette condition est accept\u00e9e lors de la validation de commande.<br>Pour utiliser ces photos \u00e0 des fins commerciales, il est possible d&rsquo;acqu\u00e9rir une licence commerciale adapt\u00e9e aux besoins particuliers du Client : Pr\u00e9sentations \/ Bulletins d\u2019informations, Site Web, Magazines et Livres, Campagne Marketing\u2026.<br>Pour une demande sp\u00e9cifique, le Client a la possibilit\u00e9 d&rsquo;utiliser le formulaire dans l&rsquo;onglet \u00ab Demande de Licence \u00bb sur la fiche de la photo concern\u00e9e dans la Boutique en sp\u00e9cifiant le Nom de la photo concern\u00e9e ou son identifiant SKU. La licence pour une utilisation commerciale sera propos\u00e9e au Client sur devis.<\/p>\n\n\n\n<h2 class=\"wp-block-heading\">Information : L\u00e9gislation et Licences<\/h2>\n\n\n\n<h3 class=\"wp-block-heading\">Propri\u00e9t\u00e9 Intellectuelle<\/h3>\n\n\n\n<p>Tous les \u00e9l\u00e9ments (textes, ic\u00f4nes, photos, mise en page, base de donn\u00e9es\u2026) contenus dans le Site et dans les sites associ\u00e9s sont prot\u00e9g\u00e9s par le droit national et international de la propri\u00e9t\u00e9 intellectuelle. Ces \u00e9l\u00e9ments restent la propri\u00e9t\u00e9 exclusive de Sylvie Verdi. A ce titre, sauf autorisation pr\u00e9alable et \u00e9crite de Sylvie Verdi, vous ne pouvez proc\u00e9der \u00e0 une quelconque vente, reproduction, repr\u00e9sentation, adaptation, traduction et\/ou transformation partielle ou int\u00e9grale, ou un transfert sur un autre site web de tout \u00e9l\u00e9ment composant le Site. Le non-respect de cette interdiction peut constituer un acte de contrefa\u00e7on engageant vos responsabilit\u00e9s civile et p\u00e9nale. Conform\u00e9ment aux dispositions du Code de la Propri\u00e9t\u00e9 Intellectuelle, seule est autoris\u00e9e l\u2019utilisation des \u00e9l\u00e9ments composant le Site \u00e0 des fins strictement personnelles.<\/p>\n\n\n\n<h3 class=\"wp-block-heading\">Droits exclusifs de l\u2019Auteur<\/h3>\n\n\n\n<h4 class=\"wp-block-heading\">Droit de reproduction : Non autoris\u00e9<\/h4>\n\n\n\n<p>Permet d\u2019autoriser ou d\u2019interdire la fixation mat\u00e9rielle de tout ou partie d\u2019une \u0153uvre, quel qu\u2019en soit le support, donnant lieu \u00e0 sa communication au public de mani\u00e8re indirecte (livre, journal, carte postale, etc.). Ce droit permet de contr\u00f4ler l\u2019usage et la destination d\u2019une \u0153uvre, ainsi que ses \u00e9ventuelles reproductions illicites.<\/p>\n\n\n\n<h4 class=\"wp-block-heading\">Droit de repr\u00e9sentation ou de communication au public : Non autoris\u00e9<\/h4>\n\n\n\n<p>Donne \u00e0 l\u2019auteur ou l\u2019autrice la capacit\u00e9 d\u2019autoriser ou non la communication d\u2019une \u0153uvre au public, de mani\u00e8re directe (exposition, pr\u00e9sentation au public, etc.) ou indirecte (diffusion diff\u00e9r\u00e9e, internet, etc.). Concernant la photographie, ce droit s\u2019applique pour l\u2019image et non pour chaque \u00e9dition d\u2019un m\u00eame tirage.<\/p>\n\n\n\n<h3 class=\"wp-block-heading\">Les Licences<\/h3>\n\n\n\n<p><strong>Les photos sont disponibles \u00e0 la vente strictement dans le cadre l\u00e9gal de l\u2019usage personnel priv\u00e9<\/strong>. Pour certaines photos, il est possible d\u2019acqu\u00e9rir une licence commerciale adapt\u00e9e \u00e0 votre besoin et d\u2019utiliser ces photos en dehors de l\u2019usage personnel priv\u00e9. Le Client a la possibilit\u00e9 de faire sa demande via le formulaire \u00ab Demande de Licence Commerciale \u00bb de la fiche produit en sp\u00e9cifaint le Nom de la photo et\/ou le SKU de la photo concern\u00e9e.<\/p>\n\n\n\n<h4 class=\"wp-block-heading\">Licence pour un Usage Personnel Priv\u00e9<\/h4>\n\n\n\n<p>Pour&nbsp;<strong>usage personnel priv\u00e9<\/strong>, pour impressions, cartes et cadeaux ou r\u00e9f\u00e9rence aux artistes. Usage non commercial uniquement. Non destin\u00e9 \u00e0 la revente.<\/p>\n\n\n\n<h4 class=\"wp-block-heading\">Licence pour Pr\u00e9sentations ou Bulletins d\u2019Information<\/h4>\n\n\n\n<p>Pour usage dans une&nbsp;<strong>Pr\u00e9sentation<\/strong>&nbsp;\/&nbsp;<strong>Discours<\/strong>&nbsp;(Powerpoint et Keynote, par exemple) ou dans un&nbsp;<strong>Bulletin d\u2019Information<\/strong>.<br><a href=\"https:\/\/www.verdieditions.com\/bretagne-photos\/contact\/\">Nous consulter pour tarif.<\/a><\/p>\n\n\n\n<h4 class=\"wp-block-heading\">Licence pour un Site Web<\/h4>\n\n\n\n<p>Pour usage sur un&nbsp;<strong>Site Internet unique<\/strong>, une&nbsp;<strong>Application<\/strong>, un&nbsp;<strong>Blog<\/strong>, ou sur les&nbsp;<strong>R\u00e9seaux Sociaux<\/strong>&nbsp;(exclut la publicit\u00e9), monde.<br><a href=\"https:\/\/www.verdieditions.com\/bretagne-photos\/contact\/\">Nous consulter pour tarif.<\/a><\/p>\n\n\n\n<h4 class=\"wp-block-heading\">Licence pour des Magazines et\/ou Livres<\/h4>\n\n\n\n<p>Pour usage dans un seul&nbsp;<strong>Livre<\/strong>&nbsp;ou&nbsp;<strong>Magazine<\/strong>&nbsp;(imprim\u00e9 et\/ou num\u00e9rique), placement int\u00e9rieur, tirage \u00e0 2 500 exemplaires maximum, monde (exclut la publicit\u00e9).<br><a href=\"https:\/\/www.verdieditions.com\/bretagne-photos\/contact\/\">Nous consulter pour tarif.<\/a><\/p>\n\n\n\n<h4 class=\"wp-block-heading\">Licence pour une Campagne Marketing<\/h4>\n\n\n\n<p>Utilisation pour une seule&nbsp;<strong>Campagne Marketing<\/strong>, internationale (publicit\u00e9 exclue). Un forfait est con\u00e7u pour une Campagne Marketing promotionnelle d\u2019une entreprise.<br><a href=\"https:\/\/www.verdieditions.com\/bretagne-photos\/contact\/\">Nous consulter pour tarif.<\/a><\/p>\n\n\n\n<h3 class=\"wp-block-heading\">Autorisations<\/h3>\n\n\n\n<p>Les photos vendues par Bretagne Photos le sont avec l&rsquo;autorisation du propri\u00e9taire et dans des conditions conclues. <\/p>\n\n\n\n<h3 class=\"wp-block-heading\">Dons de photos<\/h3>\n\n\n\n<p>Les photos faisant l&rsquo;objet de Dons sont propos\u00e9es \u00e0 la vente ou mises \u00e0 disposition gratuitement, avec le plein accord du donneur sans que ce dernier ne puisse faire valoir son droit \u00e0 r\u00e9mun\u00e9ration totale ou partielle de la part de la Boutique. <\/p>\n\n\n\n<h2 class=\"wp-block-heading\" style=\"text-transform:none\">Besoin d&rsquo;aide?<\/h2>\n\n\n\n<p><a href=\"https:\/\/www.verdieditions.com\/bretagne-photos\/contact\/\" data-type=\"page\" data-id=\"29\">Contactez<\/a> Bretagne Photos pour toute question.<\/p>\n","protected":false},"excerpt":{"rendered":"<p>Conditions G\u00e9n\u00e9rales de Vente applicables Qui sommes-nous&nbsp;? Les pr\u00e9sentes CGV sont applicables dans le cadre de l&rsquo;achat de photos num\u00e9riques et de Services d&rsquo;Imagerie sur le site https:\/\/www.verdieditions.com\/bretagne-photos. Les pr\u00e9sentes CGV sont applicables pour les photos payantes et gratuites. Achat de Photos Commande de Photos La Boutique Bretagne Photo propose \u00e0 la vente ou gratuitement&#8230;<\/p>\n","protected":false},"author":1,"featured_media":0,"parent":0,"menu_order":0,"comment_status":"closed","ping_status":"closed","template":"","meta":{"_kadence_starter_templates_imported_post":false,"_kad_post_transparent":"","_kad_post_title":"","_kad_post_layout":"","_kad_post_sidebar_id":"","_kad_post_content_style":"","_kad_post_vertical_padding":"","_kad_post_feature":"","_kad_post_feature_position":"","_kad_post_header":false,"_kad_post_footer":false,"_kad_post_classname":"","footnotes":""},"class_list":["post-1900","page","type-page","status-publish","hentry"],"yoast_head":"<!-- This site is optimized with the Yoast SEO plugin v27.4 - https:\/\/yoast.com\/product\/yoast-seo-wordpress\/ -->\n<title>CGV \u2022 Conditions G\u00e9n\u00e9rales de Vente - Bretagne Photos<\/title>\n<meta name=\"robots\" content=\"noindex, follow\" \/>\n<meta property=\"og:locale\" content=\"fr_FR\" \/>\n<meta property=\"og:type\" content=\"article\" \/>\n<meta property=\"og:title\" content=\"CGV \u2022 Conditions G\u00e9n\u00e9rales de Vente - Bretagne Photos\" \/>\n<meta property=\"og:description\" content=\"Conditions G\u00e9n\u00e9rales de Vente applicables Qui sommes-nous&nbsp;? Les pr\u00e9sentes CGV sont applicables dans le cadre de l&rsquo;achat de photos num\u00e9riques et de Services d&rsquo;Imagerie sur le site https:\/\/www.verdieditions.com\/bretagne-photos. Les pr\u00e9sentes CGV sont applicables pour les photos payantes et gratuites. Achat de Photos Commande de Photos La Boutique Bretagne Photo propose \u00e0 la vente ou gratuitement...\" \/>\n<meta property=\"og:url\" content=\"https:\/\/www.verdieditions.com\/bretagne-photos\/cgv-conditions-generales-vente\/\" \/>\n<meta property=\"og:site_name\" content=\"Bretagne Photos\" \/>\n<meta property=\"article:modified_time\" content=\"2024-05-20T13:09:36+00:00\" \/>\n<meta property=\"og:image\" content=\"https:\/\/www.verdieditions.com\/bretagne-photos\/wp-content\/uploads\/2023\/10\/slider-Peche-Houat-\u00a9Verdi0086-2.jpg\" \/>\n\t<meta property=\"og:image:width\" content=\"800\" \/>\n\t<meta property=\"og:image:height\" content=\"410\" \/>\n\t<meta property=\"og:image:type\" content=\"image\/jpeg\" \/>\n<meta name=\"twitter:card\" content=\"summary_large_image\" \/>\n<meta name=\"twitter:label1\" content=\"Dur\u00e9e de lecture estim\u00e9e\" \/>\n\t<meta name=\"twitter:data1\" content=\"6 minutes\" \/>\n<script type=\"application\/ld+json\" class=\"yoast-schema-graph\">{\"@context\":\"https:\\\/\\\/schema.org\",\"@graph\":[{\"@type\":\"WebPage\",\"@id\":\"https:\\\/\\\/www.verdieditions.com\\\/bretagne-photos\\\/cgv-conditions-generales-vente\\\/\",\"url\":\"https:\\\/\\\/www.verdieditions.com\\\/bretagne-photos\\\/cgv-conditions-generales-vente\\\/\",\"name\":\"CGV \u2022 Conditions G\u00e9n\u00e9rales de Vente - Bretagne Photos\",\"isPartOf\":{\"@id\":\"https:\\\/\\\/www.verdieditions.com\\\/bretagne-photos\\\/#website\"},\"datePublished\":\"2023-10-05T13:22:37+00:00\",\"dateModified\":\"2024-05-20T13:09:36+00:00\",\"breadcrumb\":{\"@id\":\"https:\\\/\\\/www.verdieditions.com\\\/bretagne-photos\\\/cgv-conditions-generales-vente\\\/#breadcrumb\"},\"inLanguage\":\"fr-FR\",\"potentialAction\":[{\"@type\":\"ReadAction\",\"target\":[\"https:\\\/\\\/www.verdieditions.com\\\/bretagne-photos\\\/cgv-conditions-generales-vente\\\/\"]}]},{\"@type\":\"BreadcrumbList\",\"@id\":\"https:\\\/\\\/www.verdieditions.com\\\/bretagne-photos\\\/cgv-conditions-generales-vente\\\/#breadcrumb\",\"itemListElement\":[{\"@type\":\"ListItem\",\"position\":1,\"name\":\"Accueil\",\"item\":\"https:\\\/\\\/www.verdieditions.com\\\/bretagne-photos\\\/\"},{\"@type\":\"ListItem\",\"position\":2,\"name\":\"CGV \u2022 Conditions G\u00e9n\u00e9rales de Vente\"}]},{\"@type\":\"WebSite\",\"@id\":\"https:\\\/\\\/www.verdieditions.com\\\/bretagne-photos\\\/#website\",\"url\":\"https:\\\/\\\/www.verdieditions.com\\\/bretagne-photos\\\/\",\"name\":\"Bretagne Photos\",\"description\":\"Boutique Photos Histoire et Patrimoine de la Bretagne hier et aujourd\u2019hui\",\"publisher\":{\"@id\":\"https:\\\/\\\/www.verdieditions.com\\\/bretagne-photos\\\/#\\\/schema\\\/person\\\/fc0081c9a1f479261147ba0b3d529c2c\"},\"potentialAction\":[{\"@type\":\"SearchAction\",\"target\":{\"@type\":\"EntryPoint\",\"urlTemplate\":\"https:\\\/\\\/www.verdieditions.com\\\/bretagne-photos\\\/?s={search_term_string}\"},\"query-input\":{\"@type\":\"PropertyValueSpecification\",\"valueRequired\":true,\"valueName\":\"search_term_string\"}}],\"inLanguage\":\"fr-FR\"},{\"@type\":[\"Person\",\"Organization\"],\"@id\":\"https:\\\/\\\/www.verdieditions.com\\\/bretagne-photos\\\/#\\\/schema\\\/person\\\/fc0081c9a1f479261147ba0b3d529c2c\",\"name\":\"Sylvie VERDI\",\"image\":{\"@type\":\"ImageObject\",\"inLanguage\":\"fr-FR\",\"@id\":\"https:\\\/\\\/www.verdieditions.com\\\/bretagne-photos\\\/wp-content\\\/uploads\\\/2023\\\/09\\\/logo-bretagne-photos-2.png\",\"url\":\"https:\\\/\\\/www.verdieditions.com\\\/bretagne-photos\\\/wp-content\\\/uploads\\\/2023\\\/09\\\/logo-bretagne-photos-2.png\",\"contentUrl\":\"https:\\\/\\\/www.verdieditions.com\\\/bretagne-photos\\\/wp-content\\\/uploads\\\/2023\\\/09\\\/logo-bretagne-photos-2.png\",\"width\":270,\"height\":63,\"caption\":\"Sylvie VERDI\"},\"logo\":{\"@id\":\"https:\\\/\\\/www.verdieditions.com\\\/bretagne-photos\\\/wp-content\\\/uploads\\\/2023\\\/09\\\/logo-bretagne-photos-2.png\"},\"sameAs\":[\"https:\\\/\\\/www.verdieditions.com\\\/bretagne-photos\"]}]}<\/script>\n<!-- \/ Yoast SEO plugin. -->","yoast_head_json":{"title":"CGV \u2022 Conditions G\u00e9n\u00e9rales de Vente - Bretagne Photos","robots":{"index":"noindex","follow":"follow"},"og_locale":"fr_FR","og_type":"article","og_title":"CGV \u2022 Conditions G\u00e9n\u00e9rales de Vente - Bretagne Photos","og_description":"Conditions G\u00e9n\u00e9rales de Vente applicables Qui sommes-nous&nbsp;? Les pr\u00e9sentes CGV sont applicables dans le cadre de l&rsquo;achat de photos num\u00e9riques et de Services d&rsquo;Imagerie sur le site https:\/\/www.verdieditions.com\/bretagne-photos. Les pr\u00e9sentes CGV sont applicables pour les photos payantes et gratuites. Achat de Photos Commande de Photos La Boutique Bretagne Photo propose \u00e0 la vente ou gratuitement...","og_url":"https:\/\/www.verdieditions.com\/bretagne-photos\/cgv-conditions-generales-vente\/","og_site_name":"Bretagne Photos","article_modified_time":"2024-05-20T13:09:36+00:00","og_image":[{"width":800,"height":410,"url":"https:\/\/www.verdieditions.com\/bretagne-photos\/wp-content\/uploads\/2023\/10\/slider-Peche-Houat-\u00a9Verdi0086-2.jpg","type":"image\/jpeg"}],"twitter_card":"summary_large_image","twitter_misc":{"Dur\u00e9e de lecture estim\u00e9e":"6 minutes"},"schema":{"@context":"https:\/\/schema.org","@graph":[{"@type":"WebPage","@id":"https:\/\/www.verdieditions.com\/bretagne-photos\/cgv-conditions-generales-vente\/","url":"https:\/\/www.verdieditions.com\/bretagne-photos\/cgv-conditions-generales-vente\/","name":"CGV \u2022 Conditions G\u00e9n\u00e9rales de Vente - Bretagne Photos","isPartOf":{"@id":"https:\/\/www.verdieditions.com\/bretagne-photos\/#website"},"datePublished":"2023-10-05T13:22:37+00:00","dateModified":"2024-05-20T13:09:36+00:00","breadcrumb":{"@id":"https:\/\/www.verdieditions.com\/bretagne-photos\/cgv-conditions-generales-vente\/#breadcrumb"},"inLanguage":"fr-FR","potentialAction":[{"@type":"ReadAction","target":["https:\/\/www.verdieditions.com\/bretagne-photos\/cgv-conditions-generales-vente\/"]}]},{"@type":"BreadcrumbList","@id":"https:\/\/www.verdieditions.com\/bretagne-photos\/cgv-conditions-generales-vente\/#breadcrumb","itemListElement":[{"@type":"ListItem","position":1,"name":"Accueil","item":"https:\/\/www.verdieditions.com\/bretagne-photos\/"},{"@type":"ListItem","position":2,"name":"CGV \u2022 Conditions G\u00e9n\u00e9rales de Vente"}]},{"@type":"WebSite","@id":"https:\/\/www.verdieditions.com\/bretagne-photos\/#website","url":"https:\/\/www.verdieditions.com\/bretagne-photos\/","name":"Bretagne Photos","description":"Boutique Photos Histoire et Patrimoine de la Bretagne hier et aujourd\u2019hui","publisher":{"@id":"https:\/\/www.verdieditions.com\/bretagne-photos\/#\/schema\/person\/fc0081c9a1f479261147ba0b3d529c2c"},"potentialAction":[{"@type":"SearchAction","target":{"@type":"EntryPoint","urlTemplate":"https:\/\/www.verdieditions.com\/bretagne-photos\/?s={search_term_string}"},"query-input":{"@type":"PropertyValueSpecification","valueRequired":true,"valueName":"search_term_string"}}],"inLanguage":"fr-FR"},{"@type":["Person","Organization"],"@id":"https:\/\/www.verdieditions.com\/bretagne-photos\/#\/schema\/person\/fc0081c9a1f479261147ba0b3d529c2c","name":"Sylvie VERDI","image":{"@type":"ImageObject","inLanguage":"fr-FR","@id":"https:\/\/www.verdieditions.com\/bretagne-photos\/wp-content\/uploads\/2023\/09\/logo-bretagne-photos-2.png","url":"https:\/\/www.verdieditions.com\/bretagne-photos\/wp-content\/uploads\/2023\/09\/logo-bretagne-photos-2.png","contentUrl":"https:\/\/www.verdieditions.com\/bretagne-photos\/wp-content\/uploads\/2023\/09\/logo-bretagne-photos-2.png","width":270,"height":63,"caption":"Sylvie VERDI"},"logo":{"@id":"https:\/\/www.verdieditions.com\/bretagne-photos\/wp-content\/uploads\/2023\/09\/logo-bretagne-photos-2.png"},"sameAs":["https:\/\/www.verdieditions.com\/bretagne-photos"]}]}},"_links":{"self":[{"href":"https:\/\/www.verdieditions.com\/bretagne-photos\/wp-json\/wp\/v2\/pages\/1900","targetHints":{"allow":["GET"]}}],"collection":[{"href":"https:\/\/www.verdieditions.com\/bretagne-photos\/wp-json\/wp\/v2\/pages"}],"about":[{"href":"https:\/\/www.verdieditions.com\/bretagne-photos\/wp-json\/wp\/v2\/types\/page"}],"author":[{"embeddable":true,"href":"https:\/\/www.verdieditions.com\/bretagne-photos\/wp-json\/wp\/v2\/users\/1"}],"replies":[{"embeddable":true,"href":"https:\/\/www.verdieditions.com\/bretagne-photos\/wp-json\/wp\/v2\/comments?post=1900"}],"version-history":[{"count":0,"href":"https:\/\/www.verdieditions.com\/bretagne-photos\/wp-json\/wp\/v2\/pages\/1900\/revisions"}],"wp:attachment":[{"href":"https:\/\/www.verdieditions.com\/bretagne-photos\/wp-json\/wp\/v2\/media?parent=1900"}],"curies":[{"name":"wp","href":"https:\/\/api.w.org\/{rel}","templated":true}]}}